{"id":760512,"date":"2025-08-28T09:08:06","date_gmt":"2025-08-28T06:08:06","guid":{"rendered":"https:\/\/roveyayinevi.com.tr\/index.php\/urun\/bir-aile-trajedisi\/"},"modified":"2026-04-16T03:13:27","modified_gmt":"2026-04-16T00:13:27","slug":"bir-aile-trajedisi","status":"publish","type":"product","link":"https:\/\/roveyayinevi.com.tr\/index.php\/urun\/bir-aile-trajedisi\/","title":{"rendered":"Bir Aile Trajedisi"},"content":{"rendered":"<p>E\u015finin \u00f6l\u00fcm\u00fcnden sonra k\u00fc\u00e7\u00fck k\u0131z\u0131yla yaln\u0131z ba\u015f\u0131na kalan Bill, mali durumunun dibe vurmas\u0131yla zor d\u00f6nemler ge\u00e7irmektedir. \u0130stismarc\u0131 annesinin g\u00f6lgesinde kurtulmak isteyen Karla, yeni ve ba\u015far\u0131l\u0131 bir hayata ad\u0131m atmak i\u00e7in \u00f6nemli kararlar al\u0131r. Otuz ya\u015f krizinde olan Jennica ise uzun zamand\u0131r hayal k\u0131r\u0131kl\u0131\u011f\u0131 ya\u015fad\u0131\u011f\u0131 a\u015fk hayat\u0131nda bir \u015feyleri de\u011fi\u015ftirmenin zaman\u0131n\u0131n geldi\u011fini d\u00fc\u015f\u00fcnmektedir.   Bill, Karla ve Jennica\u2019y\u0131 birbirine ba\u011flayan bir \u00e7ifte cinayet, \u015f\u00fcphelerin oda\u011f\u0131n\u0131 bu \u00fc\u00e7 gence \u00e7evirir.   Bir Aile Trajedisi etkileyici bir kay\u0131p, zor bir \u00e7ocukluk ve a\u015fk \u00f6zleminin yan\u0131 s\u0131ra d\u00fcrt\u00fcsel eylemlerin ve talihsiz ttesad\u00fcflerin de \u00f6yk\u00fcs\u00fcd\u00fcr. &#8220;Edvardsson\u2019\u0131n kahramanlar\u0131n\u0131n psikolojik tasvirleri e\u015fsiz. Karakterlerin \u00e7aresizli\u011finden do\u011fan, yaratt\u0131\u011f\u0131 ve su\u00e7la doru\u011fa ula\u015fan atmosfer, kendinizi kitaptan koparman\u0131za izin vermeyecek.&#8221; \u2013 PRO Dergisi<\/p>\n","protected":false},"excerpt":{"rendered":"<p>E\u015finin \u00f6l\u00fcm\u00fcnden sonra k\u00fc\u00e7\u00fck k\u0131z\u0131yla yaln\u0131z ba\u015f\u0131na kalan Bill, mali durumunun dibe vurmas\u0131yla zor d\u00f6nemler ge\u00e7irmektedir. \u0130stismarc\u0131 annesinin g\u00f6lgesinde kurtulmak isteyen Karla, yeni ve ba\u015far\u0131l\u0131 bir<span class=\"excerpt-hellip\"> [\u2026]<\/span><\/p>\n","protected":false},"featured_media":0,"template":"","meta":{"_monsterinsights_skip_tracking":false,"_monsterinsights_sitenote_active":false,"_monsterinsights_sitenote_note":"","_monsterinsights_sitenote_category":0},"product_brand":[],"product_cat":[12291,17033],"product_tag":[],"class_list":{"0":"post-760512","1":"product","2":"type-product","3":"status-publish","5":"product_cat-edebiyat","6":"product_cat-korku-gerilim","7":"pa_cilt-ciltsiz","8":"pa_tur-kitap","9":"pa_yayinevi-marti-yayinlari","10":"pa_yazar-m-t-edvardsson","12":"first","13":"instock","14":"sale","15":"shipping-taxable","16":"purchasable","17":"product-type-simple"},"_links":{"self":[{"href":"https:\/\/roveyayinevi.com.tr\/index.php\/wp-json\/wp\/v2\/product\/760512","targetHints":{"allow":["GET"]}}],"collection":[{"href":"https:\/\/roveyayinevi.com.tr\/index.php\/wp-json\/wp\/v2\/product"}],"about":[{"href":"https:\/\/roveyayinevi.com.tr\/index.php\/wp-json\/wp\/v2\/types\/product"}],"wp:attachment":[{"href":"https:\/\/roveyayinevi.com.tr\/index.php\/wp-json\/wp\/v2\/media?parent=760512"}],"wp:term":[{"taxonomy":"product_brand","embeddable":true,"href":"https:\/\/roveyayinevi.com.tr\/index.php\/wp-json\/wp\/v2\/product_brand?post=760512"},{"taxonomy":"product_cat","embeddable":true,"href":"https:\/\/roveyayinevi.com.tr\/index.php\/wp-json\/wp\/v2\/product_cat?post=760512"},{"taxonomy":"product_tag","embeddable":true,"href":"https:\/\/roveyayinevi.com.tr\/index.php\/wp-json\/wp\/v2\/product_tag?post=760512"}],"curies":[{"name":"wp","href":"https:\/\/api.w.org\/{rel}","templated":true}]}}