{"id":760506,"date":"2025-08-28T09:07:55","date_gmt":"2025-08-28T06:07:55","guid":{"rendered":"https:\/\/roveyayinevi.com.tr\/index.php\/urun\/felatun-bey-ve-rakim-efendi-gunumuz-turkcesiyle\/"},"modified":"2026-04-16T03:13:27","modified_gmt":"2026-04-16T00:13:27","slug":"felatun-bey-ve-rakim-efendi-gunumuz-turkcesiyle","status":"publish","type":"product","link":"https:\/\/roveyayinevi.com.tr\/index.php\/urun\/felatun-bey-ve-rakim-efendi-gunumuz-turkcesiyle\/","title":{"rendered":"Felatun Bey ve Rak\u0131m Efendi (G\u00fcn\u00fcm\u00fcz T\u00fcrk\u00e7esiyle)"},"content":{"rendered":"<p>Felatun Bey\u2019in k\u0131yafetini sorarsan\u0131z tarif etmekten \u00e2ciz oldu\u011fumuzu bildiririz. \u015eu kadar diyelim ki hani ya Beyo\u011flu\u2019nda elbiseci ve terzi d\u00fckk\u00e2nlar\u0131nda modalar\u0131 g\u00f6stermek i\u00e7in mukavvalar \u00fczerinde bir\u00e7ok resimler vard\u0131r ya? \u0130\u015fte bunlardan birka\u00e7 y\u00fcz tanesi Felatun Bey\u2019de mevcut olup elinde resim, boy aynas\u0131n\u0131n kar\u015f\u0131s\u0131na ge\u00e7er ve kendisini resme benzetinceye kadar mutlaka \u00e7al\u0131\u015f\u0131rd\u0131. Bundan dolay\u0131 kendisini iki g\u00fcn bir k\u0131yafette g\u00f6ren olmazd\u0131 ki, \u201cFelatun Bey\u2019in k\u0131yafeti \u015fudur,\u201d demek m\u00fcmk\u00fcn olsun.    \u201cAhmet Mithat\u2019\u0131n Felatun ve Rak\u0131m\u2019la somutla\u015ft\u0131rd\u0131\u011f\u0131 ikili yap\u0131 fikri, sonraki d\u00f6nemlerde ba\u015fka yazarlar\u0131n da tezlerini okura aktar\u0131rken kullanaca\u011f\u0131 bir form\u00fcle d\u00f6n\u00fc\u015f\u00fcr. \u015e\u0131psevdi\u2019nin Meftun\u2019u, Araba Sevdas\u0131\u2019n\u0131n Bihruz\u2019u, \u015e\u0131k\u2019\u0131n \u015e\u00f6hret\u2019i gibi erken \u00f6rneklerin yan\u0131 s\u0131ra, Cumhuriyet d\u00f6neminde de Peyami Safa, Yakup Kadri, Halide Edib gibi \u00f6nde gelen ve etkili yazarlar\u0131n romanlar\u0131nda Felatun\u2019dan izler ta\u015f\u0131yan karakterler yaratt\u0131klar\u0131n\u0131 g\u00f6r\u00fcr\u00fcz.\u201d   Erkan Irmak    \u0130lk kez 1875\u2019te okurla bulu\u015fan ve modern edebiyat\u0131m\u0131z\u0131n g\u00fczerg\u00e2h\u0131n\u0131 \u00e7izen temel metinlerden biri olan Felatun Bey ile Rak\u0131m Efendi\u2019yi, yazar\u0131n \u00fcslubuna dokunmadan, g\u00fcn\u00fcm\u00fcz T\u00fcrk\u00e7esine uyarlanm\u0131\u015f olarak yay\u0131ml\u0131yoruz. <\/p>\n","protected":false},"excerpt":{"rendered":"<p>Felatun Bey\u2019in k\u0131yafetini sorarsan\u0131z tarif etmekten \u00e2ciz oldu\u011fumuzu bildiririz. \u015eu kadar diyelim ki hani ya Beyo\u011flu\u2019nda elbiseci ve terzi d\u00fckk\u00e2nlar\u0131nda modalar\u0131 g\u00f6stermek i\u00e7in mukavvalar \u00fczerinde bir\u00e7ok<span class=\"excerpt-hellip\"> [\u2026]<\/span><\/p>\n","protected":false},"featured_media":0,"template":"","meta":{"_monsterinsights_skip_tracking":false,"_monsterinsights_sitenote_active":false,"_monsterinsights_sitenote_note":"","_monsterinsights_sitenote_category":0},"product_brand":[],"product_cat":[12291,12711],"product_tag":[],"class_list":{"0":"post-760506","1":"product","2":"type-product","3":"status-publish","5":"product_cat-edebiyat","6":"product_cat-roman-oyku","7":"pa_cilt-ciltsiz","8":"pa_tur-kitap","9":"pa_yayinevi-can-yayinlari","10":"pa_yazar-ahmet-mithat-efendi","12":"first","13":"instock","14":"sale","15":"shipping-taxable","16":"purchasable","17":"product-type-simple"},"_links":{"self":[{"href":"https:\/\/roveyayinevi.com.tr\/index.php\/wp-json\/wp\/v2\/product\/760506","targetHints":{"allow":["GET"]}}],"collection":[{"href":"https:\/\/roveyayinevi.com.tr\/index.php\/wp-json\/wp\/v2\/product"}],"about":[{"href":"https:\/\/roveyayinevi.com.tr\/index.php\/wp-json\/wp\/v2\/types\/product"}],"wp:attachment":[{"href":"https:\/\/roveyayinevi.com.tr\/index.php\/wp-json\/wp\/v2\/media?parent=760506"}],"wp:term":[{"taxonomy":"product_brand","embeddable":true,"href":"https:\/\/roveyayinevi.com.tr\/index.php\/wp-json\/wp\/v2\/product_brand?post=760506"},{"taxonomy":"product_cat","embeddable":true,"href":"https:\/\/roveyayinevi.com.tr\/index.php\/wp-json\/wp\/v2\/product_cat?post=760506"},{"taxonomy":"product_tag","embeddable":true,"href":"https:\/\/roveyayinevi.com.tr\/index.php\/wp-json\/wp\/v2\/product_tag?post=760506"}],"curies":[{"name":"wp","href":"https:\/\/api.w.org\/{rel}","templated":true}]}}