{"id":760505,"date":"2025-08-28T09:07:52","date_gmt":"2025-08-28T06:07:52","guid":{"rendered":"https:\/\/roveyayinevi.com.tr\/index.php\/urun\/dogum-lekesi\/"},"modified":"2026-04-16T03:13:27","modified_gmt":"2026-04-16T00:13:27","slug":"dogum-lekesi","status":"publish","type":"product","link":"https:\/\/roveyayinevi.com.tr\/index.php\/urun\/dogum-lekesi\/","title":{"rendered":"Do\u011fum Lekesi"},"content":{"rendered":"<p>Derin ve rahats\u0131z edici psikolojik temalar\u0131yla \u00fcnl\u00fc, karanl\u0131k romantizmin ustalar\u0131ndan Nathaniel Hawthorne\u2019un farkl\u0131 y\u0131llarda yay\u0131mlanm\u0131\u015f en tekinsiz \u00f6yk\u00fclerinden \u201cGen\u00e7 Beyefendi Brown\u201d, \u201cDr. Heidegger\u2019in Deneyi\u201d, \u201cDo\u011fum Lekesi\u201d, \u201cRoger Malvin\u2019in Cenazesi\u201d, \u201cG\u00fczelli\u011fin Sanat\u00e7\u0131s\u0131\u201d ve \u201cAkrabam Binba\u015f\u0131 Molineux\u201d bu derlemede bir araya geliyor.   Tuhaf gece yar\u0131s\u0131 ayinleri, \u00e7\u0131lg\u0131n biliminsanlar\u0131, saplant\u0131l\u0131 sanat\u00e7\u0131lar, i\u00e7 kemiren karanl\u0131k s\u0131rlar ve bir o kadar \u00fcrpertici tema ve karakterler, Hawthorne\u2019un c\u00fcretk\u00e2r psikolojik g\u00f6zlemleriyle, tekinsiz oldu\u011fu kadar heyecan verici bir okuma deneyimi sunuyor. <\/p>\n","protected":false},"excerpt":{"rendered":"<p>Derin ve rahats\u0131z edici psikolojik temalar\u0131yla \u00fcnl\u00fc, karanl\u0131k romantizmin ustalar\u0131ndan Nathaniel Hawthorne\u2019un farkl\u0131 y\u0131llarda yay\u0131mlanm\u0131\u015f en tekinsiz \u00f6yk\u00fclerinden \u201cGen\u00e7 Beyefendi Brown\u201d, \u201cDr. Heidegger\u2019in Deneyi\u201d, \u201cDo\u011fum Lekesi\u201d,<span class=\"excerpt-hellip\"> [\u2026]<\/span><\/p>\n","protected":false},"featured_media":0,"template":"","meta":{"_monsterinsights_skip_tracking":false,"_monsterinsights_sitenote_active":false,"_monsterinsights_sitenote_note":"","_monsterinsights_sitenote_category":0},"product_brand":[],"product_cat":[12291,13872],"product_tag":[],"class_list":{"0":"post-760505","1":"product","2":"type-product","3":"status-publish","5":"product_cat-edebiyat","6":"product_cat-klasikler","7":"pa_cilt-ciltsiz","8":"pa_tur-kitap","9":"pa_yayinevi-can-yayinlari","10":"pa_yazar-nathaniel-hawthorne","12":"first","13":"instock","14":"sale","15":"shipping-taxable","16":"purchasable","17":"product-type-simple"},"_links":{"self":[{"href":"https:\/\/roveyayinevi.com.tr\/index.php\/wp-json\/wp\/v2\/product\/760505","targetHints":{"allow":["GET"]}}],"collection":[{"href":"https:\/\/roveyayinevi.com.tr\/index.php\/wp-json\/wp\/v2\/product"}],"about":[{"href":"https:\/\/roveyayinevi.com.tr\/index.php\/wp-json\/wp\/v2\/types\/product"}],"wp:attachment":[{"href":"https:\/\/roveyayinevi.com.tr\/index.php\/wp-json\/wp\/v2\/media?parent=760505"}],"wp:term":[{"taxonomy":"product_brand","embeddable":true,"href":"https:\/\/roveyayinevi.com.tr\/index.php\/wp-json\/wp\/v2\/product_brand?post=760505"},{"taxonomy":"product_cat","embeddable":true,"href":"https:\/\/roveyayinevi.com.tr\/index.php\/wp-json\/wp\/v2\/product_cat?post=760505"},{"taxonomy":"product_tag","embeddable":true,"href":"https:\/\/roveyayinevi.com.tr\/index.php\/wp-json\/wp\/v2\/product_tag?post=760505"}],"curies":[{"name":"wp","href":"https:\/\/api.w.org\/{rel}","templated":true}]}}