{"id":760503,"date":"2025-08-28T09:07:49","date_gmt":"2025-08-28T06:07:49","guid":{"rendered":"https:\/\/roveyayinevi.com.tr\/index.php\/urun\/gulmenin-cevheri-uzerine\/"},"modified":"2026-04-16T03:13:27","modified_gmt":"2026-04-16T00:13:27","slug":"gulmenin-cevheri-uzerine","status":"publish","type":"product","link":"https:\/\/roveyayinevi.com.tr\/index.php\/urun\/gulmenin-cevheri-uzerine\/","title":{"rendered":"G\u00fclmenin Cevheri \u00dczerine"},"content":{"rendered":"<p>Ya\u015fam\u0131n\u0131n hastal\u0131klar ve yoksullukla ba\u015fa \u00e7\u0131kmaya \u00e7al\u0131\u015ft\u0131\u011f\u0131 zorlu y\u0131llar\u0131nda yazd\u0131\u011f\u0131 bu felsefi metinde Baudelaire, mutluluk g\u00f6stergesi olarak de\u011ferlendirilen g\u00fclme tepkisini bamba\u015fka bir a\u00e7\u0131dan, insan\u0131n \u015feytani yan\u0131n\u0131 a\u00e7\u0131k eden bir g\u00f6zlemcilikle ele al\u0131r.   Bir g\u00fclme teorisi ya da bir komedi felsefesi olarak da tan\u0131mlayabilece\u011fimiz denemede Baudelaire, \u00e7arp\u0131c\u0131 ancak tan\u0131d\u0131k bir \u00f6rnekle g\u00fclmeyi masum bir kahkahadan \u015feytani bir k\u0131k\u0131rt\u0131ya d\u00f6n\u00fc\u015ft\u00fcr\u00fcr. T\u00f6kezleyip d\u00fc\u015fen bir adam sokakta bir grup insan\u0131 kahkahalara bo\u011far. Bu kahkahalar insana dair ne s\u00f6yler? Tanr\u0131, hayvanlar ve bitkiler g\u00fclmezken, g\u00fclen tek varl\u0131k insan\u0131n g\u00fcl\u00fcmsemesinin ard\u0131nda bin bir t\u00fcrl\u00fc duygu gizlidir; bunlar\u0131n do\u011fas\u0131ysa her zaman bir g\u00fcl\u00fcc\u00fck kadar masum olmayabilir. <\/p>\n","protected":false},"excerpt":{"rendered":"<p>Ya\u015fam\u0131n\u0131n hastal\u0131klar ve yoksullukla ba\u015fa \u00e7\u0131kmaya \u00e7al\u0131\u015ft\u0131\u011f\u0131 zorlu y\u0131llar\u0131nda yazd\u0131\u011f\u0131 bu felsefi metinde Baudelaire, mutluluk g\u00f6stergesi olarak de\u011ferlendirilen g\u00fclme tepkisini bamba\u015fka bir a\u00e7\u0131dan, insan\u0131n \u015feytani yan\u0131n\u0131<span class=\"excerpt-hellip\"> [\u2026]<\/span><\/p>\n","protected":false},"featured_media":0,"template":"","meta":{"_monsterinsights_skip_tracking":false,"_monsterinsights_sitenote_active":false,"_monsterinsights_sitenote_note":"","_monsterinsights_sitenote_category":0},"product_brand":[],"product_cat":[20351,12388],"product_tag":[],"class_list":{"0":"post-760503","1":"product","2":"type-product","3":"status-publish","5":"product_cat-dusunce","6":"product_cat-felsefe","7":"pa_cilt-ciltsiz","8":"pa_tur-kitap","9":"pa_yayinevi-can-yayinlari","10":"pa_yazar-charles-baudelaire","12":"first","13":"instock","14":"sale","15":"shipping-taxable","16":"purchasable","17":"product-type-simple"},"_links":{"self":[{"href":"https:\/\/roveyayinevi.com.tr\/index.php\/wp-json\/wp\/v2\/product\/760503","targetHints":{"allow":["GET"]}}],"collection":[{"href":"https:\/\/roveyayinevi.com.tr\/index.php\/wp-json\/wp\/v2\/product"}],"about":[{"href":"https:\/\/roveyayinevi.com.tr\/index.php\/wp-json\/wp\/v2\/types\/product"}],"wp:attachment":[{"href":"https:\/\/roveyayinevi.com.tr\/index.php\/wp-json\/wp\/v2\/media?parent=760503"}],"wp:term":[{"taxonomy":"product_brand","embeddable":true,"href":"https:\/\/roveyayinevi.com.tr\/index.php\/wp-json\/wp\/v2\/product_brand?post=760503"},{"taxonomy":"product_cat","embeddable":true,"href":"https:\/\/roveyayinevi.com.tr\/index.php\/wp-json\/wp\/v2\/product_cat?post=760503"},{"taxonomy":"product_tag","embeddable":true,"href":"https:\/\/roveyayinevi.com.tr\/index.php\/wp-json\/wp\/v2\/product_tag?post=760503"}],"curies":[{"name":"wp","href":"https:\/\/api.w.org\/{rel}","templated":true}]}}