{"id":760500,"date":"2025-08-28T09:07:44","date_gmt":"2025-08-28T06:07:44","guid":{"rendered":"https:\/\/roveyayinevi.com.tr\/index.php\/urun\/sinifta-sinir-koyma\/"},"modified":"2026-04-16T03:13:27","modified_gmt":"2026-04-16T00:13:27","slug":"sinifta-sinir-koyma","status":"publish","type":"product","link":"https:\/\/roveyayinevi.com.tr\/index.php\/urun\/sinifta-sinir-koyma\/","title":{"rendered":"S\u0131n\u0131fta S\u0131n\u0131r Koyma"},"content":{"rendered":"<p>\u015eiddete yatk\u0131nl\u0131k, yaramazl\u0131klar, motivasyon eksikli\u011fi, DEB\/DEHB\u2026 \u00d6\u011fretmenlerin ba\u015f etmesi gereken pek \u00e7ok sorun var. \u201cS\u0131n\u0131fta S\u0131n\u0131r Koyma\u201d kitab\u0131 ise tam da bununla ilgili bir rehber\u2026 Bir \u00f6\u011fretmen olarak sizi y\u0131pratan ve hi\u00e7bir yere g\u00f6t\u00fcrmeyen geleneksel y\u00f6ntemlerin \u00f6tesine ge\u00e7erek cezaland\u0131rma ve a\u015f\u0131r\u0131 ho\u015fg\u00f6r\u00fcn\u00fcn yerine kullanabilece\u011finiz y\u00f6ntemlere haz\u0131r m\u0131s\u0131n\u0131z? \u201cS\u0131n\u0131fta S\u0131n\u0131r Koyma\u201ddan neler \u00f6\u011freneceksiniz? \u2022 Zor \u00f6\u011frencileri daha kolay y\u00f6nlendirebilmeyi ve aksakl\u0131klarla h\u0131zla ba\u015fa \u00e7\u0131kmay\u0131, \u2022 \u00d6\u011frenme s\u00fcreci i\u00e7in etkili bir ortam olu\u015fturmay\u0131, \u2022 Kurallar\u0131n\u0131z\u0131 desteklemek i\u00e7in do\u011fal ve mant\u0131ksal sonu\u00e7lar\u0131 kullanmay\u0131, \u2022 Proaktif, odaklanm\u0131\u015f veli toplant\u0131lar\u0131 d\u00fczenlemeyi, \u2022 \u00d6zel ihtiya\u00e7lar\u0131 olan \u00e7ocuklar\u0131n desteklenmesine y\u00f6nelik yeni ara\u015ft\u0131rma ve tekniklerden baz\u0131lar\u0131n\u0131, \u2022 S\u0131n\u0131fta i\u015finizi kolayla\u015ft\u0131rabilecek daha pek \u00e7ok y\u00f6ntemi \u00f6\u011freneceksiniz.<\/p>\n","protected":false},"excerpt":{"rendered":"<p>\u015eiddete yatk\u0131nl\u0131k, yaramazl\u0131klar, motivasyon eksikli\u011fi, DEB\/DEHB\u2026 \u00d6\u011fretmenlerin ba\u015f etmesi gereken pek \u00e7ok sorun var. \u201cS\u0131n\u0131fta S\u0131n\u0131r Koyma\u201d kitab\u0131 ise tam da bununla ilgili bir rehber\u2026 Bir<span class=\"excerpt-hellip\"> [\u2026]<\/span><\/p>\n","protected":false},"featured_media":0,"template":"","meta":{"_monsterinsights_skip_tracking":false,"_monsterinsights_sitenote_active":false,"_monsterinsights_sitenote_note":"","_monsterinsights_sitenote_category":0},"product_brand":[],"product_cat":[12274,15842],"product_tag":[],"class_list":{"0":"post-760500","1":"product","2":"type-product","3":"status-publish","5":"product_cat-cocuk-ve-genclik-kitaplari","6":"product_cat-egitici-kitaplar","7":"pa_cilt-ciltsiz","8":"pa_tur-kitap","9":"pa_yayinevi-yakamoz-yayinevi","10":"pa_yazar-robert-j-mackenzie-lisa-e-stanzione","12":"first","13":"instock","14":"sale","15":"shipping-taxable","16":"purchasable","17":"product-type-simple"},"_links":{"self":[{"href":"https:\/\/roveyayinevi.com.tr\/index.php\/wp-json\/wp\/v2\/product\/760500","targetHints":{"allow":["GET"]}}],"collection":[{"href":"https:\/\/roveyayinevi.com.tr\/index.php\/wp-json\/wp\/v2\/product"}],"about":[{"href":"https:\/\/roveyayinevi.com.tr\/index.php\/wp-json\/wp\/v2\/types\/product"}],"wp:attachment":[{"href":"https:\/\/roveyayinevi.com.tr\/index.php\/wp-json\/wp\/v2\/media?parent=760500"}],"wp:term":[{"taxonomy":"product_brand","embeddable":true,"href":"https:\/\/roveyayinevi.com.tr\/index.php\/wp-json\/wp\/v2\/product_brand?post=760500"},{"taxonomy":"product_cat","embeddable":true,"href":"https:\/\/roveyayinevi.com.tr\/index.php\/wp-json\/wp\/v2\/product_cat?post=760500"},{"taxonomy":"product_tag","embeddable":true,"href":"https:\/\/roveyayinevi.com.tr\/index.php\/wp-json\/wp\/v2\/product_tag?post=760500"}],"curies":[{"name":"wp","href":"https:\/\/api.w.org\/{rel}","templated":true}]}}