{"id":760497,"date":"2025-08-28T09:07:39","date_gmt":"2025-08-28T06:07:39","guid":{"rendered":"https:\/\/roveyayinevi.com.tr\/index.php\/urun\/kelebek-ve-papatya\/"},"modified":"2025-12-30T11:23:44","modified_gmt":"2025-12-30T08:23:44","slug":"kelebek-ve-papatya","status":"publish","type":"product","link":"https:\/\/roveyayinevi.com.tr\/index.php\/urun\/kelebek-ve-papatya\/","title":{"rendered":"Kelebek ve Papatya"},"content":{"rendered":"<p>Mucizeler kelebe\u011fin kanatlar\u0131nda gizlidir. En b\u00fcy\u00fck \u00f6zlem sevdiklerini yitirmektir. Ne zaman bir kelebek g\u00f6rsem, Akl\u0131ma t\u00fcm \u00f6zlediklerim gelir. Ruhlar\u0131 \u00f6zg\u00fcrce u\u00e7tu\u011funda, Y\u00fcz\u00fcme bir tebess\u00fcm belirir. Kanatlar\u0131nda oldu\u011fumu d\u00fc\u015fler, Yan\u0131mda olduklar\u0131n\u0131 hissederim.   Sevgili \u015eair Ebru Oyac\u0131\u2019n\u0131n kaleminden d\u00f6k\u00fclen s\u00f6zc\u00fckler; iyili\u011fe, merhamete, sevdaya k\u0131sacas\u0131 hayata \u00e7\u0131k\u0131yor. Her \u015fiirinde i\u015flenen konu biraz biz, biraz da sizsiniz asl\u0131nda. \u00c7\u00fcnk\u00fc \u015fiirler hayattan beslenir.   \u0130lmek ilmek yaz\u0131lan sat\u0131rlar, papatyaya konan kelebek naifli\u011finde sizleri okunmak i\u00e7in davet ediyor. <\/p>\n","protected":false},"excerpt":{"rendered":"<p>Mucizeler kelebe\u011fin kanatlar\u0131nda gizlidir. En b\u00fcy\u00fck \u00f6zlem sevdiklerini yitirmektir. Ne zaman bir kelebek g\u00f6rsem, Akl\u0131ma t\u00fcm \u00f6zlediklerim gelir. Ruhlar\u0131 \u00f6zg\u00fcrce u\u00e7tu\u011funda, Y\u00fcz\u00fcme bir tebess\u00fcm belirir. Kanatlar\u0131nda<span class=\"excerpt-hellip\"> [\u2026]<\/span><\/p>\n","protected":false},"featured_media":0,"template":"","meta":{"_monsterinsights_skip_tracking":false,"_monsterinsights_sitenote_active":false,"_monsterinsights_sitenote_note":"","_monsterinsights_sitenote_category":0},"product_brand":[],"product_cat":[12291,12509],"product_tag":[],"class_list":{"0":"post-760497","1":"product","2":"type-product","3":"status-publish","5":"product_cat-edebiyat","6":"product_cat-siir","7":"pa_cilt-ciltsiz","8":"pa_tur-kitap","9":"pa_yayinevi-gulnar-yayinlari","10":"pa_yazar-ebru-oyaci","12":"first","13":"instock","14":"sale","15":"shipping-taxable","16":"purchasable","17":"product-type-simple"},"_links":{"self":[{"href":"https:\/\/roveyayinevi.com.tr\/index.php\/wp-json\/wp\/v2\/product\/760497","targetHints":{"allow":["GET"]}}],"collection":[{"href":"https:\/\/roveyayinevi.com.tr\/index.php\/wp-json\/wp\/v2\/product"}],"about":[{"href":"https:\/\/roveyayinevi.com.tr\/index.php\/wp-json\/wp\/v2\/types\/product"}],"wp:attachment":[{"href":"https:\/\/roveyayinevi.com.tr\/index.php\/wp-json\/wp\/v2\/media?parent=760497"}],"wp:term":[{"taxonomy":"product_brand","embeddable":true,"href":"https:\/\/roveyayinevi.com.tr\/index.php\/wp-json\/wp\/v2\/product_brand?post=760497"},{"taxonomy":"product_cat","embeddable":true,"href":"https:\/\/roveyayinevi.com.tr\/index.php\/wp-json\/wp\/v2\/product_cat?post=760497"},{"taxonomy":"product_tag","embeddable":true,"href":"https:\/\/roveyayinevi.com.tr\/index.php\/wp-json\/wp\/v2\/product_tag?post=760497"}],"curies":[{"name":"wp","href":"https:\/\/api.w.org\/{rel}","templated":true}]}}