{"id":760493,"date":"2025-08-28T09:07:31","date_gmt":"2025-08-28T06:07:31","guid":{"rendered":"https:\/\/roveyayinevi.com.tr\/index.php\/urun\/tarih-meraklilari-fleksi-kapak\/"},"modified":"2026-04-16T03:13:26","modified_gmt":"2026-04-16T00:13:26","slug":"tarih-meraklilari-fleksi-kapak","status":"publish","type":"product","link":"https:\/\/roveyayinevi.com.tr\/index.php\/urun\/tarih-meraklilari-fleksi-kapak\/","title":{"rendered":"Tarih Merakl\u0131lar\u0131 ( Fleksi Kapak)"},"content":{"rendered":"<p>Eski M\u0131s\u0131r, Antik Yunan ve Roma hakk\u0131nda merak etti\u011finiz her \u015fey\u2026 \u00b7         Eski M\u0131s\u0131r\u2019da \u00e7ocuklar\u0131n d\u00fcnyas\u0131 nas\u0131ld\u0131? \u00b7         Eski M\u0131s\u0131r halk\u0131 i\u00e7in \u00f6l\u00fcm ne demekti? \u00b7         Antik Yunan\u2019da Olimpiyat Oyunlar\u0131 nas\u0131l ba\u015flad\u0131? \u00b7         Antik Yunanlar i\u00e7in edebiyat ne kadar \u00f6nemliydi? \u00b7         Roma\u2019da insanlar ne yiyip ne i\u00e7erlerdi? \u00b7         Roma\u2019da bir gladyat\u00f6r\u00fcn g\u00fcn\u00fc nas\u0131l ge\u00e7iyordu?  Zamanda binlerce y\u0131l geriye giderek Eski M\u0131s\u0131rl\u0131lar\u0131n, AntikYunanlar\u0131n ve Romal\u0131lar\u0131n d\u00fcnyas\u0131na ad\u0131m at\u0131n. Arkeologlar\u0131n bu eski insanlar\u0131n b\u00fcy\u00fcleyici d\u00fcnyas\u0131n\u0131 bir araya getirmek i\u00e7in kal\u0131nt\u0131lar\u0131, \u00e7anak \u00e7\u00f6mlekleri, sikkeleri ve di\u011fer eserleri nas\u0131l ortaya \u00e7\u0131kard\u0131klar\u0131n\u0131 ve analiz ettiklerini ke\u015ffedin. Sava\u015flardan e\u011flencelere, mimariden felsefeye, tar\u0131mdan aile hayat\u0131na kadar bir\u00e7ok alanda \u015fa\u015f\u0131rt\u0131c\u0131 bilgileri \u00f6\u011frenmeye haz\u0131r olun.  <\/p>\n","protected":false},"excerpt":{"rendered":"<p>Eski M\u0131s\u0131r, Antik Yunan ve Roma hakk\u0131nda merak etti\u011finiz her \u015fey\u2026 \u00b7 Eski M\u0131s\u0131r\u2019da \u00e7ocuklar\u0131n d\u00fcnyas\u0131 nas\u0131ld\u0131? \u00b7 Eski M\u0131s\u0131r halk\u0131 i\u00e7in \u00f6l\u00fcm ne demekti? \u00b7<span class=\"excerpt-hellip\"> [\u2026]<\/span><\/p>\n","protected":false},"featured_media":0,"template":"","meta":{"_monsterinsights_skip_tracking":false,"_monsterinsights_sitenote_active":false,"_monsterinsights_sitenote_note":"","_monsterinsights_sitenote_category":0},"product_brand":[],"product_cat":[12274,15842],"product_tag":[],"class_list":{"0":"post-760493","1":"product","2":"type-product","3":"status-publish","5":"product_cat-cocuk-ve-genclik-kitaplari","6":"product_cat-egitici-kitaplar","7":"pa_cilt-ciltsiz","8":"pa_tur-kitap","9":"pa_yayinevi-epsilon-yayinlari","10":"pa_yazar-angela-mcdonald-michael-scott-ruth-owen","12":"first","13":"instock","14":"sale","15":"shipping-taxable","16":"purchasable","17":"product-type-simple"},"_links":{"self":[{"href":"https:\/\/roveyayinevi.com.tr\/index.php\/wp-json\/wp\/v2\/product\/760493","targetHints":{"allow":["GET"]}}],"collection":[{"href":"https:\/\/roveyayinevi.com.tr\/index.php\/wp-json\/wp\/v2\/product"}],"about":[{"href":"https:\/\/roveyayinevi.com.tr\/index.php\/wp-json\/wp\/v2\/types\/product"}],"wp:attachment":[{"href":"https:\/\/roveyayinevi.com.tr\/index.php\/wp-json\/wp\/v2\/media?parent=760493"}],"wp:term":[{"taxonomy":"product_brand","embeddable":true,"href":"https:\/\/roveyayinevi.com.tr\/index.php\/wp-json\/wp\/v2\/product_brand?post=760493"},{"taxonomy":"product_cat","embeddable":true,"href":"https:\/\/roveyayinevi.com.tr\/index.php\/wp-json\/wp\/v2\/product_cat?post=760493"},{"taxonomy":"product_tag","embeddable":true,"href":"https:\/\/roveyayinevi.com.tr\/index.php\/wp-json\/wp\/v2\/product_tag?post=760493"}],"curies":[{"name":"wp","href":"https:\/\/api.w.org\/{rel}","templated":true}]}}