{"id":760489,"date":"2025-08-28T09:07:23","date_gmt":"2025-08-28T06:07:23","guid":{"rendered":"https:\/\/roveyayinevi.com.tr\/index.php\/urun\/filozofun-ucusu-bristol-kapak\/"},"modified":"2026-04-16T03:13:26","modified_gmt":"2026-04-16T00:13:26","slug":"filozofun-ucusu-bristol-kapak","status":"publish","type":"product","link":"https:\/\/roveyayinevi.com.tr\/index.php\/urun\/filozofun-ucusu-bristol-kapak\/","title":{"rendered":"Filozofun U\u00e7u\u015fu (Bristol Kapak)"},"content":{"rendered":"<p>\u0130\u00e7erisine sihir kat\u0131lm\u0131\u015f, e\u011flenceli ve ak\u0131c\u0131 bir gen\u00e7lik hik\u00e2yesi.-Kirkus Reviews        Tom Miller\u2019\u0131n ilk roman\u0131 Filozofun U\u00e7u\u015fu, sizi 19. ve 20. Y\u00fczy\u0131l\u0131n Amerika\u2019s\u0131na, ger\u00e7ek\u00fcst\u00fc olaylar\u0131n ve teknolojinin i\u00e7 i\u00e7e ge\u00e7ti\u011fi b\u00fcy\u00fcleyici bir d\u00fcnyaya g\u00f6t\u00fcr\u00fcyor.      Ele\u015ftirmenlerden tam not alan bu fantastik roman\u0131 okurken duygudan duyguya ge\u00e7eceksiniz. A\u015fk\u0131n ve dostlu\u011fun en saf h\u00e2line \u015fahit olurken \u0131rk\u00e7\u0131l\u0131\u011f\u0131n, cinsiyet e\u015fitsizli\u011finin ve sava\u015f\u0131n vah\u015feti ile y\u00fczle\u015feceksiniz. Her \u015feye ra\u011fmen dimdik ayakta durup Robert\u2019\u0131 umut etmeye ve iyilik i\u00e7in sava\u015fmaya te\u015fvik eden g\u00fc\u00e7l\u00fc ve ilham verici kad\u0131nlarla tan\u0131\u015facaks\u0131n\u0131z.      1750\u2019lerde m\u00fch\u00fcrc\u00fcl\u00fck hayat\u0131n her alan\u0131nda yayg\u0131n olarak kullan\u0131l\u0131yordu. Baz\u0131 insanlar taraf\u0131ndan ampirik filozoflar cad\u0131 olarak nitelendirilseler de kad\u0131nlar bu alanda erkeklerden \u00e7ok daha iyi i\u015fler ba\u015farabiliyordu. Kad\u0131nlar\u0131n egemen olduklar\u0131 bu \u00e7evrede Robert da ablas\u0131 ve annesinden \u00f6\u011frendiklerini uygulayarak kontroll\u00fc u\u00e7may\u0131 \u00f6\u011frenmek ve de di\u011fer insanlara yard\u0131m edebilmek amac\u0131yla m\u00fch\u00fcrlerini kullanmak i\u00e7in \u00e2deta yan\u0131p tutu\u015fuyordu. Birinci D\u00fcnya Sava\u015f\u0131\u2019n\u0131n g\u00f6lgesinde, bir erkek olarak istenmedi\u011fi bir ortamda t\u00fcm \u015fartlar\u0131 zorlayarak k\u0131zlarla ayn\u0131 okula gitmeye ve yeteneklerini sergileyip kendisini otorite konumundaki kad\u0131nlara kabul ettirmeye \u00e7al\u0131\u015f\u0131yordu. Ta ki bir g\u00fcn a\u015fk denen o duyguyla tan\u0131\u015fana kadar\u2026      Keskin bir sosyal ele\u015ftiriye de yer verilen bu s\u00fcr\u00fckleyici maceray\u0131 okumaya ba\u015flad\u0131\u011f\u0131n\u0131zda sayfalar\u0131 \u00e7evirmekten kendinizi alamayacaks\u0131n\u0131z.<\/p>\n","protected":false},"excerpt":{"rendered":"<p>\u0130\u00e7erisine sihir kat\u0131lm\u0131\u015f, e\u011flenceli ve ak\u0131c\u0131 bir gen\u00e7lik hik\u00e2yesi.-Kirkus Reviews Tom Miller\u2019\u0131n ilk roman\u0131 Filozofun U\u00e7u\u015fu, sizi 19. ve 20. Y\u00fczy\u0131l\u0131n Amerika\u2019s\u0131na, ger\u00e7ek\u00fcst\u00fc olaylar\u0131n ve teknolojinin<span class=\"excerpt-hellip\"> [\u2026]<\/span><\/p>\n","protected":false},"featured_media":0,"template":"","meta":{"_monsterinsights_skip_tracking":false,"_monsterinsights_sitenote_active":false,"_monsterinsights_sitenote_note":"","_monsterinsights_sitenote_category":0},"product_brand":[],"product_cat":[12291,14777],"product_tag":[],"class_list":{"0":"post-760489","1":"product","2":"type-product","3":"status-publish","5":"product_cat-edebiyat","6":"product_cat-fantastik","7":"pa_cilt-ciltsiz","8":"pa_tur-kitap","9":"pa_yayinevi-epsilon-yayinlari","10":"pa_yazar-tom-miller","12":"first","13":"instock","14":"sale","15":"shipping-taxable","16":"purchasable","17":"product-type-simple"},"_links":{"self":[{"href":"https:\/\/roveyayinevi.com.tr\/index.php\/wp-json\/wp\/v2\/product\/760489","targetHints":{"allow":["GET"]}}],"collection":[{"href":"https:\/\/roveyayinevi.com.tr\/index.php\/wp-json\/wp\/v2\/product"}],"about":[{"href":"https:\/\/roveyayinevi.com.tr\/index.php\/wp-json\/wp\/v2\/types\/product"}],"wp:attachment":[{"href":"https:\/\/roveyayinevi.com.tr\/index.php\/wp-json\/wp\/v2\/media?parent=760489"}],"wp:term":[{"taxonomy":"product_brand","embeddable":true,"href":"https:\/\/roveyayinevi.com.tr\/index.php\/wp-json\/wp\/v2\/product_brand?post=760489"},{"taxonomy":"product_cat","embeddable":true,"href":"https:\/\/roveyayinevi.com.tr\/index.php\/wp-json\/wp\/v2\/product_cat?post=760489"},{"taxonomy":"product_tag","embeddable":true,"href":"https:\/\/roveyayinevi.com.tr\/index.php\/wp-json\/wp\/v2\/product_tag?post=760489"}],"curies":[{"name":"wp","href":"https:\/\/api.w.org\/{rel}","templated":true}]}}