{"id":760487,"date":"2025-08-28T09:07:20","date_gmt":"2025-08-28T06:07:20","guid":{"rendered":"https:\/\/roveyayinevi.com.tr\/index.php\/urun\/demir-john\/"},"modified":"2026-04-16T03:13:26","modified_gmt":"2026-04-16T00:13:26","slug":"demir-john","status":"publish","type":"product","link":"https:\/\/roveyayinevi.com.tr\/index.php\/urun\/demir-john\/","title":{"rendered":"Demir John"},"content":{"rendered":"<p>\u015eair ve \u00e7evirmen Robert Bly, bu derinlikli kitab\u0131nda erkek olman\u0131n ne oldu\u011funa dair yeni bir ufuk sunar. Bly\u2019\u0131n fikirleri, erkeklerle y\u00fcr\u00fctt\u00fc\u011f\u00fc \u00e7al\u0131\u015fmalara ve kendi hayat\u0131ndan izlenimlere dayan\u0131r.   Eski hik\u00e2ye ve efsanelerden zengin anlamlar \u00e7\u0131karan Bly, \u201cDemir John\u201d adl\u0131 bir Grimm masal\u0131n\u0131 i\u015fler; bu masalda anlat\u0131c\u0131 ya da \u201cVah\u015fi Adam\u201d, gen\u00e7 bir adama erkeklik geli\u015fiminin sekiz a\u015famas\u0131nda rehberlik eder, b\u00f6ylece bize \u00e7oktan unutulmu\u015f arketipleri ve g\u00fc\u00e7l\u00fc erkeklik imgelerini hat\u0131rlat\u0131r.   62 hafta boyunca New York Times \u00c7ok Satanlar listesinde kalan Demir John, mitin y\u00fcceli\u011fiyle pratik ya\u015fam\u0131 bir araya getirdi\u011fi ve buna bir de kendi tarihimizden ac\u0131 dolu dersler ekledi\u011fi i\u00e7in \u00f6n\u00fcm\u00fczdeki d\u00f6nemde de hem erkeklere hem kad\u0131nlara rehberlik edip ilham verecek k\u00fclt bir eser. <\/p>\n","protected":false},"excerpt":{"rendered":"<p>\u015eair ve \u00e7evirmen Robert Bly, bu derinlikli kitab\u0131nda erkek olman\u0131n ne oldu\u011funa dair yeni bir ufuk sunar. Bly\u2019\u0131n fikirleri, erkeklerle y\u00fcr\u00fctt\u00fc\u011f\u00fc \u00e7al\u0131\u015fmalara ve kendi hayat\u0131ndan izlenimlere<span class=\"excerpt-hellip\"> [\u2026]<\/span><\/p>\n","protected":false},"featured_media":0,"template":"","meta":{"_monsterinsights_skip_tracking":false,"_monsterinsights_sitenote_active":false,"_monsterinsights_sitenote_note":"","_monsterinsights_sitenote_category":0},"product_brand":[],"product_cat":[12357],"product_tag":[],"class_list":{"0":"post-760487","1":"product","2":"type-product","3":"status-publish","5":"product_cat-psikoloji","6":"pa_cilt-ciltsiz","7":"pa_tur-kitap","8":"pa_yayinevi-kolektif-kitap","9":"pa_yazar-robert-bly","11":"first","12":"instock","13":"sale","14":"shipping-taxable","15":"purchasable","16":"product-type-simple"},"_links":{"self":[{"href":"https:\/\/roveyayinevi.com.tr\/index.php\/wp-json\/wp\/v2\/product\/760487","targetHints":{"allow":["GET"]}}],"collection":[{"href":"https:\/\/roveyayinevi.com.tr\/index.php\/wp-json\/wp\/v2\/product"}],"about":[{"href":"https:\/\/roveyayinevi.com.tr\/index.php\/wp-json\/wp\/v2\/types\/product"}],"wp:attachment":[{"href":"https:\/\/roveyayinevi.com.tr\/index.php\/wp-json\/wp\/v2\/media?parent=760487"}],"wp:term":[{"taxonomy":"product_brand","embeddable":true,"href":"https:\/\/roveyayinevi.com.tr\/index.php\/wp-json\/wp\/v2\/product_brand?post=760487"},{"taxonomy":"product_cat","embeddable":true,"href":"https:\/\/roveyayinevi.com.tr\/index.php\/wp-json\/wp\/v2\/product_cat?post=760487"},{"taxonomy":"product_tag","embeddable":true,"href":"https:\/\/roveyayinevi.com.tr\/index.php\/wp-json\/wp\/v2\/product_tag?post=760487"}],"curies":[{"name":"wp","href":"https:\/\/api.w.org\/{rel}","templated":true}]}}