{"id":760486,"date":"2025-08-28T09:07:17","date_gmt":"2025-08-28T06:07:17","guid":{"rendered":"https:\/\/roveyayinevi.com.tr\/index.php\/urun\/unlulerle-dunyanin-en-meshur-masallari-ciltli\/"},"modified":"2026-01-26T03:43:44","modified_gmt":"2026-01-26T00:43:44","slug":"unlulerle-dunyanin-en-meshur-masallari-ciltli","status":"publish","type":"product","link":"https:\/\/roveyayinevi.com.tr\/index.php\/urun\/unlulerle-dunyanin-en-meshur-masallari-ciltli\/","title":{"rendered":"\u00dcnl\u00fclerle D\u00fcnyan\u0131n En Me\u015fhur Masallar\u0131 (Ciltli)"},"content":{"rendered":"<p>Bu kitab\u0131 sat\u0131n alarak k\u00f6y okullar\u0131ndaki \u00e7ocuklar\u0131n e\u011fitimine katk\u0131da bulundu\u011funuz i\u00e7in te\u015fekk\u00fcr ederiz.   CUMHUR\u0130YET\u0130M\u0130Z\u0130N 100. YILINDA K\u0130TABI OLMAYAN \u00c7OCUK KALMASIN!   Masallar, temelde kurgu olsa da asl\u0131nda hayat\u0131 anlat\u0131r. Sorgulat\u0131r, kar\u015f\u0131la\u015ft\u0131rmay\u0131 ve de\u011ferlendirmeyi \u00f6\u011fretir. Umutlardan, se\u00e7imlerden bahseder.   \u00c7ocuklar\u0131n zihinsel geli\u015fimine, duygu d\u00fcnyalar\u0131na katk\u0131da bulunur. Onlar\u0131n ufkunu a\u00e7ar. Hayal d\u00fcnyalar\u0131n\u0131 geni\u015fleterek iyiyi ve k\u00f6t\u00fcy\u00fc ay\u0131rt etmeyi \u00f6\u011fretir.   Biz de Herkese Kitap Vakf\u0131 ve Destek Yay\u0131nlar\u0131 olarak bu sihirli d\u00fcnyan\u0131n kap\u0131s\u0131n\u0131 t\u00fcm \u00e7ocuklar aralas\u0131n istedik.   Gold Yap\u0131m oyuncular\u0131n\u0131n en sevdi\u011fi d\u00fcnya masallar\u0131ndan olu\u015fan bu derleme hem \u00e7ocuklar\u0131n kalbinde, hem hayallerinde, hem de k\u00fct\u00fcphanelerinde yerini alacak.   Antoloji niteli\u011findeki bu kitab\u0131n sat\u0131\u015f\u0131ndan elde edilecek gelirle k\u00f6y okullar\u0131ndaki \u00e7ocuklar\u0131m\u0131za kitap g\u00f6nderece\u011fiz.   \u00c7ocuklar\u0131m\u0131z\u0131n e\u011fitimine \u0131\u015f\u0131k tutacak, onlara k\u00fc\u00e7\u00fck ya\u015fta okuma al\u0131\u015fkanl\u0131\u011f\u0131 kazand\u0131raca\u011f\u0131z. <\/p>\n","protected":false},"excerpt":{"rendered":"<p>Bu kitab\u0131 sat\u0131n alarak k\u00f6y okullar\u0131ndaki \u00e7ocuklar\u0131n e\u011fitimine katk\u0131da bulundu\u011funuz i\u00e7in te\u015fekk\u00fcr ederiz. CUMHUR\u0130YET\u0130M\u0130Z\u0130N 100. YILINDA K\u0130TABI OLMAYAN \u00c7OCUK KALMASIN! Masallar, temelde kurgu olsa da asl\u0131nda<span class=\"excerpt-hellip\"> [\u2026]<\/span><\/p>\n","protected":false},"featured_media":0,"template":"","meta":{"_monsterinsights_skip_tracking":false,"_monsterinsights_sitenote_active":false,"_monsterinsights_sitenote_note":"","_monsterinsights_sitenote_category":0},"product_brand":[],"product_cat":[12291,13706],"product_tag":[],"class_list":{"0":"post-760486","1":"product","2":"type-product","3":"status-publish","5":"product_cat-edebiyat","6":"product_cat-efsane-destan-masal","7":"pa_cilt-ciltli","8":"pa_tur-kitap","9":"pa_yayinevi-destek-yayinlari","10":"pa_yazar-anonim","12":"first","13":"instock","14":"sale","15":"shipping-taxable","16":"purchasable","17":"product-type-simple"},"_links":{"self":[{"href":"https:\/\/roveyayinevi.com.tr\/index.php\/wp-json\/wp\/v2\/product\/760486","targetHints":{"allow":["GET"]}}],"collection":[{"href":"https:\/\/roveyayinevi.com.tr\/index.php\/wp-json\/wp\/v2\/product"}],"about":[{"href":"https:\/\/roveyayinevi.com.tr\/index.php\/wp-json\/wp\/v2\/types\/product"}],"wp:attachment":[{"href":"https:\/\/roveyayinevi.com.tr\/index.php\/wp-json\/wp\/v2\/media?parent=760486"}],"wp:term":[{"taxonomy":"product_brand","embeddable":true,"href":"https:\/\/roveyayinevi.com.tr\/index.php\/wp-json\/wp\/v2\/product_brand?post=760486"},{"taxonomy":"product_cat","embeddable":true,"href":"https:\/\/roveyayinevi.com.tr\/index.php\/wp-json\/wp\/v2\/product_cat?post=760486"},{"taxonomy":"product_tag","embeddable":true,"href":"https:\/\/roveyayinevi.com.tr\/index.php\/wp-json\/wp\/v2\/product_tag?post=760486"}],"curies":[{"name":"wp","href":"https:\/\/api.w.org\/{rel}","templated":true}]}}