{"id":760483,"date":"2025-08-28T09:07:11","date_gmt":"2025-08-28T06:07:11","guid":{"rendered":"https:\/\/roveyayinevi.com.tr\/index.php\/urun\/arkadasim-ayi-ile-yazi-yaziyoruz\/"},"modified":"2026-04-16T03:13:26","modified_gmt":"2026-04-16T00:13:26","slug":"arkadasim-ayi-ile-yazi-yaziyoruz","status":"publish","type":"product","link":"https:\/\/roveyayinevi.com.tr\/index.php\/urun\/arkadasim-ayi-ile-yazi-yaziyoruz\/","title":{"rendered":"Arkada\u015f\u0131m Ay\u0131 ile Yaz\u0131 Yaz\u0131yoruz"},"content":{"rendered":"<p>Hem e\u011flenceli, hem de \u00f6\u011fretici bir kitap! \u0130rem yaz\u0131 yazmay\u0131 \u00e7ok seviyor, Ay\u0131 da \u00f6yle. Ancak Can, yaz\u0131 yazmay\u0131 hi\u00e7 mi hi\u00e7 sevmiyor. Neyse ki Ay\u0131 ile \u0130rem bir araya gelerek \u00f6\u011fretmenleri dahil olmak \u00fczere t\u00fcm s\u0131n\u0131fa ay\u0131lar\u0131n en iyi yaz\u0131 yazma arkada\u015flar\u0131 oldu\u011funu ikna etmeye haz\u0131rlar. Bu kitab\u0131 okuduktan sonra, yaz\u0131 yazmaktan hi\u00e7 ho\u015flanmasan\u0131z bile kendi hikayenizi ka\u011f\u0131da d\u00f6kmek i\u00e7in heyecanlanacaks\u0131n\u0131z!  <\/p>\n","protected":false},"excerpt":{"rendered":"<p>Hem e\u011flenceli, hem de \u00f6\u011fretici bir kitap! \u0130rem yaz\u0131 yazmay\u0131 \u00e7ok seviyor, Ay\u0131 da \u00f6yle. Ancak Can, yaz\u0131 yazmay\u0131 hi\u00e7 mi hi\u00e7 sevmiyor. Neyse ki Ay\u0131<span class=\"excerpt-hellip\"> [\u2026]<\/span><\/p>\n","protected":false},"featured_media":0,"template":"","meta":{"_monsterinsights_skip_tracking":false,"_monsterinsights_sitenote_active":false,"_monsterinsights_sitenote_note":"","_monsterinsights_sitenote_category":0},"product_brand":[],"product_cat":[12274,12518],"product_tag":[],"class_list":{"0":"post-760483","1":"product","2":"type-product","3":"status-publish","5":"product_cat-cocuk-ve-genclik-kitaplari","6":"product_cat-okul-oncesi-kitaplar","7":"pa_cilt-ciltsiz","8":"pa_tur-kitap","9":"pa_yayinevi-bookalemun-yayinevi","10":"pa_yazar-carmen-oliver","12":"first","13":"instock","14":"sale","15":"shipping-taxable","16":"purchasable","17":"product-type-simple"},"_links":{"self":[{"href":"https:\/\/roveyayinevi.com.tr\/index.php\/wp-json\/wp\/v2\/product\/760483","targetHints":{"allow":["GET"]}}],"collection":[{"href":"https:\/\/roveyayinevi.com.tr\/index.php\/wp-json\/wp\/v2\/product"}],"about":[{"href":"https:\/\/roveyayinevi.com.tr\/index.php\/wp-json\/wp\/v2\/types\/product"}],"wp:attachment":[{"href":"https:\/\/roveyayinevi.com.tr\/index.php\/wp-json\/wp\/v2\/media?parent=760483"}],"wp:term":[{"taxonomy":"product_brand","embeddable":true,"href":"https:\/\/roveyayinevi.com.tr\/index.php\/wp-json\/wp\/v2\/product_brand?post=760483"},{"taxonomy":"product_cat","embeddable":true,"href":"https:\/\/roveyayinevi.com.tr\/index.php\/wp-json\/wp\/v2\/product_cat?post=760483"},{"taxonomy":"product_tag","embeddable":true,"href":"https:\/\/roveyayinevi.com.tr\/index.php\/wp-json\/wp\/v2\/product_tag?post=760483"}],"curies":[{"name":"wp","href":"https:\/\/api.w.org\/{rel}","templated":true}]}}