{"id":760482,"date":"2025-08-28T09:07:10","date_gmt":"2025-08-28T06:07:10","guid":{"rendered":"https:\/\/roveyayinevi.com.tr\/index.php\/urun\/arkadasim-ayi-ile-okuyoruz\/"},"modified":"2026-04-16T03:13:26","modified_gmt":"2026-04-16T00:13:26","slug":"arkadasim-ayi-ile-okuyoruz","status":"publish","type":"product","link":"https:\/\/roveyayinevi.com.tr\/index.php\/urun\/arkadasim-ayi-ile-okuyoruz\/","title":{"rendered":"Arkada\u015f\u0131m Ay\u0131 ile Okuyoruz"},"content":{"rendered":"<p>Hem e\u011flenceli, hem de \u00f6\u011fretici bir kitap! \u0130rem, Ay\u0131\u2019n\u0131n en iyi okuma arkada\u015f\u0131 oldu\u011funu d\u00fc\u015f\u00fcn\u00fcyor ve bu konuda \u00f6\u011fretmenini ikna etmeye \u00e7al\u0131\u015f\u0131yor. \u0130rem\u2019in neden b\u00f6yle d\u00fc\u015f\u00fcnd\u00fc\u011f\u00fcn\u00fc merak ediyor musunuz? Okuyun ve Ay\u0131\u2019n\u0131n e\u015fsiz \u00f6zelliklerini ke\u015ffedin! <\/p>\n","protected":false},"excerpt":{"rendered":"<p>Hem e\u011flenceli, hem de \u00f6\u011fretici bir kitap! \u0130rem, Ay\u0131\u2019n\u0131n en iyi okuma arkada\u015f\u0131 oldu\u011funu d\u00fc\u015f\u00fcn\u00fcyor ve bu konuda \u00f6\u011fretmenini ikna etmeye \u00e7al\u0131\u015f\u0131yor. \u0130rem\u2019in neden b\u00f6yle d\u00fc\u015f\u00fcnd\u00fc\u011f\u00fcn\u00fc<span class=\"excerpt-hellip\"> [\u2026]<\/span><\/p>\n","protected":false},"featured_media":0,"template":"","meta":{"_monsterinsights_skip_tracking":false,"_monsterinsights_sitenote_active":false,"_monsterinsights_sitenote_note":"","_monsterinsights_sitenote_category":0},"product_brand":[],"product_cat":[12274,12518],"product_tag":[],"class_list":{"0":"post-760482","1":"product","2":"type-product","3":"status-publish","5":"product_cat-cocuk-ve-genclik-kitaplari","6":"product_cat-okul-oncesi-kitaplar","7":"pa_cilt-ciltsiz","8":"pa_tur-kitap","9":"pa_yayinevi-bookalemun-yayinevi","10":"pa_yazar-carmen-oliver","12":"first","13":"instock","14":"sale","15":"shipping-taxable","16":"purchasable","17":"product-type-simple"},"_links":{"self":[{"href":"https:\/\/roveyayinevi.com.tr\/index.php\/wp-json\/wp\/v2\/product\/760482","targetHints":{"allow":["GET"]}}],"collection":[{"href":"https:\/\/roveyayinevi.com.tr\/index.php\/wp-json\/wp\/v2\/product"}],"about":[{"href":"https:\/\/roveyayinevi.com.tr\/index.php\/wp-json\/wp\/v2\/types\/product"}],"wp:attachment":[{"href":"https:\/\/roveyayinevi.com.tr\/index.php\/wp-json\/wp\/v2\/media?parent=760482"}],"wp:term":[{"taxonomy":"product_brand","embeddable":true,"href":"https:\/\/roveyayinevi.com.tr\/index.php\/wp-json\/wp\/v2\/product_brand?post=760482"},{"taxonomy":"product_cat","embeddable":true,"href":"https:\/\/roveyayinevi.com.tr\/index.php\/wp-json\/wp\/v2\/product_cat?post=760482"},{"taxonomy":"product_tag","embeddable":true,"href":"https:\/\/roveyayinevi.com.tr\/index.php\/wp-json\/wp\/v2\/product_tag?post=760482"}],"curies":[{"name":"wp","href":"https:\/\/api.w.org\/{rel}","templated":true}]}}