{"id":760481,"date":"2025-08-28T09:07:08","date_gmt":"2025-08-28T06:07:08","guid":{"rendered":"https:\/\/roveyayinevi.com.tr\/index.php\/urun\/arkadasim-ayi-ile-matematik-ogreniyoruz\/"},"modified":"2026-04-16T03:13:26","modified_gmt":"2026-04-16T00:13:26","slug":"arkadasim-ayi-ile-matematik-ogreniyoruz","status":"publish","type":"product","link":"https:\/\/roveyayinevi.com.tr\/index.php\/urun\/arkadasim-ayi-ile-matematik-ogreniyoruz\/","title":{"rendered":"Arkada\u015f\u0131m Ay\u0131 \u0130le Matematik \u00d6\u011freniyoruz"},"content":{"rendered":"<p>Hem e\u011flenceli, hem de \u00f6\u011fretici bir kitap! S\u0131n\u0131fta herkes birbiriyle e\u015fle\u015fiyor ama \u0130rem\u2019in e\u015f olaca\u011f\u0131 kimse kalm\u0131yor\u2026 Ancak bu konu onun i\u00e7in sorun de\u011fil, matematik konusunda \u00e7ok yetenekli olan Ay\u0131\u2019ya sonuna kadar g\u00fcveniyor! \u0130rem e\u011fer \u00f6\u011fretmenini Ay\u0131\u2019n\u0131n m\u00fckemmel bir matematik arkada\u015f\u0131 oldu\u011funa dair ikna edebilrse, her \u015fey yoluna girecek! <\/p>\n","protected":false},"excerpt":{"rendered":"<p>Hem e\u011flenceli, hem de \u00f6\u011fretici bir kitap! S\u0131n\u0131fta herkes birbiriyle e\u015fle\u015fiyor ama \u0130rem\u2019in e\u015f olaca\u011f\u0131 kimse kalm\u0131yor\u2026 Ancak bu konu onun i\u00e7in sorun de\u011fil, matematik konusunda<span class=\"excerpt-hellip\"> [\u2026]<\/span><\/p>\n","protected":false},"featured_media":0,"template":"","meta":{"_monsterinsights_skip_tracking":false,"_monsterinsights_sitenote_active":false,"_monsterinsights_sitenote_note":"","_monsterinsights_sitenote_category":0},"product_brand":[],"product_cat":[12274,12518],"product_tag":[],"class_list":{"0":"post-760481","1":"product","2":"type-product","3":"status-publish","5":"product_cat-cocuk-ve-genclik-kitaplari","6":"product_cat-okul-oncesi-kitaplar","7":"pa_cilt-ciltsiz","8":"pa_tur-kitap","9":"pa_yayinevi-bookalemun-yayinevi","10":"pa_yazar-carmen-oliver","12":"first","13":"instock","14":"sale","15":"shipping-taxable","16":"purchasable","17":"product-type-simple"},"_links":{"self":[{"href":"https:\/\/roveyayinevi.com.tr\/index.php\/wp-json\/wp\/v2\/product\/760481","targetHints":{"allow":["GET"]}}],"collection":[{"href":"https:\/\/roveyayinevi.com.tr\/index.php\/wp-json\/wp\/v2\/product"}],"about":[{"href":"https:\/\/roveyayinevi.com.tr\/index.php\/wp-json\/wp\/v2\/types\/product"}],"wp:attachment":[{"href":"https:\/\/roveyayinevi.com.tr\/index.php\/wp-json\/wp\/v2\/media?parent=760481"}],"wp:term":[{"taxonomy":"product_brand","embeddable":true,"href":"https:\/\/roveyayinevi.com.tr\/index.php\/wp-json\/wp\/v2\/product_brand?post=760481"},{"taxonomy":"product_cat","embeddable":true,"href":"https:\/\/roveyayinevi.com.tr\/index.php\/wp-json\/wp\/v2\/product_cat?post=760481"},{"taxonomy":"product_tag","embeddable":true,"href":"https:\/\/roveyayinevi.com.tr\/index.php\/wp-json\/wp\/v2\/product_tag?post=760481"}],"curies":[{"name":"wp","href":"https:\/\/api.w.org\/{rel}","templated":true}]}}