{"id":760479,"date":"2025-08-28T09:07:05","date_gmt":"2025-08-28T06:07:05","guid":{"rendered":"https:\/\/roveyayinevi.com.tr\/index.php\/urun\/kilikia-arkeolojisi-serisi-2\/"},"modified":"2026-04-16T03:13:26","modified_gmt":"2026-04-16T00:13:26","slug":"kilikia-arkeolojisi-serisi-2","status":"publish","type":"product","link":"https:\/\/roveyayinevi.com.tr\/index.php\/urun\/kilikia-arkeolojisi-serisi-2\/","title":{"rendered":"Kilikia Arkeolojisi Serisi 2"},"content":{"rendered":"<p>Dag\u0306l\u0131k Kilikia b\u00f6lgesinin, Strabon\u2019un niteledig\u0306i \u201chi\u00e7bir yere benzemeyen\u201d \u00fcnl\u00fc k\u0131y\u0131 kenti Seleukeia Kalykadnos, var oldug\u0306u g\u00fcnden bu yana ad\u0131ndan s\u00f6z ettirmis\u0327; \u00f6nemli bir merkez olmus\u0327tur. Bug\u00fcn Modern Silifke kentinin alt\u0131nda kalm\u0131s\u0327 olan kent t\u00fcm ihtis\u0327am\u0131 ve s\u0131rlar\u0131 ile toprak alt\u0131nda bekleyis\u0327ini s\u00fcrd\u00fcrmektedir. Seleukeia Kalykadnos kenti \u00fczerine aras\u0327t\u0131rmalar yok denecek kadar azd\u0131r. Bu nadide kent, bu kitapta mercek alt\u0131na al\u0131nm\u0131s\u0327t\u0131r. Bu sebeple, bu \u00e7al\u0131s\u0327ma antik Seleukeia Kalykadnos kenti \u00fczerine nes\u0327redilmis\u0327 kaynaklar \u00fczerinden yap\u0131lan detayl\u0131 bir \u00e7al\u0131s\u0327ma olma \u00f6zellig\u0306ini tas\u0327\u0131r.<\/p>\n","protected":false},"excerpt":{"rendered":"<p>Dag\u0306l\u0131k Kilikia b\u00f6lgesinin, Strabon\u2019un niteledig\u0306i \u201chi\u00e7bir yere benzemeyen\u201d \u00fcnl\u00fc k\u0131y\u0131 kenti Seleukeia Kalykadnos, var oldug\u0306u g\u00fcnden bu yana ad\u0131ndan s\u00f6z ettirmis\u0327; \u00f6nemli bir merkez olmus\u0327tur. Bug\u00fcn<span class=\"excerpt-hellip\"> [\u2026]<\/span><\/p>\n","protected":false},"featured_media":0,"template":"","meta":{"_monsterinsights_skip_tracking":false,"_monsterinsights_sitenote_active":false,"_monsterinsights_sitenote_note":"","_monsterinsights_sitenote_category":0},"product_brand":[],"product_cat":[52477,52478],"product_tag":[],"class_list":{"0":"post-760479","1":"product","2":"type-product","3":"status-publish","5":"product_cat-arastirma","6":"product_cat-arkeoloji","7":"pa_cilt-ciltsiz","8":"pa_tur-kitap","9":"pa_yayinevi-bilgin-kultur-sanat","10":"pa_yazar-okan-ozdemir","12":"first","13":"instock","14":"sale","15":"shipping-taxable","16":"purchasable","17":"product-type-simple"},"_links":{"self":[{"href":"https:\/\/roveyayinevi.com.tr\/index.php\/wp-json\/wp\/v2\/product\/760479","targetHints":{"allow":["GET"]}}],"collection":[{"href":"https:\/\/roveyayinevi.com.tr\/index.php\/wp-json\/wp\/v2\/product"}],"about":[{"href":"https:\/\/roveyayinevi.com.tr\/index.php\/wp-json\/wp\/v2\/types\/product"}],"wp:attachment":[{"href":"https:\/\/roveyayinevi.com.tr\/index.php\/wp-json\/wp\/v2\/media?parent=760479"}],"wp:term":[{"taxonomy":"product_brand","embeddable":true,"href":"https:\/\/roveyayinevi.com.tr\/index.php\/wp-json\/wp\/v2\/product_brand?post=760479"},{"taxonomy":"product_cat","embeddable":true,"href":"https:\/\/roveyayinevi.com.tr\/index.php\/wp-json\/wp\/v2\/product_cat?post=760479"},{"taxonomy":"product_tag","embeddable":true,"href":"https:\/\/roveyayinevi.com.tr\/index.php\/wp-json\/wp\/v2\/product_tag?post=760479"}],"curies":[{"name":"wp","href":"https:\/\/api.w.org\/{rel}","templated":true}]}}