{"id":760477,"date":"2025-08-28T09:07:03","date_gmt":"2025-08-28T06:07:03","guid":{"rendered":"https:\/\/roveyayinevi.com.tr\/index.php\/urun\/kilikia-arkeolojisi-serisi-3\/"},"modified":"2026-04-16T03:13:26","modified_gmt":"2026-04-16T00:13:26","slug":"kilikia-arkeolojisi-serisi-3","status":"publish","type":"product","link":"https:\/\/roveyayinevi.com.tr\/index.php\/urun\/kilikia-arkeolojisi-serisi-3\/","title":{"rendered":"Kilikia Arkeolojisi Serisi 3"},"content":{"rendered":"<p>Da\u011fl\u0131k Kilikia\u2019n\u0131n do\u011fusunda (Mersin ili Silifke ve Erdemli il\u00e7eleri aras\u0131) iyi korunmu\u015f \u00e7ok say\u0131da antik yerle\u015fim bulunur. Bu yerle\u015fimler Hellenistik D\u00f6nem\u2019den gelen ve Roma ve Ge\u00e7 Antik D\u00f6nem\u2019de de devam eden bir s\u00fcreklili\u011fe sahiptirler. Silifke\u2019nin 13 km kuzeyindeki Karab\u00f6c\u00fcl\u00fc, bu yerle\u015fimler aras\u0131nda \u00f6ne \u00e7\u0131kar. Yerle\u015fimin sahip oldu\u011fu kal\u0131nt\u0131lar, Hellenistik D\u00f6nem\u2019den itibaren iskan g\u00f6rd\u00fc\u011f\u00fcne; Roma ve Ge\u00e7 Antik D\u00f6nem\u2019de b\u00fcy\u00fck bir k\u0131rsal yerle\u015fim oldu\u011funa dair kan\u0131tlar sunar. Bu \u00e7al\u0131\u015fma, Karab\u00f6c\u00fcl\u00fc\u2019y\u00fc sahip oldu\u011fu kal\u0131nt\u0131lar\u0131yla bir b\u00fct\u00fcn olarak ele al\u0131p incelenmeyi hedeflemektedir.<\/p>\n","protected":false},"excerpt":{"rendered":"<p>Da\u011fl\u0131k Kilikia\u2019n\u0131n do\u011fusunda (Mersin ili Silifke ve Erdemli il\u00e7eleri aras\u0131) iyi korunmu\u015f \u00e7ok say\u0131da antik yerle\u015fim bulunur. Bu yerle\u015fimler Hellenistik D\u00f6nem\u2019den gelen ve Roma ve Ge\u00e7<span class=\"excerpt-hellip\"> [\u2026]<\/span><\/p>\n","protected":false},"featured_media":0,"template":"","meta":{"_monsterinsights_skip_tracking":false,"_monsterinsights_sitenote_active":false,"_monsterinsights_sitenote_note":"","_monsterinsights_sitenote_category":0},"product_brand":[],"product_cat":[52477,52478],"product_tag":[],"class_list":{"0":"post-760477","1":"product","2":"type-product","3":"status-publish","5":"product_cat-arastirma","6":"product_cat-arkeoloji","7":"pa_cilt-ciltsiz","8":"pa_tur-kitap","9":"pa_yayinevi-bilgin-kultur-sanat","10":"pa_yazar-aylin-alis","12":"first","13":"instock","14":"sale","15":"shipping-taxable","16":"purchasable","17":"product-type-simple"},"_links":{"self":[{"href":"https:\/\/roveyayinevi.com.tr\/index.php\/wp-json\/wp\/v2\/product\/760477","targetHints":{"allow":["GET"]}}],"collection":[{"href":"https:\/\/roveyayinevi.com.tr\/index.php\/wp-json\/wp\/v2\/product"}],"about":[{"href":"https:\/\/roveyayinevi.com.tr\/index.php\/wp-json\/wp\/v2\/types\/product"}],"wp:attachment":[{"href":"https:\/\/roveyayinevi.com.tr\/index.php\/wp-json\/wp\/v2\/media?parent=760477"}],"wp:term":[{"taxonomy":"product_brand","embeddable":true,"href":"https:\/\/roveyayinevi.com.tr\/index.php\/wp-json\/wp\/v2\/product_brand?post=760477"},{"taxonomy":"product_cat","embeddable":true,"href":"https:\/\/roveyayinevi.com.tr\/index.php\/wp-json\/wp\/v2\/product_cat?post=760477"},{"taxonomy":"product_tag","embeddable":true,"href":"https:\/\/roveyayinevi.com.tr\/index.php\/wp-json\/wp\/v2\/product_tag?post=760477"}],"curies":[{"name":"wp","href":"https:\/\/api.w.org\/{rel}","templated":true}]}}