{"id":760476,"date":"2025-08-28T09:07:02","date_gmt":"2025-08-28T06:07:02","guid":{"rendered":"https:\/\/roveyayinevi.com.tr\/index.php\/urun\/kilikia-arkeolojisi-serisi-4\/"},"modified":"2026-04-16T03:13:26","modified_gmt":"2026-04-16T00:13:26","slug":"kilikia-arkeolojisi-serisi-4","status":"publish","type":"product","link":"https:\/\/roveyayinevi.com.tr\/index.php\/urun\/kilikia-arkeolojisi-serisi-4\/","title":{"rendered":"Kilikia Arkeolojisi Serisi 4"},"content":{"rendered":"<p>Bu yay\u0131n\u0131n amac\u0131, Kilikia B\u00f6lgesi\u2019nde uzun y\u0131llar yap\u0131lan arkeolojik \u00e7al\u0131\u015fmalar\u0131n sonu\u00e7lar\u0131n\u0131 bilim d\u00fcnyas\u0131 ile oldu\u011fu kadar b\u00f6lgeye ve Arkeoloji bilim dal\u0131na ilgi duyanlar ile payla\u015fmakt\u0131r. Bu kitap yazar\u0131n uzun y\u0131llar b\u00f6lgede yapt\u0131\u011f\u0131 ve yay\u0131nlad\u0131\u011f\u0131 \u00e7al\u0131\u015fmalar\u0131n bir \u00fcr\u00fcn\u00fcd\u00fcr. Kitap i\u00e7erisinde birbirleriyle ba\u011flant\u0131l\u0131 olarak yap\u0131lm\u0131\u015f kaleler-kuleler ile onlar\u0131 yapanlar\u0131n anakaya \u00fczerine i\u015flenmi\u015f g\u00f6rsel yans\u0131malar\u0131 yani kabartmalar, d\u00f6nemlerindeki tarihsel geli\u015fim i\u00e7inde birlikte ele al\u0131nmaktad\u0131r.<\/p>\n","protected":false},"excerpt":{"rendered":"<p>Bu yay\u0131n\u0131n amac\u0131, Kilikia B\u00f6lgesi\u2019nde uzun y\u0131llar yap\u0131lan arkeolojik \u00e7al\u0131\u015fmalar\u0131n sonu\u00e7lar\u0131n\u0131 bilim d\u00fcnyas\u0131 ile oldu\u011fu kadar b\u00f6lgeye ve Arkeoloji bilim dal\u0131na ilgi duyanlar ile payla\u015fmakt\u0131r. Bu<span class=\"excerpt-hellip\"> [\u2026]<\/span><\/p>\n","protected":false},"featured_media":0,"template":"","meta":{"_monsterinsights_skip_tracking":false,"_monsterinsights_sitenote_active":false,"_monsterinsights_sitenote_note":"","_monsterinsights_sitenote_category":0},"product_brand":[],"product_cat":[52477,52478],"product_tag":[],"class_list":{"0":"post-760476","1":"product","2":"type-product","3":"status-publish","5":"product_cat-arastirma","6":"product_cat-arkeoloji","7":"pa_cilt-ciltsiz","8":"pa_tur-kitap","9":"pa_yayinevi-bilgin-kultur-sanat","10":"pa_yazar-serra-durugonul","12":"first","13":"instock","14":"sale","15":"shipping-taxable","16":"purchasable","17":"product-type-simple"},"_links":{"self":[{"href":"https:\/\/roveyayinevi.com.tr\/index.php\/wp-json\/wp\/v2\/product\/760476","targetHints":{"allow":["GET"]}}],"collection":[{"href":"https:\/\/roveyayinevi.com.tr\/index.php\/wp-json\/wp\/v2\/product"}],"about":[{"href":"https:\/\/roveyayinevi.com.tr\/index.php\/wp-json\/wp\/v2\/types\/product"}],"wp:attachment":[{"href":"https:\/\/roveyayinevi.com.tr\/index.php\/wp-json\/wp\/v2\/media?parent=760476"}],"wp:term":[{"taxonomy":"product_brand","embeddable":true,"href":"https:\/\/roveyayinevi.com.tr\/index.php\/wp-json\/wp\/v2\/product_brand?post=760476"},{"taxonomy":"product_cat","embeddable":true,"href":"https:\/\/roveyayinevi.com.tr\/index.php\/wp-json\/wp\/v2\/product_cat?post=760476"},{"taxonomy":"product_tag","embeddable":true,"href":"https:\/\/roveyayinevi.com.tr\/index.php\/wp-json\/wp\/v2\/product_tag?post=760476"}],"curies":[{"name":"wp","href":"https:\/\/api.w.org\/{rel}","templated":true}]}}