{"id":760475,"date":"2025-08-28T09:07:00","date_gmt":"2025-08-28T06:07:00","guid":{"rendered":"https:\/\/roveyayinevi.com.tr\/index.php\/urun\/yol-enel-hakk\/"},"modified":"2026-04-16T03:13:26","modified_gmt":"2026-04-16T00:13:26","slug":"yol-enel-hakk","status":"publish","type":"product","link":"https:\/\/roveyayinevi.com.tr\/index.php\/urun\/yol-enel-hakk\/","title":{"rendered":"Yol (Enel Hakk)"},"content":{"rendered":"<p>Pir Mansur\u2019dum Hakk\u2019a erip nice s\u0131rra ayan oldum Nesimi\u2019ydim dile d\u00fc\u015f\u00fcp nice cana beyan oldum   Yunus\u2019tum \u00fcryan gezinip ummandan ummana dald\u0131m Yusuf olup a\u015fk u\u011fruna nice y\u0131l z\u0131ndanda kald\u0131m   S\u00fcleyman\u2019d\u0131m saraylarda m\u00fclk etmi\u015ftim t\u00fcm cihan\u0131 Nebi olup ben yazm\u0131\u015ft\u0131m d\u00f6rt kitab\u0131, her beyan\u0131     Kandilden kandile tozup can ta\u015f\u0131d\u0131m ten i\u00e7inde S\u0131\u011fmaz iken k\u00e2inata s\u0131rland\u0131m bir gen i\u00e7inde   Varl\u0131\u011f\u0131m manada y\u00fckl\u00fc zahir g\u00f6zde ayan bendim Deruni\u2019ydim Hakk s\u00f6yletti c\u00fcmle cana beyan bendim <\/p>\n","protected":false},"excerpt":{"rendered":"<p>Pir Mansur\u2019dum Hakk\u2019a erip nice s\u0131rra ayan oldum Nesimi\u2019ydim dile d\u00fc\u015f\u00fcp nice cana beyan oldum Yunus\u2019tum \u00fcryan gezinip ummandan ummana dald\u0131m Yusuf olup a\u015fk u\u011fruna nice<span class=\"excerpt-hellip\"> [\u2026]<\/span><\/p>\n","protected":false},"featured_media":0,"template":"","meta":{"_monsterinsights_skip_tracking":false,"_monsterinsights_sitenote_active":false,"_monsterinsights_sitenote_note":"","_monsterinsights_sitenote_category":0},"product_brand":[],"product_cat":[12291,12509],"product_tag":[],"class_list":{"0":"post-760475","1":"product","2":"type-product","3":"status-publish","5":"product_cat-edebiyat","6":"product_cat-siir","7":"pa_cilt-ciltsiz","8":"pa_tur-kitap","9":"pa_yayinevi-favori-yayinlari","10":"pa_yazar-hidir-cam","12":"first","13":"instock","14":"sale","15":"shipping-taxable","16":"purchasable","17":"product-type-simple"},"_links":{"self":[{"href":"https:\/\/roveyayinevi.com.tr\/index.php\/wp-json\/wp\/v2\/product\/760475","targetHints":{"allow":["GET"]}}],"collection":[{"href":"https:\/\/roveyayinevi.com.tr\/index.php\/wp-json\/wp\/v2\/product"}],"about":[{"href":"https:\/\/roveyayinevi.com.tr\/index.php\/wp-json\/wp\/v2\/types\/product"}],"wp:attachment":[{"href":"https:\/\/roveyayinevi.com.tr\/index.php\/wp-json\/wp\/v2\/media?parent=760475"}],"wp:term":[{"taxonomy":"product_brand","embeddable":true,"href":"https:\/\/roveyayinevi.com.tr\/index.php\/wp-json\/wp\/v2\/product_brand?post=760475"},{"taxonomy":"product_cat","embeddable":true,"href":"https:\/\/roveyayinevi.com.tr\/index.php\/wp-json\/wp\/v2\/product_cat?post=760475"},{"taxonomy":"product_tag","embeddable":true,"href":"https:\/\/roveyayinevi.com.tr\/index.php\/wp-json\/wp\/v2\/product_tag?post=760475"}],"curies":[{"name":"wp","href":"https:\/\/api.w.org\/{rel}","templated":true}]}}