{"id":760473,"date":"2025-08-28T09:06:57","date_gmt":"2025-08-28T06:06:57","guid":{"rendered":"https:\/\/roveyayinevi.com.tr\/index.php\/urun\/hayvanlarla-piyano-maceralari-piyano-icin-12-parca\/"},"modified":"2026-04-16T03:13:26","modified_gmt":"2026-04-16T00:13:26","slug":"hayvanlarla-piyano-maceralari-piyano-icin-12-parca","status":"publish","type":"product","link":"https:\/\/roveyayinevi.com.tr\/index.php\/urun\/hayvanlarla-piyano-maceralari-piyano-icin-12-parca\/","title":{"rendered":"Hayvanlarla Piyano Maceralar\u0131 -Piyano i\u00e7in 12 Par\u00e7a"},"content":{"rendered":"<p>12 piyano par\u00e7as\u0131ndan olu\u015fan hayvan temal\u0131 bu kitap, \u00e7ocuklara m\u00fczikle hayvanlar\u0131n d\u00fcnyas\u0131n\u0131 kendi hayal g\u00fc\u00e7leriyle ke\u015ffetme ve \u00f6\u011frenme olana\u011f\u0131 sunmaktad\u0131r. Her par\u00e7ada, piyanonun temel \u00e7alma prensipleri kullan\u0131larak, hayvanlar\u0131n ya\u015famsal dinamiklerini \u00f6n plana \u00e7\u0131karan temsili yaz\u0131 tekniklerine yer verilmi\u015ftir. Her bir par\u00e7a bir hayvan\u0131 temsil etmektedir. Bu hayvanlar, tav\u015fan, kanarya, lama, ku\u011fu, maymun, kedi, kaplumba\u011fa, k\u00f6pekbal\u0131\u011f\u0131, ar\u0131, salyangoz, kelebek, fil ve sincapt\u0131r. \u00d6rne\u011fin; \u201cA\u011fa\u00e7taki \u0130ki Maymun\u201d adl\u0131 par\u00e7ada, m\u00fczik yaz\u0131s\u0131nda yer verilen onalt\u0131l\u0131k nota de\u011feri ve \u00fc\u00e7l\u00fc aral\u0131k yaz\u0131 tekni\u011fi, maymunun do\u011fas\u0131nda olan daldan dala atlama hareketleri temsil edilmi\u015ftir. Bunun yan\u0131 s\u0131ra, hayvanlar\u0131n kendi do\u011fas\u0131n\u0131 \u00f6n planda tutan n\u00fcans, tempo ve piyano yaz\u0131m teknikleri, her bir hayvan\u0131 oldu\u011fu haliyle yans\u0131tabilmek i\u00e7in \u00f6zenle se\u00e7ilmi\u015ftir. Kitab\u0131n minik sanat\u00e7\u0131lara sundu\u011fu en \u00f6nemli \u00f6zellik, her par\u00e7a i\u00e7in belirlenen hayvan\u0131n m\u00fczikle paralel olarak, kendilerinin yarataca\u011f\u0131 H\u0130K\u00c2YE olu\u015fturma b\u00f6l\u00fcm\u00fcd\u00fcr. Bu b\u00f6l\u00fcm, her \u00e7ocu\u011fun kendi yarat\u0131m g\u00fcc\u00fcn\u00fc geli\u015ftiren ve her hayvanla kuraca\u011f\u0131 ili\u015fkiye ba\u011fl\u0131 olarak, kendi hayal d\u00fcnyas\u0131ndan \u00e7\u0131kan hik\u00e2yeleri yazma f\u0131rsat\u0131 sunmaktad\u0131r. Bunun \u00f6nemi, minik sanat\u00e7\u0131lar\u0131n, piyano yaz\u0131s\u0131ndan ve teknik \u00e7al\u0131\u015f bi\u00e7imlerinden \u00f6te, e\u011flenerek \u00f6\u011frenme ve kendi ki\u015fisel yorumlar\u0131n\u0131 ortaya koyma \u00f6zg\u00fcrl\u00fc\u011f\u00fcn\u00fc yakalayabilmeleridir. Hik\u00e2ye olu\u015fturma b\u00f6l\u00fcm\u00fc tamamen \u00f6zg\u00fcr yarat\u0131m alan\u0131d\u0131r. Par\u00e7a g\u00f6rselinde k\u0131sa k\u0131sa y\u00f6nelimler verilmi\u015ftir. Kitab\u0131n g\u00f6rsel k\u0131sm\u0131m\u0131n alt\u0131nda yer alan bu y\u00f6nelimler, hem hik\u00e2yesini kendi yazd\u0131\u011f\u0131 hem de par\u00e7ada g\u00f6sterece\u011fi ki\u015fisel yorumculu\u011funu, dolay\u0131s\u0131yla sanat\u00e7\u0131 olma yolunda ataca\u011f\u0131 en \u00f6nemli ad\u0131mlar\u0131 olu\u015fturmaktad\u0131r. Kitaptaki eserlerin Youtube video kay\u0131tlar\u0131na M\u00fczik E\u011fitimi Yay\u0131nlar\u0131 Youtube kanal\u0131ndan ula\u015fabilirsiniz. <\/p>\n","protected":false},"excerpt":{"rendered":"<p>12 piyano par\u00e7as\u0131ndan olu\u015fan hayvan temal\u0131 bu kitap, \u00e7ocuklara m\u00fczikle hayvanlar\u0131n d\u00fcnyas\u0131n\u0131 kendi hayal g\u00fc\u00e7leriyle ke\u015ffetme ve \u00f6\u011frenme olana\u011f\u0131 sunmaktad\u0131r. Her par\u00e7ada, piyanonun temel \u00e7alma prensipleri<span class=\"excerpt-hellip\"> [\u2026]<\/span><\/p>\n","protected":false},"featured_media":0,"template":"","meta":{"_monsterinsights_skip_tracking":false,"_monsterinsights_sitenote_active":false,"_monsterinsights_sitenote_note":"","_monsterinsights_sitenote_category":0},"product_brand":[],"product_cat":[14556,20810],"product_tag":[],"class_list":{"0":"post-760473","1":"product","2":"type-product","3":"status-publish","5":"product_cat-muzik","6":"product_cat-ogrenim-kitaplari","7":"pa_cilt-ciltsiz","8":"pa_tur-kitap","9":"pa_yayinevi-muzik-egitimi-yayinlari","10":"pa_yazar-sibel-sarican-gunduz","12":"first","13":"instock","14":"sale","15":"shipping-taxable","16":"purchasable","17":"product-type-simple"},"_links":{"self":[{"href":"https:\/\/roveyayinevi.com.tr\/index.php\/wp-json\/wp\/v2\/product\/760473","targetHints":{"allow":["GET"]}}],"collection":[{"href":"https:\/\/roveyayinevi.com.tr\/index.php\/wp-json\/wp\/v2\/product"}],"about":[{"href":"https:\/\/roveyayinevi.com.tr\/index.php\/wp-json\/wp\/v2\/types\/product"}],"wp:attachment":[{"href":"https:\/\/roveyayinevi.com.tr\/index.php\/wp-json\/wp\/v2\/media?parent=760473"}],"wp:term":[{"taxonomy":"product_brand","embeddable":true,"href":"https:\/\/roveyayinevi.com.tr\/index.php\/wp-json\/wp\/v2\/product_brand?post=760473"},{"taxonomy":"product_cat","embeddable":true,"href":"https:\/\/roveyayinevi.com.tr\/index.php\/wp-json\/wp\/v2\/product_cat?post=760473"},{"taxonomy":"product_tag","embeddable":true,"href":"https:\/\/roveyayinevi.com.tr\/index.php\/wp-json\/wp\/v2\/product_tag?post=760473"}],"curies":[{"name":"wp","href":"https:\/\/api.w.org\/{rel}","templated":true}]}}