{"id":760472,"date":"2025-08-28T09:06:55","date_gmt":"2025-08-28T06:06:55","guid":{"rendered":"https:\/\/roveyayinevi.com.tr\/index.php\/urun\/dedemin-bastonundaki-sir\/"},"modified":"2026-04-16T03:13:26","modified_gmt":"2026-04-16T00:13:26","slug":"dedemin-bastonundaki-sir","status":"publish","type":"product","link":"https:\/\/roveyayinevi.com.tr\/index.php\/urun\/dedemin-bastonundaki-sir\/","title":{"rendered":"Dedemin Bastonundaki S\u0131r"},"content":{"rendered":"<p>On bir ya\u015f\u0131ndaki Mete, tepelerle \u00e7evrili bir kasabada annesi, babas\u0131, ninesi ve hayvanlar\u0131yla ya\u015famaktad\u0131r. \u00c7ok sevdigi ninesi hasta yatarken \u00f6nceki y\u0131l vefat eden dedesinin bastonunu elde etmek isteyen bir cad\u0131, Mete\u2019yi g\u00f6ky\u00fcz\u00fcndeki evine ka\u00e7\u0131r\u0131yor. Mete&#8217;ye anlam bilgisi kurallar\u0131n\u0131n oyunlarla soruldu\u011fu g\u00f6ky\u00fcz\u00fcnde heyecanl\u0131 bir macera ba\u015fl\u0131yor. Mete, sorulara do\u011fru cevaplar verip evine d\u00f6nebilecek mi? Ninesinin anlatt\u0131\u011f\u0131 Kelo\u011flan masal\u0131 mutlu sona ula\u015facak m\u0131? M\u00fcfredata g\u00f6re haz\u0131rlanan kitapta kullan\u0131lan ikilemeler, deyim ve atas\u00f6zleri de \u00e7ocuklar\u0131m\u0131z\u0131n dilini zenginle\u015ftirmeyi ama\u00e7liyor. 5, 6, 7. s\u0131n\u0131f \u00f6\u011frencilerinin &#8220;ikileme, somut-soyut, ger\u00e7ek-mecaz, e\u015f-z\u0131t anlaml\u0131, e\u015f sesli s\u00f6zc\u00fckleri, deyim ve atas\u00f6zleri\u201dni tan\u0131mlar\u0131yla beraber, Mete\u2019yle bir maceraya at\u0131larak masal tad\u0131nda kavrayacaklar\u0131 bir kitap, Dedemin Bastonundaki S\u0131r. <\/p>\n","protected":false},"excerpt":{"rendered":"<p>On bir ya\u015f\u0131ndaki Mete, tepelerle \u00e7evrili bir kasabada annesi, babas\u0131, ninesi ve hayvanlar\u0131yla ya\u015famaktad\u0131r. \u00c7ok sevdigi ninesi hasta yatarken \u00f6nceki y\u0131l vefat eden dedesinin bastonunu elde<span class=\"excerpt-hellip\"> [\u2026]<\/span><\/p>\n","protected":false},"featured_media":0,"template":"","meta":{"_monsterinsights_skip_tracking":false,"_monsterinsights_sitenote_active":false,"_monsterinsights_sitenote_note":"","_monsterinsights_sitenote_category":0},"product_brand":[],"product_cat":[12274,12523],"product_tag":[],"class_list":{"0":"post-760472","1":"product","2":"type-product","3":"status-publish","5":"product_cat-cocuk-ve-genclik-kitaplari","6":"product_cat-masallar","7":"pa_cilt-ciltsiz","8":"pa_tur-kitap","9":"pa_yayinevi-kilavuz-kaptan-yayinlari","10":"pa_yazar-fazilet-sitare","12":"first","13":"instock","14":"sale","15":"shipping-taxable","16":"purchasable","17":"product-type-simple"},"_links":{"self":[{"href":"https:\/\/roveyayinevi.com.tr\/index.php\/wp-json\/wp\/v2\/product\/760472","targetHints":{"allow":["GET"]}}],"collection":[{"href":"https:\/\/roveyayinevi.com.tr\/index.php\/wp-json\/wp\/v2\/product"}],"about":[{"href":"https:\/\/roveyayinevi.com.tr\/index.php\/wp-json\/wp\/v2\/types\/product"}],"wp:attachment":[{"href":"https:\/\/roveyayinevi.com.tr\/index.php\/wp-json\/wp\/v2\/media?parent=760472"}],"wp:term":[{"taxonomy":"product_brand","embeddable":true,"href":"https:\/\/roveyayinevi.com.tr\/index.php\/wp-json\/wp\/v2\/product_brand?post=760472"},{"taxonomy":"product_cat","embeddable":true,"href":"https:\/\/roveyayinevi.com.tr\/index.php\/wp-json\/wp\/v2\/product_cat?post=760472"},{"taxonomy":"product_tag","embeddable":true,"href":"https:\/\/roveyayinevi.com.tr\/index.php\/wp-json\/wp\/v2\/product_tag?post=760472"}],"curies":[{"name":"wp","href":"https:\/\/api.w.org\/{rel}","templated":true}]}}