{"id":760470,"date":"2025-08-28T09:06:52","date_gmt":"2025-08-28T06:06:52","guid":{"rendered":"https:\/\/roveyayinevi.com.tr\/index.php\/urun\/kabenin-oglu-ali-3\/"},"modified":"2026-04-16T03:13:26","modified_gmt":"2026-04-16T00:13:26","slug":"kabenin-oglu-ali-3","status":"publish","type":"product","link":"https:\/\/roveyayinevi.com.tr\/index.php\/urun\/kabenin-oglu-ali-3\/","title":{"rendered":"Kabenin O\u011flu Ali &#8211; 3"},"content":{"rendered":"<p>Y\u0131l, 657 Yer, S\u0131ffin\u2026 D\u00fcnya sahnesinin son perdesinde saflar yeniden belirlendi\u2026 Rahman ordusunun komutan\u0131 ak\u0131l\u2026 \u0130blis ordusunun komutan\u0131 heves ve hevayd\u0131\u2026 Ve F\u0131rat\u2019\u0131n iki yan\u0131nda bin y\u0131llar\u0131n kaderi yaz\u0131ld\u0131\u2026 Adalet ve zulm\u00fcn\u2026 Onur ve hilenin\u2026 \u0130nan\u00e7 ve k\u00fcfr\u00fcn\u2026 \u0130taat ve sadakatin\u2026 Ayd\u0131nl\u0131k ve karanl\u0131\u011f\u0131n kadim sava\u015f\u0131yd\u0131\u2026 Ve gelece\u011fin duvarlar\u0131n\u0131 yalanlarla \u00f6r\u00fcp, \u0130slam\u2019\u0131 ikiye b\u00f6ld\u00fcler\u2026 Hakk\u0131 \u00f6ld\u00fcr\u00fcp bat\u0131l\u0131 dirilttiler\u2026 Oysa en b\u00fcy\u00fck cihad nefisle oland\u0131\u2026 <\/p>\n","protected":false},"excerpt":{"rendered":"<p>Y\u0131l, 657 Yer, S\u0131ffin\u2026 D\u00fcnya sahnesinin son perdesinde saflar yeniden belirlendi\u2026 Rahman ordusunun komutan\u0131 ak\u0131l\u2026 \u0130blis ordusunun komutan\u0131 heves ve hevayd\u0131\u2026 Ve F\u0131rat\u2019\u0131n iki yan\u0131nda bin<span class=\"excerpt-hellip\"> [\u2026]<\/span><\/p>\n","protected":false},"featured_media":0,"template":"","meta":{"_monsterinsights_skip_tracking":false,"_monsterinsights_sitenote_active":false,"_monsterinsights_sitenote_note":"","_monsterinsights_sitenote_category":0},"product_brand":[],"product_cat":[12291,12711],"product_tag":[],"class_list":{"0":"post-760470","1":"product","2":"type-product","3":"status-publish","5":"product_cat-edebiyat","6":"product_cat-roman-oyku","7":"pa_cilt-ciltsiz","8":"pa_tur-kitap","9":"pa_yayinevi-la-kitap-yayinlari","10":"pa_yazar-ilknur-altintas","12":"first","13":"instock","14":"sale","15":"shipping-taxable","16":"purchasable","17":"product-type-simple"},"_links":{"self":[{"href":"https:\/\/roveyayinevi.com.tr\/index.php\/wp-json\/wp\/v2\/product\/760470","targetHints":{"allow":["GET"]}}],"collection":[{"href":"https:\/\/roveyayinevi.com.tr\/index.php\/wp-json\/wp\/v2\/product"}],"about":[{"href":"https:\/\/roveyayinevi.com.tr\/index.php\/wp-json\/wp\/v2\/types\/product"}],"wp:attachment":[{"href":"https:\/\/roveyayinevi.com.tr\/index.php\/wp-json\/wp\/v2\/media?parent=760470"}],"wp:term":[{"taxonomy":"product_brand","embeddable":true,"href":"https:\/\/roveyayinevi.com.tr\/index.php\/wp-json\/wp\/v2\/product_brand?post=760470"},{"taxonomy":"product_cat","embeddable":true,"href":"https:\/\/roveyayinevi.com.tr\/index.php\/wp-json\/wp\/v2\/product_cat?post=760470"},{"taxonomy":"product_tag","embeddable":true,"href":"https:\/\/roveyayinevi.com.tr\/index.php\/wp-json\/wp\/v2\/product_tag?post=760470"}],"curies":[{"name":"wp","href":"https:\/\/api.w.org\/{rel}","templated":true}]}}