{"id":760469,"date":"2025-08-28T09:06:50","date_gmt":"2025-08-28T06:06:50","guid":{"rendered":"https:\/\/roveyayinevi.com.tr\/index.php\/urun\/tom-sawyerin-maceralari-ciltli-2\/"},"modified":"2026-04-16T03:13:26","modified_gmt":"2026-04-16T00:13:26","slug":"tom-sawyerin-maceralari-ciltli-2","status":"publish","type":"product","link":"https:\/\/roveyayinevi.com.tr\/index.php\/urun\/tom-sawyerin-maceralari-ciltli-2\/","title":{"rendered":"Tom Sawyer\u2019\u0131n Maceralar\u0131 (Ciltli)"},"content":{"rendered":"<p>Tom Sawyer her g\u00fcn t\u00fcrl\u00fc t\u00fcrl\u00fc yaramazl\u0131klar ve yepyeni maceralar pe\u015finde ko\u015fan, ele avuca s\u0131\u011fmaz bir \u00e7ocuk. G\u00fcn oluyor arkada\u015f\u0131 Huckleberry Finn ile korsan olup hazine av\u0131na \u00e7\u0131k\u0131yor, g\u00fcn oluyor \u0131ss\u0131z bir adada diledi\u011fi gibi ya\u015f\u0131yor. Macera merak\u0131 y\u00fcz\u00fcnden ba\u015f\u0131na t\u00fcrl\u00fc dertler a\u00e7\u0131lsa da o hayal kurmaktan ve yeni maceralar aramaktan asla vazge\u00e7miyor. <\/p>\n","protected":false},"excerpt":{"rendered":"<p>Tom Sawyer her g\u00fcn t\u00fcrl\u00fc t\u00fcrl\u00fc yaramazl\u0131klar ve yepyeni maceralar pe\u015finde ko\u015fan, ele avuca s\u0131\u011fmaz bir \u00e7ocuk. G\u00fcn oluyor arkada\u015f\u0131 Huckleberry Finn ile korsan olup hazine<span class=\"excerpt-hellip\"> [\u2026]<\/span><\/p>\n","protected":false},"featured_media":0,"template":"","meta":{"_monsterinsights_skip_tracking":false,"_monsterinsights_sitenote_active":false,"_monsterinsights_sitenote_note":"","_monsterinsights_sitenote_category":0},"product_brand":[],"product_cat":[12274,12467],"product_tag":[],"class_list":{"0":"post-760469","1":"product","2":"type-product","3":"status-publish","5":"product_cat-cocuk-ve-genclik-kitaplari","6":"product_cat-dunya-klasikleri","7":"pa_cilt-ciltli","8":"pa_tur-kitap","9":"pa_yayinevi-beyaz-balina-yayinlari","10":"pa_yazar-mark-twain","12":"first","13":"instock","14":"sale","15":"shipping-taxable","16":"purchasable","17":"product-type-simple"},"_links":{"self":[{"href":"https:\/\/roveyayinevi.com.tr\/index.php\/wp-json\/wp\/v2\/product\/760469","targetHints":{"allow":["GET"]}}],"collection":[{"href":"https:\/\/roveyayinevi.com.tr\/index.php\/wp-json\/wp\/v2\/product"}],"about":[{"href":"https:\/\/roveyayinevi.com.tr\/index.php\/wp-json\/wp\/v2\/types\/product"}],"wp:attachment":[{"href":"https:\/\/roveyayinevi.com.tr\/index.php\/wp-json\/wp\/v2\/media?parent=760469"}],"wp:term":[{"taxonomy":"product_brand","embeddable":true,"href":"https:\/\/roveyayinevi.com.tr\/index.php\/wp-json\/wp\/v2\/product_brand?post=760469"},{"taxonomy":"product_cat","embeddable":true,"href":"https:\/\/roveyayinevi.com.tr\/index.php\/wp-json\/wp\/v2\/product_cat?post=760469"},{"taxonomy":"product_tag","embeddable":true,"href":"https:\/\/roveyayinevi.com.tr\/index.php\/wp-json\/wp\/v2\/product_tag?post=760469"}],"curies":[{"name":"wp","href":"https:\/\/api.w.org\/{rel}","templated":true}]}}