{"id":760466,"date":"2025-08-28T09:06:45","date_gmt":"2025-08-28T06:06:45","guid":{"rendered":"https:\/\/roveyayinevi.com.tr\/index.php\/urun\/peter-pan-ciltli\/"},"modified":"2026-04-16T03:13:26","modified_gmt":"2026-04-16T00:13:26","slug":"peter-pan-ciltli","status":"publish","type":"product","link":"https:\/\/roveyayinevi.com.tr\/index.php\/urun\/peter-pan-ciltli\/","title":{"rendered":"Peter Pan (Ciltli)"},"content":{"rendered":"<p>B\u00fcy\u00fcmeyi reddeden ve hep \u00e7ocuk kalan Peter Pan bir gece Wendy ve iki erkek karde\u015fine u\u00e7may\u0131 \u00f6\u011fretip onlar\u0131 yan\u0131nda D\u00fc\u015fler \u00dclkesi\u2019ne g\u00f6t\u00fcr\u00fcr. Orada K\u0131z\u0131lderililerle, kay\u0131p \u00e7ocuklarla, korsanlarla ve u\u011fursuz Kaptan Kanca ile kar\u015f\u0131la\u015fan \u00e7ocuklar\u0131 t\u00fcrl\u00fc t\u00fcrl\u00fc maceralar beklemektedir. <\/p>\n","protected":false},"excerpt":{"rendered":"<p>B\u00fcy\u00fcmeyi reddeden ve hep \u00e7ocuk kalan Peter Pan bir gece Wendy ve iki erkek karde\u015fine u\u00e7may\u0131 \u00f6\u011fretip onlar\u0131 yan\u0131nda D\u00fc\u015fler \u00dclkesi\u2019ne g\u00f6t\u00fcr\u00fcr. Orada K\u0131z\u0131lderililerle, kay\u0131p \u00e7ocuklarla,<span class=\"excerpt-hellip\"> [\u2026]<\/span><\/p>\n","protected":false},"featured_media":0,"template":"","meta":{"_monsterinsights_skip_tracking":false,"_monsterinsights_sitenote_active":false,"_monsterinsights_sitenote_note":"","_monsterinsights_sitenote_category":0},"product_brand":[],"product_cat":[12274,12467],"product_tag":[],"class_list":{"0":"post-760466","1":"product","2":"type-product","3":"status-publish","5":"product_cat-cocuk-ve-genclik-kitaplari","6":"product_cat-dunya-klasikleri","7":"pa_cilt-ciltli","8":"pa_tur-kitap","9":"pa_yayinevi-beyaz-balina-yayinlari","10":"pa_yazar-james-matthew-barrie","12":"first","13":"instock","14":"sale","15":"shipping-taxable","16":"purchasable","17":"product-type-simple"},"_links":{"self":[{"href":"https:\/\/roveyayinevi.com.tr\/index.php\/wp-json\/wp\/v2\/product\/760466","targetHints":{"allow":["GET"]}}],"collection":[{"href":"https:\/\/roveyayinevi.com.tr\/index.php\/wp-json\/wp\/v2\/product"}],"about":[{"href":"https:\/\/roveyayinevi.com.tr\/index.php\/wp-json\/wp\/v2\/types\/product"}],"wp:attachment":[{"href":"https:\/\/roveyayinevi.com.tr\/index.php\/wp-json\/wp\/v2\/media?parent=760466"}],"wp:term":[{"taxonomy":"product_brand","embeddable":true,"href":"https:\/\/roveyayinevi.com.tr\/index.php\/wp-json\/wp\/v2\/product_brand?post=760466"},{"taxonomy":"product_cat","embeddable":true,"href":"https:\/\/roveyayinevi.com.tr\/index.php\/wp-json\/wp\/v2\/product_cat?post=760466"},{"taxonomy":"product_tag","embeddable":true,"href":"https:\/\/roveyayinevi.com.tr\/index.php\/wp-json\/wp\/v2\/product_tag?post=760466"}],"curies":[{"name":"wp","href":"https:\/\/api.w.org\/{rel}","templated":true}]}}