{"id":760465,"date":"2025-08-28T09:06:44","date_gmt":"2025-08-28T06:06:44","guid":{"rendered":"https:\/\/roveyayinevi.com.tr\/index.php\/urun\/cocuk-klasikleri-oz-buyucusu-ciltli\/"},"modified":"2026-04-16T03:13:26","modified_gmt":"2026-04-16T00:13:26","slug":"cocuk-klasikleri-oz-buyucusu-ciltli","status":"publish","type":"product","link":"https:\/\/roveyayinevi.com.tr\/index.php\/urun\/cocuk-klasikleri-oz-buyucusu-ciltli\/","title":{"rendered":"\u00c7ocuk Klasikleri: Oz B\u00fcy\u00fcc\u00fcs\u00fc (Ciltli)"},"content":{"rendered":"<p>K\u00fc\u00e7\u00fck Dorothy bir kas\u0131rgayla b\u00fcy\u00fcl\u00fc Oz Diyar\u0131\u2019na savrulur. Evine d\u00f6nebilmesi i\u00e7in ona yard\u0131m edebilecek bir tek ki\u015fi vard\u0131r: Oz B\u00fcy\u00fcc\u00fcs\u00fc. Dorothy, Oz B\u00fcy\u00fcc\u00fcs\u00fc\u2019n\u00fc bulmak i\u00e7in bir korkuluk, bir teneke adam ve bir aslan ile \u00e7\u0131kt\u0131\u011f\u0131 bu yolculukta birbirinden ilgin\u00e7 maceralar ya\u015fayacak, sevginin ve dostlu\u011fun g\u00fcc\u00fc sayesinde neler ba\u015far\u0131labilece\u011fini ke\u015ffedecektir.<\/p>\n","protected":false},"excerpt":{"rendered":"<p>K\u00fc\u00e7\u00fck Dorothy bir kas\u0131rgayla b\u00fcy\u00fcl\u00fc Oz Diyar\u0131\u2019na savrulur. Evine d\u00f6nebilmesi i\u00e7in ona yard\u0131m edebilecek bir tek ki\u015fi vard\u0131r: Oz B\u00fcy\u00fcc\u00fcs\u00fc. Dorothy, Oz B\u00fcy\u00fcc\u00fcs\u00fc\u2019n\u00fc bulmak i\u00e7in bir<span class=\"excerpt-hellip\"> [\u2026]<\/span><\/p>\n","protected":false},"featured_media":0,"template":"","meta":{"_monsterinsights_skip_tracking":false,"_monsterinsights_sitenote_active":false,"_monsterinsights_sitenote_note":"","_monsterinsights_sitenote_category":0},"product_brand":[],"product_cat":[12274,12467],"product_tag":[],"class_list":{"0":"post-760465","1":"product","2":"type-product","3":"status-publish","5":"product_cat-cocuk-ve-genclik-kitaplari","6":"product_cat-dunya-klasikleri","7":"pa_cilt-ciltli","8":"pa_tur-kitap","9":"pa_yayinevi-beyaz-balina-yayinlari","10":"pa_yazar-l-frank-baum","12":"first","13":"instock","14":"sale","15":"shipping-taxable","16":"purchasable","17":"product-type-simple"},"_links":{"self":[{"href":"https:\/\/roveyayinevi.com.tr\/index.php\/wp-json\/wp\/v2\/product\/760465","targetHints":{"allow":["GET"]}}],"collection":[{"href":"https:\/\/roveyayinevi.com.tr\/index.php\/wp-json\/wp\/v2\/product"}],"about":[{"href":"https:\/\/roveyayinevi.com.tr\/index.php\/wp-json\/wp\/v2\/types\/product"}],"wp:attachment":[{"href":"https:\/\/roveyayinevi.com.tr\/index.php\/wp-json\/wp\/v2\/media?parent=760465"}],"wp:term":[{"taxonomy":"product_brand","embeddable":true,"href":"https:\/\/roveyayinevi.com.tr\/index.php\/wp-json\/wp\/v2\/product_brand?post=760465"},{"taxonomy":"product_cat","embeddable":true,"href":"https:\/\/roveyayinevi.com.tr\/index.php\/wp-json\/wp\/v2\/product_cat?post=760465"},{"taxonomy":"product_tag","embeddable":true,"href":"https:\/\/roveyayinevi.com.tr\/index.php\/wp-json\/wp\/v2\/product_tag?post=760465"}],"curies":[{"name":"wp","href":"https:\/\/api.w.org\/{rel}","templated":true}]}}