{"id":760464,"date":"2025-08-28T09:06:42","date_gmt":"2025-08-28T06:06:42","guid":{"rendered":"https:\/\/roveyayinevi.com.tr\/index.php\/urun\/heidi-ciltli\/"},"modified":"2026-04-16T03:13:26","modified_gmt":"2026-04-16T00:13:26","slug":"heidi-ciltli","status":"publish","type":"product","link":"https:\/\/roveyayinevi.com.tr\/index.php\/urun\/heidi-ciltli\/","title":{"rendered":"Heidi (Ciltli)"},"content":{"rendered":"<p>K\u00fc\u00e7\u00fck Heidi i\u00e7in her yeni g\u00fcn yeni bir macera demek. Da\u011flardaki evinde, b\u00fcy\u00fckbabas\u0131yla, ke\u00e7ileriyle ve arkada\u015f\u0131 Peter\u2019le \u00f6yle mutlu ki oradan bir g\u00fcn bile ayr\u0131lmak istemiyor. Ama Heidi bir g\u00fcn Klara ad\u0131ndaki bir k\u0131z \u00e7ocu\u011fuyla arkada\u015fl\u0131k etmesi i\u00e7in \u015fehre g\u00f6t\u00fcr\u00fcl\u00fcyor. Sevgi dolu evinden ve o \u00e7ok sevdi\u011fi da\u011flardan uzakta \u00e7ok mutsuz olan Heidi acaba evine ve b\u00fcy\u00fckbabas\u0131na kavu\u015fabilecek mi?<\/p>\n","protected":false},"excerpt":{"rendered":"<p>K\u00fc\u00e7\u00fck Heidi i\u00e7in her yeni g\u00fcn yeni bir macera demek. Da\u011flardaki evinde, b\u00fcy\u00fckbabas\u0131yla, ke\u00e7ileriyle ve arkada\u015f\u0131 Peter\u2019le \u00f6yle mutlu ki oradan bir g\u00fcn bile ayr\u0131lmak istemiyor.<span class=\"excerpt-hellip\"> [\u2026]<\/span><\/p>\n","protected":false},"featured_media":0,"template":"","meta":{"_monsterinsights_skip_tracking":false,"_monsterinsights_sitenote_active":false,"_monsterinsights_sitenote_note":"","_monsterinsights_sitenote_category":0},"product_brand":[],"product_cat":[12274,12467],"product_tag":[],"class_list":{"0":"post-760464","1":"product","2":"type-product","3":"status-publish","5":"product_cat-cocuk-ve-genclik-kitaplari","6":"product_cat-dunya-klasikleri","7":"pa_cilt-ciltli","8":"pa_tur-kitap","9":"pa_yayinevi-beyaz-balina-yayinlari","10":"pa_yazar-johanna-spyri","12":"first","13":"instock","14":"sale","15":"shipping-taxable","16":"purchasable","17":"product-type-simple"},"_links":{"self":[{"href":"https:\/\/roveyayinevi.com.tr\/index.php\/wp-json\/wp\/v2\/product\/760464","targetHints":{"allow":["GET"]}}],"collection":[{"href":"https:\/\/roveyayinevi.com.tr\/index.php\/wp-json\/wp\/v2\/product"}],"about":[{"href":"https:\/\/roveyayinevi.com.tr\/index.php\/wp-json\/wp\/v2\/types\/product"}],"wp:attachment":[{"href":"https:\/\/roveyayinevi.com.tr\/index.php\/wp-json\/wp\/v2\/media?parent=760464"}],"wp:term":[{"taxonomy":"product_brand","embeddable":true,"href":"https:\/\/roveyayinevi.com.tr\/index.php\/wp-json\/wp\/v2\/product_brand?post=760464"},{"taxonomy":"product_cat","embeddable":true,"href":"https:\/\/roveyayinevi.com.tr\/index.php\/wp-json\/wp\/v2\/product_cat?post=760464"},{"taxonomy":"product_tag","embeddable":true,"href":"https:\/\/roveyayinevi.com.tr\/index.php\/wp-json\/wp\/v2\/product_tag?post=760464"}],"curies":[{"name":"wp","href":"https:\/\/api.w.org\/{rel}","templated":true}]}}