{"id":760463,"date":"2025-08-28T09:06:41","date_gmt":"2025-08-28T06:06:41","guid":{"rendered":"https:\/\/roveyayinevi.com.tr\/index.php\/urun\/cocuk-klasikleri-dunyanin-merkezine-yolculuk-ciltli\/"},"modified":"2026-04-16T03:13:26","modified_gmt":"2026-04-16T00:13:26","slug":"cocuk-klasikleri-dunyanin-merkezine-yolculuk-ciltli","status":"publish","type":"product","link":"https:\/\/roveyayinevi.com.tr\/index.php\/urun\/cocuk-klasikleri-dunyanin-merkezine-yolculuk-ciltli\/","title":{"rendered":"\u00c7ocuk Klasikleri: D\u00fcnyan\u0131n Merkezine Yolculuk (Ciltli)"},"content":{"rendered":"<p>Jeoloji profes\u00f6r\u00fc Lidenbrock ile ye\u011feni Axel, bir g\u00fcn eski bir kitab\u0131n aras\u0131nda bir par\u015f\u00f6men bulur. Bu gizemli par\u015f\u00f6men onlar\u0131 d\u00fcnyan\u0131n merkezine do\u011fru tehlikelerle dolu bir yolculu\u011fa s\u00fcr\u00fckleyecektir<\/p>\n","protected":false},"excerpt":{"rendered":"<p>Jeoloji profes\u00f6r\u00fc Lidenbrock ile ye\u011feni Axel, bir g\u00fcn eski bir kitab\u0131n aras\u0131nda bir par\u015f\u00f6men bulur. Bu gizemli par\u015f\u00f6men onlar\u0131 d\u00fcnyan\u0131n merkezine do\u011fru tehlikelerle dolu bir yolculu\u011fa<span class=\"excerpt-hellip\"> [\u2026]<\/span><\/p>\n","protected":false},"featured_media":0,"template":"","meta":{"_monsterinsights_skip_tracking":false,"_monsterinsights_sitenote_active":false,"_monsterinsights_sitenote_note":"","_monsterinsights_sitenote_category":0},"product_brand":[],"product_cat":[12274,12467],"product_tag":[],"class_list":{"0":"post-760463","1":"product","2":"type-product","3":"status-publish","5":"product_cat-cocuk-ve-genclik-kitaplari","6":"product_cat-dunya-klasikleri","7":"pa_cilt-ciltli","8":"pa_tur-kitap","9":"pa_yayinevi-beyaz-balina-yayinlari","10":"pa_yazar-jules-verne","12":"first","13":"instock","14":"sale","15":"shipping-taxable","16":"purchasable","17":"product-type-simple"},"_links":{"self":[{"href":"https:\/\/roveyayinevi.com.tr\/index.php\/wp-json\/wp\/v2\/product\/760463","targetHints":{"allow":["GET"]}}],"collection":[{"href":"https:\/\/roveyayinevi.com.tr\/index.php\/wp-json\/wp\/v2\/product"}],"about":[{"href":"https:\/\/roveyayinevi.com.tr\/index.php\/wp-json\/wp\/v2\/types\/product"}],"wp:attachment":[{"href":"https:\/\/roveyayinevi.com.tr\/index.php\/wp-json\/wp\/v2\/media?parent=760463"}],"wp:term":[{"taxonomy":"product_brand","embeddable":true,"href":"https:\/\/roveyayinevi.com.tr\/index.php\/wp-json\/wp\/v2\/product_brand?post=760463"},{"taxonomy":"product_cat","embeddable":true,"href":"https:\/\/roveyayinevi.com.tr\/index.php\/wp-json\/wp\/v2\/product_cat?post=760463"},{"taxonomy":"product_tag","embeddable":true,"href":"https:\/\/roveyayinevi.com.tr\/index.php\/wp-json\/wp\/v2\/product_tag?post=760463"}],"curies":[{"name":"wp","href":"https:\/\/api.w.org\/{rel}","templated":true}]}}