{"id":760462,"date":"2025-08-28T09:06:39","date_gmt":"2025-08-28T06:06:39","guid":{"rendered":"https:\/\/roveyayinevi.com.tr\/index.php\/urun\/cocuk-klasikleri-alice-harikalar-diyarinda-ciltli\/"},"modified":"2026-04-16T03:13:26","modified_gmt":"2026-04-16T00:13:26","slug":"cocuk-klasikleri-alice-harikalar-diyarinda-ciltli","status":"publish","type":"product","link":"https:\/\/roveyayinevi.com.tr\/index.php\/urun\/cocuk-klasikleri-alice-harikalar-diyarinda-ciltli\/","title":{"rendered":"\u00c7ocuk Klasikleri: Alice Harikalar Diyar\u0131nda (Ciltli)"},"content":{"rendered":"<p>Bir g\u00fcn beyaz bir tav\u015fan\u0131n pe\u015fine tak\u0131l\u0131p tav\u015fan deli\u011finden a\u015fa\u011f\u0131 yuvarlanan k\u00fc\u00e7\u00fck Alice kendini bir anda Harikalar Diyar\u0131nda bulur. Bir b\u00fcy\u00fcy\u00fcp bir k\u00fc\u00e7\u00fclen, kendi g\u00f6zya\u015flar\u0131nda y\u00fcz\u00fcp flamingolarla kroket oynayan Alice\u2019i bu tuhaf diyarda daha nice ilgin\u00e7 olay beklemektedir<\/p>\n","protected":false},"excerpt":{"rendered":"<p>Bir g\u00fcn beyaz bir tav\u015fan\u0131n pe\u015fine tak\u0131l\u0131p tav\u015fan deli\u011finden a\u015fa\u011f\u0131 yuvarlanan k\u00fc\u00e7\u00fck Alice kendini bir anda Harikalar Diyar\u0131nda bulur. Bir b\u00fcy\u00fcy\u00fcp bir k\u00fc\u00e7\u00fclen, kendi g\u00f6zya\u015flar\u0131nda y\u00fcz\u00fcp<span class=\"excerpt-hellip\"> [\u2026]<\/span><\/p>\n","protected":false},"featured_media":0,"template":"","meta":{"_monsterinsights_skip_tracking":false,"_monsterinsights_sitenote_active":false,"_monsterinsights_sitenote_note":"","_monsterinsights_sitenote_category":0},"product_brand":[],"product_cat":[12274,12467],"product_tag":[],"class_list":{"0":"post-760462","1":"product","2":"type-product","3":"status-publish","5":"product_cat-cocuk-ve-genclik-kitaplari","6":"product_cat-dunya-klasikleri","7":"pa_cilt-ciltli","8":"pa_tur-kitap","9":"pa_yayinevi-beyaz-balina-yayinlari","10":"pa_yazar-lewis-carroll","12":"first","13":"instock","14":"sale","15":"shipping-taxable","16":"purchasable","17":"product-type-simple"},"_links":{"self":[{"href":"https:\/\/roveyayinevi.com.tr\/index.php\/wp-json\/wp\/v2\/product\/760462","targetHints":{"allow":["GET"]}}],"collection":[{"href":"https:\/\/roveyayinevi.com.tr\/index.php\/wp-json\/wp\/v2\/product"}],"about":[{"href":"https:\/\/roveyayinevi.com.tr\/index.php\/wp-json\/wp\/v2\/types\/product"}],"wp:attachment":[{"href":"https:\/\/roveyayinevi.com.tr\/index.php\/wp-json\/wp\/v2\/media?parent=760462"}],"wp:term":[{"taxonomy":"product_brand","embeddable":true,"href":"https:\/\/roveyayinevi.com.tr\/index.php\/wp-json\/wp\/v2\/product_brand?post=760462"},{"taxonomy":"product_cat","embeddable":true,"href":"https:\/\/roveyayinevi.com.tr\/index.php\/wp-json\/wp\/v2\/product_cat?post=760462"},{"taxonomy":"product_tag","embeddable":true,"href":"https:\/\/roveyayinevi.com.tr\/index.php\/wp-json\/wp\/v2\/product_tag?post=760462"}],"curies":[{"name":"wp","href":"https:\/\/api.w.org\/{rel}","templated":true}]}}