{"id":760461,"date":"2025-08-28T09:06:38","date_gmt":"2025-08-28T06:06:38","guid":{"rendered":"https:\/\/roveyayinevi.com.tr\/index.php\/urun\/turkiye-uzerine-tezler-4-butun-eserleri\/"},"modified":"2026-04-16T03:13:26","modified_gmt":"2026-04-16T00:13:26","slug":"turkiye-uzerine-tezler-4-butun-eserleri","status":"publish","type":"product","link":"https:\/\/roveyayinevi.com.tr\/index.php\/urun\/turkiye-uzerine-tezler-4-butun-eserleri\/","title":{"rendered":"T\u00fcrkiye \u00dczerine Tezler 4 B\u00fct\u00fcn Eserleri"},"content":{"rendered":"<p>\u201cT\u00fcrkiye \u00dczerine Tezler\u201d serisinin ilk \u00fc\u00e7 cildinde birbirinden sars\u0131c\u0131 tezler \u00f6ne s\u00fcren Yal\u00e7\u0131n K\u00fc\u00e7\u00fck, d\u00f6rd\u00fcnc\u00fc ciltte T\u00fcrkiye\u2019nin ekonomi-politi\u011fine odaklan\u0131yor ve Eyl\u00fcl 1980 \u00f6ncesi ve sonras\u0131n\u0131n r\u00f6ntgenini \u00e7ekiyor. D\u00f6nemin Cumhuriyet gazetesinde yay\u0131mlanan yaz\u0131lar\u0131n\u0131n ana omurgay\u0131 olu\u015fturdu\u011fu kitab\u0131nda, 70\u2019lerin ba\u015f\u0131ndan 80\u2019lerin sonuna kadarki s\u00fcre\u00e7te T\u00fcrkiye\u2019deki sermaye-i\u015f\u00e7i, devlet-i\u015f\u00e7i ikililerini de\u011ferlendiriyor ve CHP\u2019den ANAP\u2019a uzanan ser\u00fcveninde \u00fclkenin \u201ci\u015f bilmez\u201d idareciler taraf\u0131ndan g\u00fcn ge\u00e7tik\u00e7e nas\u0131l y\u00f6netilemez hale geldi\u011fini anlat\u0131p yap\u0131lan hatalar\u0131 dile getiriyor. Be\u015f b\u00f6l\u00fcmden olu\u015fan kitapta, K\u00fc\u00e7\u00fck\u2019\u00fcn kendi ifadesiyle belirtmek gerekirse, \u201ctekelcili\u011fi kapitalizmden \u00f6ne \u00e7\u0131karan ve baz\u0131 temel y\u00f6nleriyle kar\u015f\u0131s\u0131na koyan ilk form\u00fclasyonu\u201d kaleme al\u0131yor. Dolay\u0131s\u0131yla toplumsal kategorilerin kapitalizmin incelenmesinden de\u011fil, tekelcilikten \u00e7\u0131kar\u0131lmas\u0131 gerekti\u011fine ilk kez parmak basm\u0131\u015f oluyor. Te\u015fhisini de en ba\u015ftan yap\u0131yor: \u00d6zal ve onu var eden iklim! Yal\u00e7\u0131n K\u00fc\u00e7\u00fck T\u00fcrkiye \u00dczerine Tezler 4\u2019te zihin a\u00e7maya devam ederken, T\u00fcrkiye\u2019nin tarihini de yeniden yaz\u0131yor. <\/p>\n","protected":false},"excerpt":{"rendered":"<p>\u201cT\u00fcrkiye \u00dczerine Tezler\u201d serisinin ilk \u00fc\u00e7 cildinde birbirinden sars\u0131c\u0131 tezler \u00f6ne s\u00fcren Yal\u00e7\u0131n K\u00fc\u00e7\u00fck, d\u00f6rd\u00fcnc\u00fc ciltte T\u00fcrkiye\u2019nin ekonomi-politi\u011fine odaklan\u0131yor ve Eyl\u00fcl 1980 \u00f6ncesi ve sonras\u0131n\u0131n r\u00f6ntgenini<span class=\"excerpt-hellip\"> [\u2026]<\/span><\/p>\n","protected":false},"featured_media":0,"template":"","meta":{"_monsterinsights_skip_tracking":false,"_monsterinsights_sitenote_active":false,"_monsterinsights_sitenote_note":"","_monsterinsights_sitenote_category":0},"product_brand":[],"product_cat":[12337],"product_tag":[],"class_list":{"0":"post-760461","1":"product","2":"type-product","3":"status-publish","5":"product_cat-politika-siyaset","6":"pa_cilt-ciltsiz","7":"pa_tur-kitap","8":"pa_yayinevi-kirmizi-kedi-yayinevi","9":"pa_yazar-yalcin-kucuk","11":"first","12":"instock","13":"sale","14":"shipping-taxable","15":"purchasable","16":"product-type-simple"},"_links":{"self":[{"href":"https:\/\/roveyayinevi.com.tr\/index.php\/wp-json\/wp\/v2\/product\/760461","targetHints":{"allow":["GET"]}}],"collection":[{"href":"https:\/\/roveyayinevi.com.tr\/index.php\/wp-json\/wp\/v2\/product"}],"about":[{"href":"https:\/\/roveyayinevi.com.tr\/index.php\/wp-json\/wp\/v2\/types\/product"}],"wp:attachment":[{"href":"https:\/\/roveyayinevi.com.tr\/index.php\/wp-json\/wp\/v2\/media?parent=760461"}],"wp:term":[{"taxonomy":"product_brand","embeddable":true,"href":"https:\/\/roveyayinevi.com.tr\/index.php\/wp-json\/wp\/v2\/product_brand?post=760461"},{"taxonomy":"product_cat","embeddable":true,"href":"https:\/\/roveyayinevi.com.tr\/index.php\/wp-json\/wp\/v2\/product_cat?post=760461"},{"taxonomy":"product_tag","embeddable":true,"href":"https:\/\/roveyayinevi.com.tr\/index.php\/wp-json\/wp\/v2\/product_tag?post=760461"}],"curies":[{"name":"wp","href":"https:\/\/api.w.org\/{rel}","templated":true}]}}