{"id":760460,"date":"2025-08-28T09:06:35","date_gmt":"2025-08-28T06:06:35","guid":{"rendered":"https:\/\/roveyayinevi.com.tr\/index.php\/urun\/dans-edisimize-baksaniza\/"},"modified":"2026-04-07T03:19:41","modified_gmt":"2026-04-07T00:19:41","slug":"dans-edisimize-baksaniza","status":"publish","type":"product","link":"https:\/\/roveyayinevi.com.tr\/index.php\/urun\/dans-edisimize-baksaniza\/","title":{"rendered":"Dans Edi\u015fimize Baksan\u0131za"},"content":{"rendered":"<p>Goncourt \u00f6d\u00fcll\u00fc Le\u00efla Slimani\u2019nin Ba\u015fkalar\u0131n\u0131n \u00dclkesi \u00fc\u00e7lemesinin bu ikinci kitab\u0131 Dans Edi\u015fimize Baksan\u0131za, art\u0131k zenginle\u015fmi\u015f ve yerel burjuvazi i\u00e7indeki yerini alm\u0131\u015f Belhac ailesinin ve ba\u011f\u0131ms\u0131zl\u0131\u011f\u0131n\u0131 hen\u00fcz kazanm\u0131\u015f, yeni kimli\u011fini in\u015fa etmenin \u00e7alkant\u0131lar\u0131 i\u00e7indeki Fas\u2019\u0131n hik\u00e2yesine kald\u0131\u011f\u0131 yerden devam ediyor. 1960\u2019lar\u0131n sonu, 70\u2019lerin ba\u015f\u0131nda ge\u00e7en romanda, bir yandan 1968\u2019in \u00f6zg\u00fcrl\u00fck r\u00fczg\u00e2r\u0131, di\u011fer yandan II. Hasan\u2019\u0131n her t\u00fcrl\u00fc muhalefeti bast\u0131ran saltanat\u0131, siyasi polisin faaliyetleri, Fas sahillerinde kendilerine bir cennet bulan hippiler, Do\u011fu ile Bat\u0131 aras\u0131ndaki kendi ikili kimliklerinin ac\u0131s\u0131n\u0131 \u00e7eken okumu\u015flar kar\u015f\u0131m\u0131za \u00e7\u0131k\u0131yor.  Karma\u015f\u0131k bir siyasal-toplumsal arka planda Mathilde ile Emin\u2019in art\u0131k yeti\u015fkin olan \u00e7ocuklar\u0131n\u0131n \u00f6ne \u00e7\u0131kt\u0131\u011f\u0131 bu ikinci kitapta Slimani\u2019nin aile sagas\u0131 daha da derinle\u015ferek devam ediyor\u2026 <\/p>\n","protected":false},"excerpt":{"rendered":"<p>Goncourt \u00f6d\u00fcll\u00fc Le\u00efla Slimani\u2019nin Ba\u015fkalar\u0131n\u0131n \u00dclkesi \u00fc\u00e7lemesinin bu ikinci kitab\u0131 Dans Edi\u015fimize Baksan\u0131za, art\u0131k zenginle\u015fmi\u015f ve yerel burjuvazi i\u00e7indeki yerini alm\u0131\u015f Belhac ailesinin ve ba\u011f\u0131ms\u0131zl\u0131\u011f\u0131n\u0131 hen\u00fcz<span class=\"excerpt-hellip\"> [\u2026]<\/span><\/p>\n","protected":false},"featured_media":0,"template":"","meta":{"_monsterinsights_skip_tracking":false,"_monsterinsights_sitenote_active":false,"_monsterinsights_sitenote_note":"","_monsterinsights_sitenote_category":0},"product_brand":[],"product_cat":[12291,12711],"product_tag":[],"class_list":{"0":"post-760460","1":"product","2":"type-product","3":"status-publish","5":"product_cat-edebiyat","6":"product_cat-roman-oyku","7":"pa_cilt-ciltsiz","8":"pa_tur-kitap","9":"pa_yayinevi-kirmizi-kedi-yayinevi","10":"pa_yazar-leila-slimani","12":"first","13":"instock","14":"sale","15":"shipping-taxable","16":"purchasable","17":"product-type-simple"},"_links":{"self":[{"href":"https:\/\/roveyayinevi.com.tr\/index.php\/wp-json\/wp\/v2\/product\/760460","targetHints":{"allow":["GET"]}}],"collection":[{"href":"https:\/\/roveyayinevi.com.tr\/index.php\/wp-json\/wp\/v2\/product"}],"about":[{"href":"https:\/\/roveyayinevi.com.tr\/index.php\/wp-json\/wp\/v2\/types\/product"}],"wp:attachment":[{"href":"https:\/\/roveyayinevi.com.tr\/index.php\/wp-json\/wp\/v2\/media?parent=760460"}],"wp:term":[{"taxonomy":"product_brand","embeddable":true,"href":"https:\/\/roveyayinevi.com.tr\/index.php\/wp-json\/wp\/v2\/product_brand?post=760460"},{"taxonomy":"product_cat","embeddable":true,"href":"https:\/\/roveyayinevi.com.tr\/index.php\/wp-json\/wp\/v2\/product_cat?post=760460"},{"taxonomy":"product_tag","embeddable":true,"href":"https:\/\/roveyayinevi.com.tr\/index.php\/wp-json\/wp\/v2\/product_tag?post=760460"}],"curies":[{"name":"wp","href":"https:\/\/api.w.org\/{rel}","templated":true}]}}