{"id":760458,"date":"2025-08-28T09:06:32","date_gmt":"2025-08-28T06:06:32","guid":{"rendered":"https:\/\/roveyayinevi.com.tr\/index.php\/urun\/psikoloji-ve-din\/"},"modified":"2026-04-16T03:13:26","modified_gmt":"2026-04-16T00:13:26","slug":"psikoloji-ve-din","status":"publish","type":"product","link":"https:\/\/roveyayinevi.com.tr\/index.php\/urun\/psikoloji-ve-din\/","title":{"rendered":"Psikoloji ve Din"},"content":{"rendered":"<p>Jung\u2019un \u00e7e\u015fitli ba\u011flamlarda kaleme al\u0131nm\u0131\u015f 16 makalesinden olu\u015fturulan Psikoloji ve Din, toplu eserlerinin 11.\u2019sidir. Muhtemelen de Jung\u2019un i\u00e7eri\u011fi en y\u00fckl\u00fc eserlerinden birini te\u015fkil etmektedir. Hinduizm, Taoizm, Hristiyanl\u0131k, Budizm gibi b\u00fcy\u00fck dinler \u00fczerine yapt\u0131\u011f\u0131 eser ve fikir incelemelerinden olu\u015fur. Dinin insan psi\u015fesindeki i\u015flevi nedir? \u2013 Bu kitab\u0131n alt\u0131nda yatan tema budur. \u00d6yleyse din ger\u00e7ekten nedir? Nitekim burada psikanaliz ve arketipler kuram\u0131 y\u00f6ntem olarak kullan\u0131ld\u0131\u011f\u0131na g\u00f6re, din de bilin\u00e7d\u0131\u015f\u0131 bir \u201cd\u00fcrt\u00fc\u201d olarak ele al\u0131nabilir mi? Jung\u2019a ve analitik psikolojiye a\u015fina olanlar bilecektir ki, Jung\u2019a g\u00f6re dinlerin ya da Tanr\u0131 fikrinin metafizik bir soru\u015fturmas\u0131 hi\u00e7bir anlam ifade etmez \u00e7\u00fcnk\u00fc bunlar i\u00e7 d\u00fcnyaya ait olgulard\u0131r. Fakat i\u015fin i\u00e7ine bir de dinin k\u00fclt\u00fcrelli\u011fi dahil oldu\u011funda, \u015fimdi de halklar\u0131n inan\u00e7 ve tanr\u0131lar\u0131n\u0131 ne gibi bir zihin durumuyla yaratt\u0131\u011f\u0131 sorusu do\u011fuyor. Do\u011fu\u2019nun \u00fcst bilin\u00e7 ya da y\u00fcksek bilin\u00e7 diye adland\u0131rd\u0131\u011f\u0131 \u015feye Bat\u0131 bilin\u00e7d\u0131\u015f\u0131 diyor. Beriki i\u00e7in korkun\u00e7 bir karanl\u0131k olan \u015fey, ilki i\u00e7in en nihai ayd\u0131nlanma oluyor. \u201c\u0130\u00e7imizdeki Tanr\u0131y\u0131 bulmak\u201d \u2013 Jungcu psikanalizi pratik ve terap\u00f6tik anlamda muhtemelen en temel bi\u00e7imde b\u00f6yle \u00f6zetleyebiliriz. \u201c \u2018Tanr\u0131\u2019 dedi\u011fimizde, zaman i\u00e7inde bir\u00e7ok de\u011fi\u015fim ge\u00e7irmi\u015f bir imge ya da s\u00f6zel kavrama ifade vermi\u015f oluruz. Fakat, bu de\u011fi\u015fimlerin yaln\u0131zca imgeleri ve kavramlar\u0131 m\u0131 yoksa Betimlenemez\u2019in bizzat kendisini mi etkiledi\u011fini herhangi bir kesinlikte -inan\u00e7 d\u0131\u015f\u0131nda- belirleyemeyiz. [\u2026] Hi\u00e7 \u015f\u00fcphe yok ki, bu imgelerin ard\u0131nda bilinci a\u015fan ve g\u00f6r\u00fc\u015flerin s\u0131n\u0131rs\u0131zca ya da kaotik olarak de\u011fi\u015fiklik g\u00f6stermeyip hepsinin a\u00e7\u0131k bir \u015fekilde birka\u00e7 temel ilke ya da arketiplerle ili\u015fkili olaca\u011f\u0131 \u015fekilde i\u015fleyen bir \u015fey vard\u0131r. Bunlar psi\u015fenin kendisi ya da madde gibi kendi bilinir de\u011fildirler. Yapabilece\u011fimiz tek \u015fey, yetersiz oldu\u011funu bildi\u011fimiz modellerini kurgulamakt\u0131r\u201d (par. 555).<\/p>\n","protected":false},"excerpt":{"rendered":"<p>Jung\u2019un \u00e7e\u015fitli ba\u011flamlarda kaleme al\u0131nm\u0131\u015f 16 makalesinden olu\u015fturulan Psikoloji ve Din, toplu eserlerinin 11.\u2019sidir. Muhtemelen de Jung\u2019un i\u00e7eri\u011fi en y\u00fckl\u00fc eserlerinden birini te\u015fkil etmektedir. Hinduizm, Taoizm,<span class=\"excerpt-hellip\"> [\u2026]<\/span><\/p>\n","protected":false},"featured_media":0,"template":"","meta":{"_monsterinsights_skip_tracking":false,"_monsterinsights_sitenote_active":false,"_monsterinsights_sitenote_note":"","_monsterinsights_sitenote_category":0},"product_brand":[],"product_cat":[12357],"product_tag":[],"class_list":{"0":"post-760458","1":"product","2":"type-product","3":"status-publish","5":"product_cat-psikoloji","6":"pa_cilt-ciltsiz","7":"pa_tur-kitap","8":"pa_yayinevi-pinhan-yayincilik","9":"pa_yazar-carl-gustav-jung","11":"first","12":"instock","13":"sale","14":"shipping-taxable","15":"purchasable","16":"product-type-simple"},"_links":{"self":[{"href":"https:\/\/roveyayinevi.com.tr\/index.php\/wp-json\/wp\/v2\/product\/760458","targetHints":{"allow":["GET"]}}],"collection":[{"href":"https:\/\/roveyayinevi.com.tr\/index.php\/wp-json\/wp\/v2\/product"}],"about":[{"href":"https:\/\/roveyayinevi.com.tr\/index.php\/wp-json\/wp\/v2\/types\/product"}],"wp:attachment":[{"href":"https:\/\/roveyayinevi.com.tr\/index.php\/wp-json\/wp\/v2\/media?parent=760458"}],"wp:term":[{"taxonomy":"product_brand","embeddable":true,"href":"https:\/\/roveyayinevi.com.tr\/index.php\/wp-json\/wp\/v2\/product_brand?post=760458"},{"taxonomy":"product_cat","embeddable":true,"href":"https:\/\/roveyayinevi.com.tr\/index.php\/wp-json\/wp\/v2\/product_cat?post=760458"},{"taxonomy":"product_tag","embeddable":true,"href":"https:\/\/roveyayinevi.com.tr\/index.php\/wp-json\/wp\/v2\/product_tag?post=760458"}],"curies":[{"name":"wp","href":"https:\/\/api.w.org\/{rel}","templated":true}]}}