{"id":760456,"date":"2025-08-28T09:06:28","date_gmt":"2025-08-28T06:06:28","guid":{"rendered":"https:\/\/roveyayinevi.com.tr\/index.php\/urun\/dunyanin-bekleme-salonu-ya-da-bulanik\/"},"modified":"2026-04-16T03:13:26","modified_gmt":"2026-04-16T00:13:26","slug":"dunyanin-bekleme-salonu-ya-da-bulanik","status":"publish","type":"product","link":"https:\/\/roveyayinevi.com.tr\/index.php\/urun\/dunyanin-bekleme-salonu-ya-da-bulanik\/","title":{"rendered":"D\u00fcnyan\u0131n Bekleme Salonu ya da Bulan\u0131k"},"content":{"rendered":"<p>\u201c\u015eimdi arkas\u0131ndan gelen ani bir r\u00fczg\u00e2r esintisiyle istemsizce arkas\u0131na d\u00f6nm\u00fc\u015ft\u00fc ve kar\u015f\u0131s\u0131nda, gecenin karanl\u0131\u011f\u0131n\u0131n h\u00fckmedemedi\u011fi tek nokta olan \u0131\u015f\u0131\u011f\u0131n alt\u0131na denk gelen merdivenin ilk basama\u011f\u0131nda, onu g\u00f6rd\u00fc. Kar\u015f\u0131s\u0131nda, capcanl\u0131, reng\u00e2renk ve apayd\u0131nl\u0131k bir \u015fekilde parlayan onu\u2026 Kendisini\u2026 Evet, bu kad\u0131n kendisiydi. Yani kendisi gibi g\u00f6r\u00fcnen bir ba\u015fka kendisiydi \u00e7\u00fcnk\u00fc asl\u0131nda ayn\u0131 da de\u011fillerdi. Belki ayn\u0131 ki\u015fiydiler ama ayn\u0131 de\u011fildiler. Bu, kendisi olan di\u011fer kad\u0131n, garip, \u00fcrpertici bir enerji yay\u0131yordu etraf\u0131na\u2026 Ya da ona\u2026 Sanki ondan daha ayd\u0131nl\u0131kt\u0131, saklanmaya ihtiya\u00e7 duymazd\u0131. Kendisi ise \u015fu anda da oldu\u011fu gibi her zaman g\u00f6lgelerde saklan\u0131rd\u0131, g\u00f6lgelerde ya\u015fard\u0131, g\u00f6lge gibi ya\u015fard\u0131, hatta onun kendisi g\u00f6lgeydi.\u201d     Ece Yumu\u015fakkaya, \u00f6yk\u00fclerinin s\u0131n\u0131rlar\u0131n\u0131 ger\u00e7ekli\u011fin ard\u0131na sark\u0131tarak, se\u00e7ti\u011fi kahramanlar\u0131n ger\u00e7ek\u00e7i bir tasvirini yap\u0131yor. \u0130nsan\u0131n duygu d\u00fcnyas\u0131n\u0131n derinlerine inip zaman zaman kendi varl\u0131\u011f\u0131n\u0131 sorgulat\u0131yor okura. Onlar\u0131, ger\u00e7ek mi yoksa sanr\u0131 m\u0131 oldu\u011fundan emin olunamayacak olaylar ve benlik alg\u0131s\u0131nda sapmalar, travmalar ve hatta ki\u015filik bozukluklar\u0131 \u00e7evresinde dolanan karakterleriyle alternatif bir d\u00fcnyaya davet ediyor.<\/p>\n","protected":false},"excerpt":{"rendered":"<p>\u201c\u015eimdi arkas\u0131ndan gelen ani bir r\u00fczg\u00e2r esintisiyle istemsizce arkas\u0131na d\u00f6nm\u00fc\u015ft\u00fc ve kar\u015f\u0131s\u0131nda, gecenin karanl\u0131\u011f\u0131n\u0131n h\u00fckmedemedi\u011fi tek nokta olan \u0131\u015f\u0131\u011f\u0131n alt\u0131na denk gelen merdivenin ilk basama\u011f\u0131nda, onu<span class=\"excerpt-hellip\"> [\u2026]<\/span><\/p>\n","protected":false},"featured_media":0,"template":"","meta":{"_monsterinsights_skip_tracking":false,"_monsterinsights_sitenote_active":false,"_monsterinsights_sitenote_note":"","_monsterinsights_sitenote_category":0},"product_brand":[],"product_cat":[12291,18202],"product_tag":[],"class_list":{"0":"post-760456","1":"product","2":"type-product","3":"status-publish","5":"product_cat-edebiyat","6":"product_cat-hikaye","7":"pa_cilt-ciltsiz","8":"pa_tur-kitap","9":"pa_yayinevi-luna-yayinlari","10":"pa_yazar-ece-yumusakkaya","12":"first","13":"instock","14":"sale","15":"shipping-taxable","16":"purchasable","17":"product-type-simple"},"_links":{"self":[{"href":"https:\/\/roveyayinevi.com.tr\/index.php\/wp-json\/wp\/v2\/product\/760456","targetHints":{"allow":["GET"]}}],"collection":[{"href":"https:\/\/roveyayinevi.com.tr\/index.php\/wp-json\/wp\/v2\/product"}],"about":[{"href":"https:\/\/roveyayinevi.com.tr\/index.php\/wp-json\/wp\/v2\/types\/product"}],"wp:attachment":[{"href":"https:\/\/roveyayinevi.com.tr\/index.php\/wp-json\/wp\/v2\/media?parent=760456"}],"wp:term":[{"taxonomy":"product_brand","embeddable":true,"href":"https:\/\/roveyayinevi.com.tr\/index.php\/wp-json\/wp\/v2\/product_brand?post=760456"},{"taxonomy":"product_cat","embeddable":true,"href":"https:\/\/roveyayinevi.com.tr\/index.php\/wp-json\/wp\/v2\/product_cat?post=760456"},{"taxonomy":"product_tag","embeddable":true,"href":"https:\/\/roveyayinevi.com.tr\/index.php\/wp-json\/wp\/v2\/product_tag?post=760456"}],"curies":[{"name":"wp","href":"https:\/\/api.w.org\/{rel}","templated":true}]}}