{"id":760455,"date":"2025-08-28T09:06:26","date_gmt":"2025-08-28T06:06:26","guid":{"rendered":"https:\/\/roveyayinevi.com.tr\/index.php\/urun\/doganin-muhtesem-icatlari\/"},"modified":"2026-04-16T03:13:26","modified_gmt":"2026-04-16T00:13:26","slug":"doganin-muhtesem-icatlari","status":"publish","type":"product","link":"https:\/\/roveyayinevi.com.tr\/index.php\/urun\/doganin-muhtesem-icatlari\/","title":{"rendered":"Do\u011fa\u2019n\u0131n Muhte\u015fem \u0130catlar\u0131"},"content":{"rendered":"<p>\u0130nan\u0131lmaz hayaller kuran bir \u00e7ocuk DO\u011eA \u00d6ZEN\u2026 Hayallerini ger\u00e7ekle\u015ftirmeye cesaret edemeyen \u00e7ocuklara ilham olmak istiyor. Hen\u00fcz 8 ya\u015f\u0131nda. Birbirinden yarat\u0131c\u0131 icatlar bulup \u00f6nce yazd\u0131, ard\u0131ndan resimledi onlar\u0131 minik yazar. Ve ortaya e\u011flence dolu bir kitap \u00e7\u0131kt\u0131! G\u00fcne\u015f enerjisiyle \u00e7al\u0131\u015fan mekanizmalar, sivrisineklere meydan okuyan Sineksavar, tar\u0131m\u0131n devaml\u0131l\u0131\u011f\u0131 i\u00e7in gerekli olan hava istikrar\u0131n\u0131 sa\u011flayan Mevsim \u00c7ark\u0131, patilere g\u00f6re analiz yap\u0131p onlara uygun mamay\u0131 sunan Hayvan Besleme Makinesi\u2026 Ve daha fazlas\u0131\u2026 \u00c7ok daha fazlas\u0131\u2026<\/p>\n","protected":false},"excerpt":{"rendered":"<p>\u0130nan\u0131lmaz hayaller kuran bir \u00e7ocuk DO\u011eA \u00d6ZEN\u2026 Hayallerini ger\u00e7ekle\u015ftirmeye cesaret edemeyen \u00e7ocuklara ilham olmak istiyor. Hen\u00fcz 8 ya\u015f\u0131nda. Birbirinden yarat\u0131c\u0131 icatlar bulup \u00f6nce yazd\u0131, ard\u0131ndan resimledi<span class=\"excerpt-hellip\"> [\u2026]<\/span><\/p>\n","protected":false},"featured_media":0,"template":"","meta":{"_monsterinsights_skip_tracking":false,"_monsterinsights_sitenote_active":false,"_monsterinsights_sitenote_note":"","_monsterinsights_sitenote_category":0},"product_brand":[],"product_cat":[12274],"product_tag":[],"class_list":{"0":"post-760455","1":"product","2":"type-product","3":"status-publish","5":"product_cat-cocuk-ve-genclik-kitaplari","6":"pa_cilt-ciltsiz","7":"pa_tur-kitap","8":"pa_yayinevi-luna-cocuk-yayinlari","9":"pa_yazar-doga-ozen","11":"first","12":"instock","13":"sale","14":"shipping-taxable","15":"purchasable","16":"product-type-simple"},"_links":{"self":[{"href":"https:\/\/roveyayinevi.com.tr\/index.php\/wp-json\/wp\/v2\/product\/760455","targetHints":{"allow":["GET"]}}],"collection":[{"href":"https:\/\/roveyayinevi.com.tr\/index.php\/wp-json\/wp\/v2\/product"}],"about":[{"href":"https:\/\/roveyayinevi.com.tr\/index.php\/wp-json\/wp\/v2\/types\/product"}],"wp:attachment":[{"href":"https:\/\/roveyayinevi.com.tr\/index.php\/wp-json\/wp\/v2\/media?parent=760455"}],"wp:term":[{"taxonomy":"product_brand","embeddable":true,"href":"https:\/\/roveyayinevi.com.tr\/index.php\/wp-json\/wp\/v2\/product_brand?post=760455"},{"taxonomy":"product_cat","embeddable":true,"href":"https:\/\/roveyayinevi.com.tr\/index.php\/wp-json\/wp\/v2\/product_cat?post=760455"},{"taxonomy":"product_tag","embeddable":true,"href":"https:\/\/roveyayinevi.com.tr\/index.php\/wp-json\/wp\/v2\/product_tag?post=760455"}],"curies":[{"name":"wp","href":"https:\/\/api.w.org\/{rel}","templated":true}]}}