{"id":760454,"date":"2025-08-28T09:06:24","date_gmt":"2025-08-28T06:06:24","guid":{"rendered":"https:\/\/roveyayinevi.com.tr\/index.php\/urun\/hamur-abi\/"},"modified":"2026-04-16T03:13:26","modified_gmt":"2026-04-16T00:13:26","slug":"hamur-abi","status":"publish","type":"product","link":"https:\/\/roveyayinevi.com.tr\/index.php\/urun\/hamur-abi\/","title":{"rendered":"Hamur Abi"},"content":{"rendered":"<p>Ekmek Mahallesi\u2019nde b\u00fcy\u00fcd\u00fc HAMUR AB\u0130. &#8220;Hamur Yapma Makinesinde&#8221; s\u0131ra ona gelince baz\u0131 aksakl\u0131klarla kar\u015f\u0131la\u015ft\u0131.   \u00d6nce yanl\u0131\u015f boyutta \u00fcretildi. Yetmedi, makinenin f\u0131r\u00e7as\u0131n\u0131n t\u00fcy\u00fc hamuruna d\u00fc\u015ft\u00fc.   Sonu\u00e7: HATALI \u00dcRET\u0130M!   \u00dcstelik At\u0131klar Diyar\u0131 da kabul etmedi onu. Neden: KULLANICI KAYNAKLI HATA!   Ve kar\u015f\u0131n\u0131zda farkl\u0131 oldu\u011fu i\u00e7in s\u00fcrekli d\u0131\u015flanan, kabul g\u00f6rmeyen, sevilmeyen hatta zorbal\u0131\u011fa u\u011frayan HAMUR AB\u0130!   &#8220;HATALI EKMEK!&#8221; &#8220;BIYIKLI!&#8221; &#8220;FARKLI!&#8221;<\/p>\n","protected":false},"excerpt":{"rendered":"<p>Ekmek Mahallesi\u2019nde b\u00fcy\u00fcd\u00fc HAMUR AB\u0130. &#8220;Hamur Yapma Makinesinde&#8221; s\u0131ra ona gelince baz\u0131 aksakl\u0131klarla kar\u015f\u0131la\u015ft\u0131. \u00d6nce yanl\u0131\u015f boyutta \u00fcretildi. Yetmedi, makinenin f\u0131r\u00e7as\u0131n\u0131n t\u00fcy\u00fc hamuruna d\u00fc\u015ft\u00fc. Sonu\u00e7: HATALI<span class=\"excerpt-hellip\"> [\u2026]<\/span><\/p>\n","protected":false},"featured_media":0,"template":"","meta":{"_monsterinsights_skip_tracking":false,"_monsterinsights_sitenote_active":false,"_monsterinsights_sitenote_note":"","_monsterinsights_sitenote_category":0},"product_brand":[],"product_cat":[12274,12284],"product_tag":[],"class_list":{"0":"post-760454","1":"product","2":"type-product","3":"status-publish","5":"product_cat-cocuk-ve-genclik-kitaplari","6":"product_cat-hikayeler","7":"pa_cilt-ciltsiz","8":"pa_tur-kitap","9":"pa_yayinevi-luna-cocuk-yayinlari","10":"pa_yazar-mert-anil-arslan","12":"first","13":"instock","14":"sale","15":"shipping-taxable","16":"purchasable","17":"product-type-simple"},"_links":{"self":[{"href":"https:\/\/roveyayinevi.com.tr\/index.php\/wp-json\/wp\/v2\/product\/760454","targetHints":{"allow":["GET"]}}],"collection":[{"href":"https:\/\/roveyayinevi.com.tr\/index.php\/wp-json\/wp\/v2\/product"}],"about":[{"href":"https:\/\/roveyayinevi.com.tr\/index.php\/wp-json\/wp\/v2\/types\/product"}],"wp:attachment":[{"href":"https:\/\/roveyayinevi.com.tr\/index.php\/wp-json\/wp\/v2\/media?parent=760454"}],"wp:term":[{"taxonomy":"product_brand","embeddable":true,"href":"https:\/\/roveyayinevi.com.tr\/index.php\/wp-json\/wp\/v2\/product_brand?post=760454"},{"taxonomy":"product_cat","embeddable":true,"href":"https:\/\/roveyayinevi.com.tr\/index.php\/wp-json\/wp\/v2\/product_cat?post=760454"},{"taxonomy":"product_tag","embeddable":true,"href":"https:\/\/roveyayinevi.com.tr\/index.php\/wp-json\/wp\/v2\/product_tag?post=760454"}],"curies":[{"name":"wp","href":"https:\/\/api.w.org\/{rel}","templated":true}]}}