{"id":760453,"date":"2025-08-28T09:06:22","date_gmt":"2025-08-28T06:06:22","guid":{"rendered":"https:\/\/roveyayinevi.com.tr\/index.php\/urun\/buyucu-ninva\/"},"modified":"2026-04-16T03:13:26","modified_gmt":"2026-04-16T00:13:26","slug":"buyucu-ninva","status":"publish","type":"product","link":"https:\/\/roveyayinevi.com.tr\/index.php\/urun\/buyucu-ninva\/","title":{"rendered":"B\u00fcy\u00fcc\u00fc Ninva"},"content":{"rendered":"<p>Ninva derin uykusundan uyand\u0131.  S\u0131rlar a\u00e7\u0131l\u0131yor.  Bilinmez biliniyor. F\u0131s\u0131lt\u0131lar duyuluyor. Kara defterin sat\u0131rlar\u0131 bir bir seriliyor. Gizlenenler g\u00f6r\u00fcn\u00fcyor. Ninva, Cebrail\u2019i \u201caraf\u201dtan \u00e7\u0131karmak i\u00e7in bir yolculu\u011fa \u00e7\u0131k\u0131yor bu kez. M\u0131s\u0131r\u2019\u0131n sonsuz ufkunda, Thot\u2019un bilgeli\u011fiyle ilerlerken arkas\u0131nda dola\u015fanlar\u0131n g\u00f6lgeleriyle kesi\u015fiyor. Sihrin Kovulmu\u015f Melekleri\u2019nin II. Kitab\u0131 B\u00fcy\u00fcc\u00fc Ninva, yeni bir macerada a\u015fk\u0131 yeniden yarat\u0131rken her \u015feyin ba\u015flad\u0131\u011f\u0131 zamanlarda dola\u015f\u0131yor. \u201cBendeniz Malfono. Ninva\u2019n\u0131n dedesi, onun u\u011fruna herkesi birbirine bir ip gibi dolayan Lamassu soyundan Malfono\u2026 Ne kendim sa\u011f \u00e7\u0131kt\u0131m sava\u015ftan, ne de kimseyi sa\u011f b\u0131rakt\u0131m. Gittim geldim, d\u00f6nd\u00fcm dola\u015ft\u0131m evreni, Ninva\u2019n\u0131n ayaklar\u0131n\u0131n dibine serdim. K\u00f6r bir zinciri ya\u015fam a\u011fac\u0131na ba\u011flay\u0131p doland\u0131rd\u0131m. \u015eimdi hepimiz ayn\u0131 a\u011fac\u0131n dibine do\u011fru \u00e7ekiliyoruz. Ninva yeniden ve yeniden do\u011fuyor her \u015fafa\u011fa, \u00e7\u00fcnk\u00fc biz kimi dem bir \u015fafa\u011fa do\u011far\u0131z, kimi dem Ay\u2019\u0131n ard\u0131nda dolan\u0131r\u0131z. Tanr\u0131lar\u0131n \u00e7ocuklar\u0131 her surete sadece bakar da ge\u00e7er, bir ku\u015fan\u0131p bir s\u00f6k\u00fcl\u00fcrler, biz Tanr\u0131 yolcular\u0131y\u0131z. Karanl\u0131\u011f\u0131m\u0131z \u015fafa\u011f\u0131n \u00f6ncesi, ayd\u0131nl\u0131\u011f\u0131m\u0131z karanl\u0131\u011f\u0131n ba\u015f\u0131d\u0131r.\u201d<\/p>\n","protected":false},"excerpt":{"rendered":"<p>Ninva derin uykusundan uyand\u0131. S\u0131rlar a\u00e7\u0131l\u0131yor. Bilinmez biliniyor. F\u0131s\u0131lt\u0131lar duyuluyor. Kara defterin sat\u0131rlar\u0131 bir bir seriliyor. Gizlenenler g\u00f6r\u00fcn\u00fcyor. Ninva, Cebrail\u2019i \u201caraf\u201dtan \u00e7\u0131karmak i\u00e7in bir yolculu\u011fa \u00e7\u0131k\u0131yor<span class=\"excerpt-hellip\"> [\u2026]<\/span><\/p>\n","protected":false},"featured_media":0,"template":"","meta":{"_monsterinsights_skip_tracking":false,"_monsterinsights_sitenote_active":false,"_monsterinsights_sitenote_note":"","_monsterinsights_sitenote_category":0},"product_brand":[],"product_cat":[12291],"product_tag":[],"class_list":{"0":"post-760453","1":"product","2":"type-product","3":"status-publish","5":"product_cat-edebiyat","6":"pa_cilt-ciltsiz","7":"pa_tur-kitap","8":"pa_yayinevi-narsist-yayinlari","9":"pa_yazar-ece-ozbas","11":"first","12":"instock","13":"sale","14":"shipping-taxable","15":"purchasable","16":"product-type-simple"},"_links":{"self":[{"href":"https:\/\/roveyayinevi.com.tr\/index.php\/wp-json\/wp\/v2\/product\/760453","targetHints":{"allow":["GET"]}}],"collection":[{"href":"https:\/\/roveyayinevi.com.tr\/index.php\/wp-json\/wp\/v2\/product"}],"about":[{"href":"https:\/\/roveyayinevi.com.tr\/index.php\/wp-json\/wp\/v2\/types\/product"}],"wp:attachment":[{"href":"https:\/\/roveyayinevi.com.tr\/index.php\/wp-json\/wp\/v2\/media?parent=760453"}],"wp:term":[{"taxonomy":"product_brand","embeddable":true,"href":"https:\/\/roveyayinevi.com.tr\/index.php\/wp-json\/wp\/v2\/product_brand?post=760453"},{"taxonomy":"product_cat","embeddable":true,"href":"https:\/\/roveyayinevi.com.tr\/index.php\/wp-json\/wp\/v2\/product_cat?post=760453"},{"taxonomy":"product_tag","embeddable":true,"href":"https:\/\/roveyayinevi.com.tr\/index.php\/wp-json\/wp\/v2\/product_tag?post=760453"}],"curies":[{"name":"wp","href":"https:\/\/api.w.org\/{rel}","templated":true}]}}