{"id":760451,"date":"2025-08-28T09:06:20","date_gmt":"2025-08-28T06:06:20","guid":{"rendered":"https:\/\/roveyayinevi.com.tr\/index.php\/urun\/insan-haklari-4\/"},"modified":"2026-04-16T03:13:26","modified_gmt":"2026-04-16T00:13:26","slug":"insan-haklari-4","status":"publish","type":"product","link":"https:\/\/roveyayinevi.com.tr\/index.php\/urun\/insan-haklari-4\/","title":{"rendered":"\u0130nsan Haklar\u0131"},"content":{"rendered":"<p>\u0130nsan haklar\u0131 m\u00fczakere edilemez.Suriye, Rusya, \u00c7in, Katar gibi d\u00fcnyan\u0131n pek \u00e7ok yerinde insan haklar\u0131 vahim durumda. Gerhart Baum, bu kitaptaki tutkulu \u00e7a\u011fr\u0131s\u0131nda odak noktalar\u0131n\u0131 vurguluyor ve kararl\u0131l\u0131\u011f\u0131n neden her zamankinden daha gerekli oldu\u011funu g\u00f6zler \u00f6n\u00fcne seriyor.Hayat\u0131 boyunca insan haklar\u0131 i\u00e7in m\u00fccadele eden Baum; G\u00fcney Afrika\u2019dan Sudan\u2019a, Belarus\u2019tan Rusya\u2019ya kadar bir\u00e7ok yerde insan haklar\u0131 ihlalleriyle yak\u0131ndan ilgilendi. Bu kitapta, ki\u015fisel deneyimlerini d\u00fcnya siyasetiyle birle\u015ftirerek, siyasi d\u00fc\u015f\u00fcnce ve eylem i\u00e7in \u00f6nemli ipu\u00e7lar\u0131 sunuyor: Otoriter rejimlerle nas\u0131l ba\u015fa \u00e7\u0131kabiliriz? Otoriter rejimlerden hangi politik sonu\u00e7lar\u0131 \u00e7\u0131karmal\u0131y\u0131z? Ve bu tarz rejimlerle m\u00fccadele i\u00e7in her bireyin yapabilece\u011fi \u015fey nedir?\u201c\u00d6zg\u00fcr d\u00fcnya, Putin diktat\u00f6rl\u00fc\u011f\u00fc gibi zorbal\u0131klara kar\u015f\u0131 gelirken, g\u00fc\u00e7l\u00fc olan\u0131n hukukuna dayal\u0131 bir yakla\u015f\u0131mla de\u011fil, insan haklar\u0131 ve hukukun \u00fcst\u00fcnl\u00fc\u011f\u00fc yoluyla m\u00fccadele etmesi gerekiyor. Bu, bar\u0131\u015f ve \u00f6zg\u00fcrl\u00fck d\u00fczenimizi savunman\u0131n bir ifadesidir \u2013 bu \u00e7a\u011fr\u0131 da bunu yans\u0131t\u0131yor!\u201d   <\/p>\n","protected":false},"excerpt":{"rendered":"<p>\u0130nsan haklar\u0131 m\u00fczakere edilemez.Suriye, Rusya, \u00c7in, Katar gibi d\u00fcnyan\u0131n pek \u00e7ok yerinde insan haklar\u0131 vahim durumda. Gerhart Baum, bu kitaptaki tutkulu \u00e7a\u011fr\u0131s\u0131nda odak noktalar\u0131n\u0131 vurguluyor ve<span class=\"excerpt-hellip\"> [\u2026]<\/span><\/p>\n","protected":false},"featured_media":0,"template":"","meta":{"_monsterinsights_skip_tracking":false,"_monsterinsights_sitenote_active":false,"_monsterinsights_sitenote_note":"","_monsterinsights_sitenote_category":0},"product_brand":[],"product_cat":[15350],"product_tag":[],"class_list":{"0":"post-760451","1":"product","2":"type-product","3":"status-publish","5":"product_cat-hukuk","6":"pa_cilt-ciltsiz","7":"pa_tur-kitap","8":"pa_yayinevi-serbest-kitaplar","9":"pa_yazar-gerhart-baum","11":"first","12":"instock","13":"sale","14":"shipping-taxable","15":"purchasable","16":"product-type-simple"},"_links":{"self":[{"href":"https:\/\/roveyayinevi.com.tr\/index.php\/wp-json\/wp\/v2\/product\/760451","targetHints":{"allow":["GET"]}}],"collection":[{"href":"https:\/\/roveyayinevi.com.tr\/index.php\/wp-json\/wp\/v2\/product"}],"about":[{"href":"https:\/\/roveyayinevi.com.tr\/index.php\/wp-json\/wp\/v2\/types\/product"}],"wp:attachment":[{"href":"https:\/\/roveyayinevi.com.tr\/index.php\/wp-json\/wp\/v2\/media?parent=760451"}],"wp:term":[{"taxonomy":"product_brand","embeddable":true,"href":"https:\/\/roveyayinevi.com.tr\/index.php\/wp-json\/wp\/v2\/product_brand?post=760451"},{"taxonomy":"product_cat","embeddable":true,"href":"https:\/\/roveyayinevi.com.tr\/index.php\/wp-json\/wp\/v2\/product_cat?post=760451"},{"taxonomy":"product_tag","embeddable":true,"href":"https:\/\/roveyayinevi.com.tr\/index.php\/wp-json\/wp\/v2\/product_tag?post=760451"}],"curies":[{"name":"wp","href":"https:\/\/api.w.org\/{rel}","templated":true}]}}