{"id":760448,"date":"2025-08-28T09:06:16","date_gmt":"2025-08-28T06:06:16","guid":{"rendered":"https:\/\/roveyayinevi.com.tr\/index.php\/urun\/tagaramadan-sihirli-kalem-2\/"},"modified":"2026-04-16T03:13:25","modified_gmt":"2026-04-16T00:13:25","slug":"tagaramadan-sihirli-kalem-2","status":"publish","type":"product","link":"https:\/\/roveyayinevi.com.tr\/index.php\/urun\/tagaramadan-sihirli-kalem-2\/","title":{"rendered":"Tagarama\u2019dan Sihirli Kalem 2"},"content":{"rendered":"<p>Descartes\u2019in dedi\u011fi gibi &#8220;d\u00fc\u015f\u00fcn\u00fcyorum o halde var\u0131m&#8221; s\u00f6z\u00fcnden yola \u00e7\u0131karak bir sosyolog bir felsefeci gibi yine, yeni, yeniden kar\u015f\u0131n\u0131zda olmaktan dolay\u0131 \u00f6v\u00fcn\u00e7 duyuyorum. Bu kitapta yine birbirinden ba\u011f\u0131ms\u0131z 16 k\u0131sa senaryo ile \u00f6zde\u015fle\u015feceksiniz. \u0130yi Okumalar. Tagarama&#8217;dan Sihirli Kalem 2   As Descartes once stated, &#8220;I think, therefore I am,&#8221; I&#8217;m honored to stand before you once again, like a philosopher or sociologist. This book contains 16 independent and short scenarios that you will be able to relate to. I wish you enjoy the book. Magical Stories from Tagarama 2 <\/p>\n","protected":false},"excerpt":{"rendered":"<p>Descartes\u2019in dedi\u011fi gibi &#8220;d\u00fc\u015f\u00fcn\u00fcyorum o halde var\u0131m&#8221; s\u00f6z\u00fcnden yola \u00e7\u0131karak bir sosyolog bir felsefeci gibi yine, yeni, yeniden kar\u015f\u0131n\u0131zda olmaktan dolay\u0131 \u00f6v\u00fcn\u00e7 duyuyorum. Bu kitapta yine<span class=\"excerpt-hellip\"> [\u2026]<\/span><\/p>\n","protected":false},"featured_media":0,"template":"","meta":{"_monsterinsights_skip_tracking":false,"_monsterinsights_sitenote_active":false,"_monsterinsights_sitenote_note":"","_monsterinsights_sitenote_category":0},"product_brand":[],"product_cat":[12291,12332],"product_tag":[],"class_list":{"0":"post-760448","1":"product","2":"type-product","3":"status-publish","5":"product_cat-edebiyat","6":"product_cat-senaryo","7":"pa_cilt-ciltsiz","8":"pa_tur-kitap","9":"pa_yayinevi-servet-yayinevi","10":"pa_yazar-serkan-kahveci","12":"first","13":"instock","14":"sale","15":"shipping-taxable","16":"purchasable","17":"product-type-simple"},"_links":{"self":[{"href":"https:\/\/roveyayinevi.com.tr\/index.php\/wp-json\/wp\/v2\/product\/760448","targetHints":{"allow":["GET"]}}],"collection":[{"href":"https:\/\/roveyayinevi.com.tr\/index.php\/wp-json\/wp\/v2\/product"}],"about":[{"href":"https:\/\/roveyayinevi.com.tr\/index.php\/wp-json\/wp\/v2\/types\/product"}],"wp:attachment":[{"href":"https:\/\/roveyayinevi.com.tr\/index.php\/wp-json\/wp\/v2\/media?parent=760448"}],"wp:term":[{"taxonomy":"product_brand","embeddable":true,"href":"https:\/\/roveyayinevi.com.tr\/index.php\/wp-json\/wp\/v2\/product_brand?post=760448"},{"taxonomy":"product_cat","embeddable":true,"href":"https:\/\/roveyayinevi.com.tr\/index.php\/wp-json\/wp\/v2\/product_cat?post=760448"},{"taxonomy":"product_tag","embeddable":true,"href":"https:\/\/roveyayinevi.com.tr\/index.php\/wp-json\/wp\/v2\/product_tag?post=760448"}],"curies":[{"name":"wp","href":"https:\/\/api.w.org\/{rel}","templated":true}]}}