{"id":760447,"date":"2025-08-28T09:06:14","date_gmt":"2025-08-28T06:06:14","guid":{"rendered":"https:\/\/roveyayinevi.com.tr\/index.php\/urun\/gecmisten-gunumuze-didaktik-siirler\/"},"modified":"2026-04-16T03:13:25","modified_gmt":"2026-04-16T00:13:25","slug":"gecmisten-gunumuze-didaktik-siirler","status":"publish","type":"product","link":"https:\/\/roveyayinevi.com.tr\/index.php\/urun\/gecmisten-gunumuze-didaktik-siirler\/","title":{"rendered":"Ge\u00e7mi\u015ften G\u00fcn\u00fcm\u00fcze Didaktik \u015eiirler"},"content":{"rendered":"<p>Bu \u015fiir kitab\u0131n\u0131 yazarken Orhan Veli Kan\u0131k gibi denizlere dald\u0131m&#8230; T.S. Eliot gibi edebiyat\u0131n zenginli\u011finden faydaland\u0131m&#8230; Sylvia Plath gibi eserlerimi resim sevinciyle meydana getirdim&#8230; En \u00f6nemlisi Hesiodos&#8217;un izinden giderek d\u00fc\u015f\u00fcnd\u00fcren onlarca didaktik \u015fiirlerimi siz de\u011ferli okurlar\u0131ma sunuyorum. Ayr\u0131ca birer bilimsel makale, dua, \u015fark\u0131, mar\u015f ve bir ka\u00e7 proje de bu kitapta yer al\u0131yor. \u0130yi okumalar. Ge\u00e7mi\u015ften g\u00fcn\u00fcm\u00fcze didaktik \u015fiirler. While creating this collection of poetry, I delved into the same depth of seas as Orhan Veli Kan\u0131k&#8230; Like T.S. Eliot. I also benefited from the wealth of literary works. Like Sylvia Plath, I created my works purely for sheer delight. Above all, I present dozens of gripping didactic poems to you, my esteemed readers, following in the footsteps of Hesiod. This book also includes a scientific article, prayer, song, anthem and a few projects. I wish you a happy reading. Historical and contemporary didactic poetry <\/p>\n","protected":false},"excerpt":{"rendered":"<p>Bu \u015fiir kitab\u0131n\u0131 yazarken Orhan Veli Kan\u0131k gibi denizlere dald\u0131m&#8230; T.S. Eliot gibi edebiyat\u0131n zenginli\u011finden faydaland\u0131m&#8230; Sylvia Plath gibi eserlerimi resim sevinciyle meydana getirdim&#8230; En \u00f6nemlisi<span class=\"excerpt-hellip\"> [\u2026]<\/span><\/p>\n","protected":false},"featured_media":0,"template":"","meta":{"_monsterinsights_skip_tracking":false,"_monsterinsights_sitenote_active":false,"_monsterinsights_sitenote_note":"","_monsterinsights_sitenote_category":0},"product_brand":[],"product_cat":[12291,12509],"product_tag":[],"class_list":{"0":"post-760447","1":"product","2":"type-product","3":"status-publish","5":"product_cat-edebiyat","6":"product_cat-siir","7":"pa_cilt-ciltsiz","8":"pa_tur-kitap","9":"pa_yayinevi-servet-yayinevi","10":"pa_yazar-serkan-kahveci","12":"first","13":"instock","14":"sale","15":"shipping-taxable","16":"purchasable","17":"product-type-simple"},"_links":{"self":[{"href":"https:\/\/roveyayinevi.com.tr\/index.php\/wp-json\/wp\/v2\/product\/760447","targetHints":{"allow":["GET"]}}],"collection":[{"href":"https:\/\/roveyayinevi.com.tr\/index.php\/wp-json\/wp\/v2\/product"}],"about":[{"href":"https:\/\/roveyayinevi.com.tr\/index.php\/wp-json\/wp\/v2\/types\/product"}],"wp:attachment":[{"href":"https:\/\/roveyayinevi.com.tr\/index.php\/wp-json\/wp\/v2\/media?parent=760447"}],"wp:term":[{"taxonomy":"product_brand","embeddable":true,"href":"https:\/\/roveyayinevi.com.tr\/index.php\/wp-json\/wp\/v2\/product_brand?post=760447"},{"taxonomy":"product_cat","embeddable":true,"href":"https:\/\/roveyayinevi.com.tr\/index.php\/wp-json\/wp\/v2\/product_cat?post=760447"},{"taxonomy":"product_tag","embeddable":true,"href":"https:\/\/roveyayinevi.com.tr\/index.php\/wp-json\/wp\/v2\/product_tag?post=760447"}],"curies":[{"name":"wp","href":"https:\/\/api.w.org\/{rel}","templated":true}]}}