{"id":760446,"date":"2025-08-28T09:06:13","date_gmt":"2025-08-28T06:06:13","guid":{"rendered":"https:\/\/roveyayinevi.com.tr\/index.php\/urun\/sogut-turk-edebiyati-dergisi-sayi-26-mart-nisan-2024\/"},"modified":"2026-04-16T03:13:25","modified_gmt":"2026-04-16T00:13:25","slug":"sogut-turk-edebiyati-dergisi-sayi-26-mart-nisan-2024","status":"publish","type":"product","link":"https:\/\/roveyayinevi.com.tr\/index.php\/urun\/sogut-turk-edebiyati-dergisi-sayi-26-mart-nisan-2024\/","title":{"rendered":"S\u00f6\u011f\u00fct &#8211; T\u00fcrk Edebiyat\u0131 Dergisi Say\u0131 26 \/ Mart &#8211; Nisan 2024"},"content":{"rendered":"<p>S\u00f6\u011f\u00fct, Ahmed Midhat Efendi dosyas\u0131yla 26. kez okuyucu kar\u015f\u0131s\u0131na \u00e7\u0131kt\u0131. Bu say\u0131n\u0131n dosya s\u00f6yle\u015fisini Bahtiyar Aslan, Faz\u0131l G\u00f6k\u00e7ek ile ger\u00e7ekle\u015ftirdi. Dosyaya katk\u0131 sa\u011flayan di\u011fer isimler ise Salim \u00c7ono\u011flu, H. Harika Durgun, Rana Senanur Do\u011fan, \u00d6zlem Nemutlu, \u0130lteri\u015f H. Kutlu, Tahsin Y\u0131ld\u0131r\u0131m ve Asuman Demir. Yaz\u0131larda Ahmed Midhat Efendi\u2019nin hik\u00e2ye ve romanlar\u0131n\u0131, Rodos s\u00fcrg\u00fcn\u00fcn\u00fc, k\u00fct\u00fcphanesini, T\u00fcrkl\u00fc\u011fe dair g\u00f6r\u00fc\u015flerini ve Jean Baptis\u2019te Lamark\u2019\u0131n etkisini okumak m\u00fcmk\u00fcn*Meddahl\u0131ktan \u00d6yk\u00fcye, Anlat\u0131dan Kurguya Hik\u00e2yemiz adl\u0131 tema b\u00f6l\u00fcm\u00fcnde ise \u0130lknur Tatar K\u0131r\u0131lm\u0131\u015f, Recep Y\u0131lmaz, U\u011fur K\u0131l\u0131n\u00e7, Ahmet Melih Karau\u011fuz ve Feyza Ay\u2019\u0131n yaz\u0131lar\u0131 yer al\u0131yor. Tema b\u00f6l\u00fcm\u00fc Merve Sevde Selvi\u2019nin Prof. Dr. Hasan Boynukara ile T\u00fcrk hik\u00e2yesine dair yapt\u0131\u011f\u0131 s\u00f6yle\u015fi ile ba\u015fl\u0131yor. Devam\u0131nda ise \u00f6yk\u00fc ve dil bilgisi, hik\u00e2yede \u201cses\u201d, T\u00fcrk edebiyat\u0131nda \u201cGotik\u201d hik\u00e2ye anlat\u0131c\u0131l\u0131\u011f\u0131, yeralt\u0131 edebiyat\u0131 ve T\u00fcrk halk anlat\u0131lar\u0131 gibi konular \u00fczerine yaz\u0131lardan olu\u015fuyor.*26. say\u0131da \u015fiirleri Ali G\u00fcnvar\u2019\u0131n W. Shakespeare \u00e7evirisi ile ba\u015flamakta. Ard\u0131ndan \u00d6zkan Kaya, Naz\u0131m Payam, Sevda Alt\u0131nkaya, Eren Ko\u00e7demir, Ay\u015fe Adem, Muhammet Durmu\u015f, Serdar Ayd\u0131n, Selim Faruk Tokg\u00f6z, \u00d6mer Berkay Ayla, Emrullah Selim K\u00f6seo\u011flu, Yakup Diker, S\u00fcreyya Altunkara, \u0130brahim Da\u015f, O\u011fuz Ert\u00fcrk, Necip Faz\u0131l K\u0131z\u0131lkaya, Murat \u00c7etin gibi isimlere rastlamak m\u00fcmk\u00fcn.*Mete Almal\u0131, Fatih Selvi, Ahsen Dalca Korkutan, Hikmet \u015eim\u015fek, Ubeydullah \u00d6z, G\u00fcnay Uysal, Dilek Altunda\u011f, \u0130smail Ulu\u00f6z, Elmas Tun\u00e7, Mehmet G\u00fcl, Fatih \u00c7eliksoy, G\u00fczel Zeynep Tun\u00e7ok gibi isimler g\u00fcn\u00fcm\u00fcz hik\u00e2yesinden birbirinden de\u011ferli \u00f6rnekler sunuyor. *Denemelerde Tahir G\u00fcnay, Nam\u0131k Kemal \u00fczerine bir yaz\u0131 kaleme al\u0131rken Or\u00e7un \u00dc\u00e7er Ele\u015ftiri G\u00fcnl\u00fc\u011f\u00fc serisine devam ediyor. Yine bu say\u0131da Cansu Sole, Halit Selim D\u00f6nmez, Sinan Terzi, Mustafa Sar\u0131 ve Ali Ertu\u011frul Kocat\u00fcrk\u2019\u00fcn denemelerini okumak m\u00fcmk\u00fcn.*\u0130nceleme b\u00f6l\u00fcm\u00fcnde O\u011fuzhan Al\u0131n Recep y\u0131lmaz\u2019\u0131n \u00c7er\u00e7ici kitab\u0131 \u00fczerine yaz\u0131 kaleme al\u0131rken \u0130brahim Ay, Y\u0131ld\u0131r\u0131m T\u00fcrk\u2019\u00fcn Ayr\u0131 D\u00fc\u015fm\u00fc\u015f Zamanlar\u2019\u0131, Fatih Selvi ise M\u00fclks\u00fczler ve Kalecinin Penalt\u0131 An\u0131ndaki Endi\u015fesi adl\u0131 kitaplar\u0131 ele almaktad\u0131r.*S\u00f6yle\u015fi b\u00f6l\u00fcm\u00fcnde ise Asuman Demir\u2019in Sinan Terzi ile Pencereden Ku\u015f U\u00e7tu kitab\u0131 \u00fczerine yapt\u0131\u011f\u0131 s\u00f6yle\u015fi yer almakta.Devam\u0131nda S\u00f6\u011f\u00fct edit\u00f6rlerinin yine Pencereden Ku\u015f U\u00e7tu kitab\u0131 \u00fczerine ald\u0131klar\u0131 notlarla 26. Say\u0131 sonlan\u0131yor. \u00d6t\u00fcken yurdunda S\u00f6\u011f\u00fct g\u00f6lgesinde iyi okumalar dileriz.<\/p>\n","protected":false},"excerpt":{"rendered":"<p>S\u00f6\u011f\u00fct, Ahmed Midhat Efendi dosyas\u0131yla 26. kez okuyucu kar\u015f\u0131s\u0131na \u00e7\u0131kt\u0131. Bu say\u0131n\u0131n dosya s\u00f6yle\u015fisini Bahtiyar Aslan, Faz\u0131l G\u00f6k\u00e7ek ile ger\u00e7ekle\u015ftirdi. Dosyaya katk\u0131 sa\u011flayan di\u011fer isimler ise<span class=\"excerpt-hellip\"> [\u2026]<\/span><\/p>\n","protected":false},"featured_media":0,"template":"","meta":{"_monsterinsights_skip_tracking":false,"_monsterinsights_sitenote_active":false,"_monsterinsights_sitenote_note":"","_monsterinsights_sitenote_category":0},"product_brand":[],"product_cat":[13527],"product_tag":[],"class_list":{"0":"post-760446","1":"product","2":"type-product","3":"status-publish","5":"product_cat-sureli-yayinlar","6":"pa_cilt-ciltsiz","7":"pa_tur-dergi","8":"pa_yayinevi-otuken-nesriyat","9":"pa_yazar-kolektif","11":"first","12":"instock","13":"sale","14":"shipping-taxable","15":"purchasable","16":"product-type-simple"},"_links":{"self":[{"href":"https:\/\/roveyayinevi.com.tr\/index.php\/wp-json\/wp\/v2\/product\/760446","targetHints":{"allow":["GET"]}}],"collection":[{"href":"https:\/\/roveyayinevi.com.tr\/index.php\/wp-json\/wp\/v2\/product"}],"about":[{"href":"https:\/\/roveyayinevi.com.tr\/index.php\/wp-json\/wp\/v2\/types\/product"}],"wp:attachment":[{"href":"https:\/\/roveyayinevi.com.tr\/index.php\/wp-json\/wp\/v2\/media?parent=760446"}],"wp:term":[{"taxonomy":"product_brand","embeddable":true,"href":"https:\/\/roveyayinevi.com.tr\/index.php\/wp-json\/wp\/v2\/product_brand?post=760446"},{"taxonomy":"product_cat","embeddable":true,"href":"https:\/\/roveyayinevi.com.tr\/index.php\/wp-json\/wp\/v2\/product_cat?post=760446"},{"taxonomy":"product_tag","embeddable":true,"href":"https:\/\/roveyayinevi.com.tr\/index.php\/wp-json\/wp\/v2\/product_tag?post=760446"}],"curies":[{"name":"wp","href":"https:\/\/api.w.org\/{rel}","templated":true}]}}