{"id":760444,"date":"2025-08-28T09:06:09","date_gmt":"2025-08-28T06:06:09","guid":{"rendered":"https:\/\/roveyayinevi.com.tr\/index.php\/urun\/isimsiz-ogullar-ve-tanri-kuslari\/"},"modified":"2026-04-16T03:13:25","modified_gmt":"2026-04-16T00:13:25","slug":"isimsiz-ogullar-ve-tanri-kuslari","status":"publish","type":"product","link":"https:\/\/roveyayinevi.com.tr\/index.php\/urun\/isimsiz-ogullar-ve-tanri-kuslari\/","title":{"rendered":"\u0130simsiz O\u011fullar ve Tanr\u0131 Ku\u015flar\u0131"},"content":{"rendered":"<p>\u015eimdi Sana Hangi Y\u00fcksek Sesle Ba\u011f\u0131ray\u0131m Ey Kalan G\u00fcnlerimEy Ne Kadar Kald\u0131\u011f\u0131n\u0131 Bilmedi\u011fim \u00c7ocuk \u00d6mr\u00fcm Bana S\u00f6yleBana S\u00f6yle Ben Nerede Yanl\u0131\u015f Yapt\u0131mHem Bozk\u0131ra Hem Denize \u00c2\u015f\u0131k Olmad\u0131m M\u0131Sevmedim Mi Kendimi Paralay\u0131pYanmad\u0131m M\u0131 A\u015fktanKavgaya \u0130\u015ftahla Girmedim MiTopra\u011fa Suya A\u011faca \u00c7i\u00e7eklere Sar\u0131lmad\u0131m M\u0131\u015eimdi Sen S\u00f6yle Hangi Anan\u0131n Memesinde Kald\u0131 Murad\u0131mbeni kim y\u0131kad\u0131 ki \u00e7\u0131kmad\u0131 avu\u00e7lar\u0131mdaki \u00e7amur&#8221;<\/p>\n","protected":false},"excerpt":{"rendered":"<p>\u015eimdi Sana Hangi Y\u00fcksek Sesle Ba\u011f\u0131ray\u0131m Ey Kalan G\u00fcnlerimEy Ne Kadar Kald\u0131\u011f\u0131n\u0131 Bilmedi\u011fim \u00c7ocuk \u00d6mr\u00fcm Bana S\u00f6yleBana S\u00f6yle Ben Nerede Yanl\u0131\u015f Yapt\u0131mHem Bozk\u0131ra Hem Denize \u00c2\u015f\u0131k<span class=\"excerpt-hellip\"> [\u2026]<\/span><\/p>\n","protected":false},"featured_media":0,"template":"","meta":{"_monsterinsights_skip_tracking":false,"_monsterinsights_sitenote_active":false,"_monsterinsights_sitenote_note":"","_monsterinsights_sitenote_category":0},"product_brand":[],"product_cat":[12291,12509],"product_tag":[],"class_list":{"0":"post-760444","1":"product","2":"type-product","3":"status-publish","5":"product_cat-edebiyat","6":"product_cat-siir","7":"pa_cilt-ciltsiz","8":"pa_tur-kitap","9":"pa_yayinevi-otuken-nesriyat","10":"pa_yazar-rasit-ulas","12":"first","13":"instock","14":"sale","15":"shipping-taxable","16":"purchasable","17":"product-type-simple"},"_links":{"self":[{"href":"https:\/\/roveyayinevi.com.tr\/index.php\/wp-json\/wp\/v2\/product\/760444","targetHints":{"allow":["GET"]}}],"collection":[{"href":"https:\/\/roveyayinevi.com.tr\/index.php\/wp-json\/wp\/v2\/product"}],"about":[{"href":"https:\/\/roveyayinevi.com.tr\/index.php\/wp-json\/wp\/v2\/types\/product"}],"wp:attachment":[{"href":"https:\/\/roveyayinevi.com.tr\/index.php\/wp-json\/wp\/v2\/media?parent=760444"}],"wp:term":[{"taxonomy":"product_brand","embeddable":true,"href":"https:\/\/roveyayinevi.com.tr\/index.php\/wp-json\/wp\/v2\/product_brand?post=760444"},{"taxonomy":"product_cat","embeddable":true,"href":"https:\/\/roveyayinevi.com.tr\/index.php\/wp-json\/wp\/v2\/product_cat?post=760444"},{"taxonomy":"product_tag","embeddable":true,"href":"https:\/\/roveyayinevi.com.tr\/index.php\/wp-json\/wp\/v2\/product_tag?post=760444"}],"curies":[{"name":"wp","href":"https:\/\/api.w.org\/{rel}","templated":true}]}}