{"id":760443,"date":"2025-08-28T09:06:08","date_gmt":"2025-08-28T06:06:08","guid":{"rendered":"https:\/\/roveyayinevi.com.tr\/index.php\/urun\/kader-kadar-0-kadar\/"},"modified":"2026-04-11T03:23:38","modified_gmt":"2026-04-11T00:23:38","slug":"kader-kadar-0-kadar","status":"publish","type":"product","link":"https:\/\/roveyayinevi.com.tr\/index.php\/urun\/kader-kadar-0-kadar\/","title":{"rendered":"Kader Kadar 0 Kadar"},"content":{"rendered":"<p>D\u00fc\u015f\u00fcncenin engin ufuklar\u0131nda, denizlerinde yap\u0131lan bir yolculuk\u2026 Zaman zaman maneviyat denizlerinde\u2026Zaman zaman insan\u0131n i\u00e7 d\u00fcnyas\u0131nda\u2026 Ama hep do\u011fru istikameti bulmak i\u00e7in. Bir bakm\u0131\u015fs\u0131n, sert dalgalar, f\u0131rt\u0131nalar\u2026 Bir bakm\u0131\u015fs\u0131n, \u00e7ok uzaklarda bir deniz feneri\u2026 Halid Emre Aslan, tefekk\u00fcr gemisinin kaptan\u0131 olmu\u015f. G\u00f6z\u00fc ufuklarda\u2026 Kendinden emin ve \u00fcmitli\u2026<\/p>\n","protected":false},"excerpt":{"rendered":"<p>D\u00fc\u015f\u00fcncenin engin ufuklar\u0131nda, denizlerinde yap\u0131lan bir yolculuk\u2026 Zaman zaman maneviyat denizlerinde\u2026Zaman zaman insan\u0131n i\u00e7 d\u00fcnyas\u0131nda\u2026 Ama hep do\u011fru istikameti bulmak i\u00e7in. Bir bakm\u0131\u015fs\u0131n, sert dalgalar, f\u0131rt\u0131nalar\u2026<span class=\"excerpt-hellip\"> [\u2026]<\/span><\/p>\n","protected":false},"featured_media":0,"template":"","meta":{"_monsterinsights_skip_tracking":false,"_monsterinsights_sitenote_active":false,"_monsterinsights_sitenote_note":"","_monsterinsights_sitenote_category":0},"product_brand":[],"product_cat":[12364,12376],"product_tag":[],"class_list":{"0":"post-760443","1":"product","2":"type-product","3":"status-publish","5":"product_cat-genel-konular","6":"product_cat-kisisel-gelisim","7":"pa_cilt-ciltsiz","8":"pa_tur-kitap","9":"pa_yayinevi-foliant-yayinlari","10":"pa_yazar-halid-emre-aslan","12":"first","13":"instock","14":"sale","15":"shipping-taxable","16":"purchasable","17":"product-type-simple"},"_links":{"self":[{"href":"https:\/\/roveyayinevi.com.tr\/index.php\/wp-json\/wp\/v2\/product\/760443","targetHints":{"allow":["GET"]}}],"collection":[{"href":"https:\/\/roveyayinevi.com.tr\/index.php\/wp-json\/wp\/v2\/product"}],"about":[{"href":"https:\/\/roveyayinevi.com.tr\/index.php\/wp-json\/wp\/v2\/types\/product"}],"wp:attachment":[{"href":"https:\/\/roveyayinevi.com.tr\/index.php\/wp-json\/wp\/v2\/media?parent=760443"}],"wp:term":[{"taxonomy":"product_brand","embeddable":true,"href":"https:\/\/roveyayinevi.com.tr\/index.php\/wp-json\/wp\/v2\/product_brand?post=760443"},{"taxonomy":"product_cat","embeddable":true,"href":"https:\/\/roveyayinevi.com.tr\/index.php\/wp-json\/wp\/v2\/product_cat?post=760443"},{"taxonomy":"product_tag","embeddable":true,"href":"https:\/\/roveyayinevi.com.tr\/index.php\/wp-json\/wp\/v2\/product_tag?post=760443"}],"curies":[{"name":"wp","href":"https:\/\/api.w.org\/{rel}","templated":true}]}}