{"id":760441,"date":"2025-08-28T09:06:05","date_gmt":"2025-08-28T06:06:05","guid":{"rendered":"https:\/\/roveyayinevi.com.tr\/index.php\/urun\/baldan-tatli-oykuler-1\/"},"modified":"2026-04-16T03:13:25","modified_gmt":"2026-04-16T00:13:25","slug":"baldan-tatli-oykuler-1","status":"publish","type":"product","link":"https:\/\/roveyayinevi.com.tr\/index.php\/urun\/baldan-tatli-oykuler-1\/","title":{"rendered":"Baldan Tatl\u0131 \u00d6yk\u00fcler -1"},"content":{"rendered":"<p>C\u00fcneyd Suavi, yar\u0131m as\u0131rdan bu yana herkes i\u00e7in yazd\u0131\u011f\u0131 s\u0131cac\u0131k \u00f6yk\u00fclerini, elinizde tuttu\u011funuz \u2018Baldan Tatl\u0131 \u00d6yk\u00fcler\u2019de bu sefer \u00e7ocuklar i\u00e7in yaz\u0131yor. Ve \u015fu d\u00fcnyaya \u00e7ocuklar\u0131n g\u00f6z\u00fcyle bak\u0131p, karde\u015fli\u011fi, payla\u015fmay\u0131, iyilik ve do\u011frulu\u011fu, duan\u0131n g\u00fcc\u00fcn\u00fc anlat\u0131yor onlara. Bize ait de\u011ferleri yine s\u0131cak bir \u00fcslupla pe\u015f pe\u015fe s\u0131ralay\u0131p, \u2018k\u00fc\u00e7\u00fckleri b\u00fcy\u00fcten\u2019 ger\u00e7ekleri g\u00f6steriyor. B\u00f6ylelikle \u00e7ocuklar\u0131n g\u00f6n\u00fcl d\u00fcnyalar\u0131na seslenirken, \u2018ger\u00e7ek insan\u2019 olman\u0131n form\u00fcllerini veriyor. B\u00fcy\u00fcklere gelince: Eminiz ki onlar da bu \u00f6yk\u00fcleri okuyunca, \u00e7ocukluk y\u0131llar\u0131ndaki bir\u00e7ok g\u00fczelli\u011fi tekrar ya\u015fayacaklar. Bazen bir cennet deresi yan\u0131nda piknik yap\u0131p, dedeleriyle birlikte tuttuklar\u0131 bal\u0131klar\u0131 pi\u015firecekler. Bazen de yak\u0131ndaki bir tepeye \u00e7\u0131k\u0131p, oradan bir sepet \u00e7ilek toplayacaklar. \u2018Baldan Tatl\u0131 \u00d6yk\u00fcler\u2019de \u015fimdi ancak r\u00fcyalarda g\u00f6r\u00fclecek manzaralar bulacaks\u0131n\u0131z.<\/p>\n","protected":false},"excerpt":{"rendered":"<p>C\u00fcneyd Suavi, yar\u0131m as\u0131rdan bu yana herkes i\u00e7in yazd\u0131\u011f\u0131 s\u0131cac\u0131k \u00f6yk\u00fclerini, elinizde tuttu\u011funuz \u2018Baldan Tatl\u0131 \u00d6yk\u00fcler\u2019de bu sefer \u00e7ocuklar i\u00e7in yaz\u0131yor. Ve \u015fu d\u00fcnyaya \u00e7ocuklar\u0131n g\u00f6z\u00fcyle<span class=\"excerpt-hellip\"> [\u2026]<\/span><\/p>\n","protected":false},"featured_media":0,"template":"","meta":{"_monsterinsights_skip_tracking":false,"_monsterinsights_sitenote_active":false,"_monsterinsights_sitenote_note":"","_monsterinsights_sitenote_category":0},"product_brand":[],"product_cat":[12274],"product_tag":[],"class_list":{"0":"post-760441","1":"product","2":"type-product","3":"status-publish","5":"product_cat-cocuk-ve-genclik-kitaplari","6":"pa_cilt-ciltsiz","7":"pa_tur-kitap","8":"pa_yayinevi-foliant-yayinlari","9":"pa_yazar-cuneyt-suavi","11":"first","12":"instock","13":"sale","14":"shipping-taxable","15":"purchasable","16":"product-type-simple"},"_links":{"self":[{"href":"https:\/\/roveyayinevi.com.tr\/index.php\/wp-json\/wp\/v2\/product\/760441","targetHints":{"allow":["GET"]}}],"collection":[{"href":"https:\/\/roveyayinevi.com.tr\/index.php\/wp-json\/wp\/v2\/product"}],"about":[{"href":"https:\/\/roveyayinevi.com.tr\/index.php\/wp-json\/wp\/v2\/types\/product"}],"wp:attachment":[{"href":"https:\/\/roveyayinevi.com.tr\/index.php\/wp-json\/wp\/v2\/media?parent=760441"}],"wp:term":[{"taxonomy":"product_brand","embeddable":true,"href":"https:\/\/roveyayinevi.com.tr\/index.php\/wp-json\/wp\/v2\/product_brand?post=760441"},{"taxonomy":"product_cat","embeddable":true,"href":"https:\/\/roveyayinevi.com.tr\/index.php\/wp-json\/wp\/v2\/product_cat?post=760441"},{"taxonomy":"product_tag","embeddable":true,"href":"https:\/\/roveyayinevi.com.tr\/index.php\/wp-json\/wp\/v2\/product_tag?post=760441"}],"curies":[{"name":"wp","href":"https:\/\/api.w.org\/{rel}","templated":true}]}}