{"id":760440,"date":"2025-08-28T09:06:03","date_gmt":"2025-08-28T06:06:03","guid":{"rendered":"https:\/\/roveyayinevi.com.tr\/index.php\/urun\/turna-kusu-misali\/"},"modified":"2026-04-16T03:13:25","modified_gmt":"2026-04-16T00:13:25","slug":"turna-kusu-misali","status":"publish","type":"product","link":"https:\/\/roveyayinevi.com.tr\/index.php\/urun\/turna-kusu-misali\/","title":{"rendered":"Turna Ku\u015fu Misali"},"content":{"rendered":"<p>\u201c\u2026G\u00f6ksun Ortaokulu\u2019ndan s\u0131n\u0131f arkada\u015f\u0131m Ali Kara\u00e7oban, benim ku\u015fa\u011f\u0131m\u0131n, Cumhuriyetimizin Kurucusu Mare\u015fal Mustafa Kemal Atat\u00fcrk\u2019\u00fcn \u201c\u0130stikbal g\u00f6klerdedir.\u201d hedefini bir \u201chayat tarz\u0131\u201d olarak benimseyen vefak\u00e2r bir temsilcisidir.             Mara\u015f Lisesi\u2019nden sonra onun hayat\u0131 \u0130stanbul\u2019da Hava Harp Okulu\u2019nda, \u0130zmir\u2019de Hava E\u011fitim Komutanl\u0131\u011f\u0131\u2019nda, Konya\u2019da, Diyarbak\u0131r\u2019da hava \u00fcslerinde, Ankara\u2019da Hava Kuvvetleri Kararg\u00e2h\u0131nda sava\u015f pilotu olarak ge\u00e7ti. B\u00fct\u00fcn ordu, emniyet, e\u011fitim, yarg\u0131 ve sa\u011fl\u0131k g\u00f6revlileri gibi o da sevgili ailesiyle y\u0131llarca \u015fehirden \u015fehre \u201cyar\u0131 g\u00f6\u00e7ebe\u201d bir hayat s\u00fcrd\u00fc.             Emekli kurmay subay olarak sivil havac\u0131l\u0131k sekt\u00f6r\u00fcnde pilotluk, y\u00f6neticilik ve \u00f6\u011fretmenlik yapt\u0131. Yurdun d\u00f6rt k\u00f6\u015fesinde kendisine verilen b\u00fct\u00fcn g\u00f6revleri ba\u015fard\u0131; g\u00fcn geldi \u015fehit arkada\u015flar\u0131n\u0131n ay y\u0131ld\u0131zl\u0131 bayra\u011fa sar\u0131lan tabutlar\u0131na selam durdu; ac\u0131lar\u0131n\u0131 y\u00fcre\u011finde tuttu, ailelerine dayanak oldu.            Elinizdeki kitap, Toroslar\u0131n Binbo\u011fa Da\u011flar\u0131\u2019n\u0131n mert ve dayan\u0131kl\u0131 \u00e7ocu\u011fu Ali Kara\u00e7oban\u2019\u0131n hayat\u0131 ve deneyimleri olmak yan\u0131nda T\u00fcrkmen ozan\u0131 Dadalo\u011flu gibi ya\u015fanan bir \u00f6mr\u00fcn kesi\u015fti\u011fi dostluklar\u0131n, ya\u015fanan \u015fehirlerin bir roman tad\u0131nda anlat\u0131m\u0131d\u0131r\u2026\u201d                                                                                                                                      Prof. Dr. Hikmet \u00d6zdemir <\/p>\n","protected":false},"excerpt":{"rendered":"<p>\u201c\u2026G\u00f6ksun Ortaokulu\u2019ndan s\u0131n\u0131f arkada\u015f\u0131m Ali Kara\u00e7oban, benim ku\u015fa\u011f\u0131m\u0131n, Cumhuriyetimizin Kurucusu Mare\u015fal Mustafa Kemal Atat\u00fcrk\u2019\u00fcn \u201c\u0130stikbal g\u00f6klerdedir.\u201d hedefini bir \u201chayat tarz\u0131\u201d olarak benimseyen vefak\u00e2r bir temsilcisidir. Mara\u015f<span class=\"excerpt-hellip\"> [\u2026]<\/span><\/p>\n","protected":false},"featured_media":0,"template":"","meta":{"_monsterinsights_skip_tracking":false,"_monsterinsights_sitenote_active":false,"_monsterinsights_sitenote_note":"","_monsterinsights_sitenote_category":0},"product_brand":[],"product_cat":[18545,12291],"product_tag":[],"class_list":{"0":"post-760440","1":"product","2":"type-product","3":"status-publish","5":"product_cat-anlati","6":"product_cat-edebiyat","7":"pa_cilt-ciltsiz","8":"pa_tur-kitap","9":"pa_yayinevi-galeati-yayincilik","10":"pa_yazar-ali-karacoban","12":"first","13":"instock","14":"sale","15":"shipping-taxable","16":"purchasable","17":"product-type-simple"},"_links":{"self":[{"href":"https:\/\/roveyayinevi.com.tr\/index.php\/wp-json\/wp\/v2\/product\/760440","targetHints":{"allow":["GET"]}}],"collection":[{"href":"https:\/\/roveyayinevi.com.tr\/index.php\/wp-json\/wp\/v2\/product"}],"about":[{"href":"https:\/\/roveyayinevi.com.tr\/index.php\/wp-json\/wp\/v2\/types\/product"}],"wp:attachment":[{"href":"https:\/\/roveyayinevi.com.tr\/index.php\/wp-json\/wp\/v2\/media?parent=760440"}],"wp:term":[{"taxonomy":"product_brand","embeddable":true,"href":"https:\/\/roveyayinevi.com.tr\/index.php\/wp-json\/wp\/v2\/product_brand?post=760440"},{"taxonomy":"product_cat","embeddable":true,"href":"https:\/\/roveyayinevi.com.tr\/index.php\/wp-json\/wp\/v2\/product_cat?post=760440"},{"taxonomy":"product_tag","embeddable":true,"href":"https:\/\/roveyayinevi.com.tr\/index.php\/wp-json\/wp\/v2\/product_tag?post=760440"}],"curies":[{"name":"wp","href":"https:\/\/api.w.org\/{rel}","templated":true}]}}