{"id":760439,"date":"2025-08-28T09:06:01","date_gmt":"2025-08-28T06:06:01","guid":{"rendered":"https:\/\/roveyayinevi.com.tr\/index.php\/urun\/mobukonun-aski-8\/"},"modified":"2026-04-16T03:13:25","modified_gmt":"2026-04-16T00:13:25","slug":"mobukonun-aski-8","status":"publish","type":"product","link":"https:\/\/roveyayinevi.com.tr\/index.php\/urun\/mobukonun-aski-8\/","title":{"rendered":"Mobuko\u2019nun A\u015fk\u0131 8"},"content":{"rendered":"<p>Sevgilimin evime ilk defa geldi\u011fi g\u00fcn.Sevgili olarak ge\u00e7irecekleri ilk Noel.Bu \u00f6zel g\u00fcn\u00fc Tanaka-san\u2019\u0131n evinde ge\u00e7irmeye karar veriyorlar.Nobuko, sevgilisini ilk defa evine davet ediyor.\u0130rie de heyecan\u0131n\u0131 yenerek ilk defa sevgilisinin evine gidiyor.\u201c\u0130kinci kez \u00f6p\u00fc\u015febilir miyiz?\u201d<\/p>\n","protected":false},"excerpt":{"rendered":"<p>Sevgilimin evime ilk defa geldi\u011fi g\u00fcn.Sevgili olarak ge\u00e7irecekleri ilk Noel.Bu \u00f6zel g\u00fcn\u00fc Tanaka-san\u2019\u0131n evinde ge\u00e7irmeye karar veriyorlar.Nobuko, sevgilisini ilk defa evine davet ediyor.\u0130rie de heyecan\u0131n\u0131 yenerek<span class=\"excerpt-hellip\"> [\u2026]<\/span><\/p>\n","protected":false},"featured_media":0,"template":"","meta":{"_monsterinsights_skip_tracking":false,"_monsterinsights_sitenote_active":false,"_monsterinsights_sitenote_note":"","_monsterinsights_sitenote_category":0},"product_brand":[],"product_cat":[12416,12291],"product_tag":[],"class_list":{"0":"post-760439","1":"product","2":"type-product","3":"status-publish","5":"product_cat-cizgi-roman","6":"product_cat-edebiyat","7":"pa_cilt-ciltsiz","8":"pa_tur-kitap","9":"pa_yayinevi-kayip-kita-yayinlari","10":"pa_yazar-akane-tamura","12":"first","13":"instock","14":"sale","15":"shipping-taxable","16":"purchasable","17":"product-type-simple"},"_links":{"self":[{"href":"https:\/\/roveyayinevi.com.tr\/index.php\/wp-json\/wp\/v2\/product\/760439","targetHints":{"allow":["GET"]}}],"collection":[{"href":"https:\/\/roveyayinevi.com.tr\/index.php\/wp-json\/wp\/v2\/product"}],"about":[{"href":"https:\/\/roveyayinevi.com.tr\/index.php\/wp-json\/wp\/v2\/types\/product"}],"wp:attachment":[{"href":"https:\/\/roveyayinevi.com.tr\/index.php\/wp-json\/wp\/v2\/media?parent=760439"}],"wp:term":[{"taxonomy":"product_brand","embeddable":true,"href":"https:\/\/roveyayinevi.com.tr\/index.php\/wp-json\/wp\/v2\/product_brand?post=760439"},{"taxonomy":"product_cat","embeddable":true,"href":"https:\/\/roveyayinevi.com.tr\/index.php\/wp-json\/wp\/v2\/product_cat?post=760439"},{"taxonomy":"product_tag","embeddable":true,"href":"https:\/\/roveyayinevi.com.tr\/index.php\/wp-json\/wp\/v2\/product_tag?post=760439"}],"curies":[{"name":"wp","href":"https:\/\/api.w.org\/{rel}","templated":true}]}}