{"id":760437,"date":"2025-08-28T09:05:57","date_gmt":"2025-08-28T06:05:57","guid":{"rendered":"https:\/\/roveyayinevi.com.tr\/index.php\/urun\/telepatya-uygarligi\/"},"modified":"2026-04-16T03:13:25","modified_gmt":"2026-04-16T00:13:25","slug":"telepatya-uygarligi","status":"publish","type":"product","link":"https:\/\/roveyayinevi.com.tr\/index.php\/urun\/telepatya-uygarligi\/","title":{"rendered":"Telepatya Uygarl\u0131\u011f\u0131"},"content":{"rendered":"<p>Ses: \u201c\u00c7ok iyi; \u015eimdi sana bir \u015fey daha g\u00f6sterece\u011fim.\u201d Ses bunlar\u0131 s\u00f6yledikten sonra Timu\u00e7in\u2019in g\u00f6zleri tekrar karard\u0131 ve kendini ba\u015fka bir yerde buldu.  \u015eimdi bir laboratuvar\u0131n i\u00e7inde g\u00f6r\u00fcn\u00fcyordu.  Laboratuvarda bir s\u00fcr\u00fc bilim insan\u0131 vard\u0131, hepsi de heyecanl\u0131 g\u00f6r\u00fcn\u00fcyordu.  Bir de ortada b\u00fcy\u00fck bir kaps\u00fcl vard\u0131 ve kaps\u00fcl\u00fcn i\u00e7inde bir \u00e7ocuk yat\u0131yordu. G\u00f6zlerine inanamad\u0131 bu \u00e7ocuk kendisiydi *** Zihnimdeki sesi duydu\u011fumda, g\u00f6zlerimi a\u00e7t\u0131m. Saat sabah\u0131n be\u015fiydi.  Yata\u011f\u0131mdan kalk\u0131p, pencereye y\u00fcr\u00fcd\u00fcm.  D\u0131\u015far\u0131da, fantastik evrenin \u0131\u015f\u0131lt\u0131l\u0131 manzaras\u0131 kar\u015f\u0131lad\u0131 beni.  Uzaklarda, devasa a\u011fa\u00e7lar\u0131n aras\u0131nda, kristal kuleler parl\u0131yordu.  Yak\u0131n\u0131mda, renkli ku\u015flar\u0131n, kelebeklerin ve ejderhalar\u0131n kanat \u00e7\u0131rp\u0131\u015flar\u0131 duyuluyordu. Hava, tatl\u0131 bir bahar kokusuyla doluydu. <\/p>\n","protected":false},"excerpt":{"rendered":"<p>Ses: \u201c\u00c7ok iyi; \u015eimdi sana bir \u015fey daha g\u00f6sterece\u011fim.\u201d Ses bunlar\u0131 s\u00f6yledikten sonra Timu\u00e7in\u2019in g\u00f6zleri tekrar karard\u0131 ve kendini ba\u015fka bir yerde buldu. \u015eimdi bir laboratuvar\u0131n<span class=\"excerpt-hellip\"> [\u2026]<\/span><\/p>\n","protected":false},"featured_media":0,"template":"","meta":{"_monsterinsights_skip_tracking":false,"_monsterinsights_sitenote_active":false,"_monsterinsights_sitenote_note":"","_monsterinsights_sitenote_category":0},"product_brand":[],"product_cat":[12291,14777],"product_tag":[],"class_list":{"0":"post-760437","1":"product","2":"type-product","3":"status-publish","5":"product_cat-edebiyat","6":"product_cat-fantastik","7":"pa_cilt-ciltsiz","8":"pa_tur-kitap","9":"pa_yayinevi-vaveyla-yayincilik","10":"pa_yazar-sadan-kose","12":"first","13":"instock","14":"sale","15":"shipping-taxable","16":"purchasable","17":"product-type-simple"},"_links":{"self":[{"href":"https:\/\/roveyayinevi.com.tr\/index.php\/wp-json\/wp\/v2\/product\/760437","targetHints":{"allow":["GET"]}}],"collection":[{"href":"https:\/\/roveyayinevi.com.tr\/index.php\/wp-json\/wp\/v2\/product"}],"about":[{"href":"https:\/\/roveyayinevi.com.tr\/index.php\/wp-json\/wp\/v2\/types\/product"}],"wp:attachment":[{"href":"https:\/\/roveyayinevi.com.tr\/index.php\/wp-json\/wp\/v2\/media?parent=760437"}],"wp:term":[{"taxonomy":"product_brand","embeddable":true,"href":"https:\/\/roveyayinevi.com.tr\/index.php\/wp-json\/wp\/v2\/product_brand?post=760437"},{"taxonomy":"product_cat","embeddable":true,"href":"https:\/\/roveyayinevi.com.tr\/index.php\/wp-json\/wp\/v2\/product_cat?post=760437"},{"taxonomy":"product_tag","embeddable":true,"href":"https:\/\/roveyayinevi.com.tr\/index.php\/wp-json\/wp\/v2\/product_tag?post=760437"}],"curies":[{"name":"wp","href":"https:\/\/api.w.org\/{rel}","templated":true}]}}