{"id":760434,"date":"2025-08-28T09:05:51","date_gmt":"2025-08-28T06:05:51","guid":{"rendered":"https:\/\/roveyayinevi.com.tr\/index.php\/urun\/yarin-eylul\/"},"modified":"2026-04-16T03:13:25","modified_gmt":"2026-04-16T00:13:25","slug":"yarin-eylul","status":"publish","type":"product","link":"https:\/\/roveyayinevi.com.tr\/index.php\/urun\/yarin-eylul\/","title":{"rendered":"Yar\u0131n Eyl\u00fcl"},"content":{"rendered":"<p>\u201c\u2026G\u00f6zlerin yery\u00fcz\u00fcn\u00fcn kalbi \u015fimdi, B\u00fct\u00fcn ku\u015flar g\u00f6zlerinde kanat \u00e7\u0131rpar Ve bir mele\u011fin kanad\u0131nda hayat bulur sevd\u00e2n Sevd\u00e2n ki bulutlara yaz\u0131l\u0131r, ya\u011fmur gibi d\u00fc\u015ft\u00fc\u011f\u00fcnde tenime \u00d6yle e\u015fsizsin ki&#8230; G\u00f6zlerin d\u00fcnyan\u0131n b\u00fct\u00fcn co\u011frafyalar\u0131 \u015fimdi, Bir \u0131rmak \u00e7a\u011f\u0131ldar y\u00fcre\u011fimin orta yerinde Ve g\u00f6zya\u015f\u0131mla bilenir mevsimler Kirpiklerinde as\u0131l\u0131 y\u0131ld\u0131zlar\u0131m ayd\u0131nlat\u0131r evreni \u00d6yle bir sevdas\u0131n ki&#8230;\u201d<\/p>\n","protected":false},"excerpt":{"rendered":"<p>\u201c\u2026G\u00f6zlerin yery\u00fcz\u00fcn\u00fcn kalbi \u015fimdi, B\u00fct\u00fcn ku\u015flar g\u00f6zlerinde kanat \u00e7\u0131rpar Ve bir mele\u011fin kanad\u0131nda hayat bulur sevd\u00e2n Sevd\u00e2n ki bulutlara yaz\u0131l\u0131r, ya\u011fmur gibi d\u00fc\u015ft\u00fc\u011f\u00fcnde tenime \u00d6yle e\u015fsizsin<span class=\"excerpt-hellip\"> [\u2026]<\/span><\/p>\n","protected":false},"featured_media":0,"template":"","meta":{"_monsterinsights_skip_tracking":false,"_monsterinsights_sitenote_active":false,"_monsterinsights_sitenote_note":"","_monsterinsights_sitenote_category":0},"product_brand":[],"product_cat":[12291,12509],"product_tag":[],"class_list":{"0":"post-760434","1":"product","2":"type-product","3":"status-publish","5":"product_cat-edebiyat","6":"product_cat-siir","7":"pa_cilt-ciltsiz","8":"pa_tur-kitap","9":"pa_yayinevi-kitap-muptelasi-yayinlari","10":"pa_yazar-melisa-cicek","12":"first","13":"instock","14":"sale","15":"shipping-taxable","16":"purchasable","17":"product-type-simple"},"_links":{"self":[{"href":"https:\/\/roveyayinevi.com.tr\/index.php\/wp-json\/wp\/v2\/product\/760434","targetHints":{"allow":["GET"]}}],"collection":[{"href":"https:\/\/roveyayinevi.com.tr\/index.php\/wp-json\/wp\/v2\/product"}],"about":[{"href":"https:\/\/roveyayinevi.com.tr\/index.php\/wp-json\/wp\/v2\/types\/product"}],"wp:attachment":[{"href":"https:\/\/roveyayinevi.com.tr\/index.php\/wp-json\/wp\/v2\/media?parent=760434"}],"wp:term":[{"taxonomy":"product_brand","embeddable":true,"href":"https:\/\/roveyayinevi.com.tr\/index.php\/wp-json\/wp\/v2\/product_brand?post=760434"},{"taxonomy":"product_cat","embeddable":true,"href":"https:\/\/roveyayinevi.com.tr\/index.php\/wp-json\/wp\/v2\/product_cat?post=760434"},{"taxonomy":"product_tag","embeddable":true,"href":"https:\/\/roveyayinevi.com.tr\/index.php\/wp-json\/wp\/v2\/product_tag?post=760434"}],"curies":[{"name":"wp","href":"https:\/\/api.w.org\/{rel}","templated":true}]}}