{"id":760432,"date":"2025-08-28T09:05:47","date_gmt":"2025-08-28T06:05:47","guid":{"rendered":"https:\/\/roveyayinevi.com.tr\/index.php\/urun\/harfiyat-kamyonlari\/"},"modified":"2026-04-16T03:13:25","modified_gmt":"2026-04-16T00:13:25","slug":"harfiyat-kamyonlari","status":"publish","type":"product","link":"https:\/\/roveyayinevi.com.tr\/index.php\/urun\/harfiyat-kamyonlari\/","title":{"rendered":"Harfiyat Kamyonlar\u0131"},"content":{"rendered":"<p>Biliyorum, saatler var daha sabaha, Geceler uzun \u00e7\u00fcnk\u00fc g\u00f6lgeler gaddar. Hi\u00e7bir \u015fey bana hayat\u0131mda Koymad\u0131 bu ya\u015fa girmek kadar. <\/p>\n","protected":false},"excerpt":{"rendered":"<p>Biliyorum, saatler var daha sabaha, Geceler uzun \u00e7\u00fcnk\u00fc g\u00f6lgeler gaddar. Hi\u00e7bir \u015fey bana hayat\u0131mda Koymad\u0131 bu ya\u015fa girmek kadar.<\/p>\n","protected":false},"featured_media":0,"template":"","meta":{"_monsterinsights_skip_tracking":false,"_monsterinsights_sitenote_active":false,"_monsterinsights_sitenote_note":"","_monsterinsights_sitenote_category":0},"product_brand":[],"product_cat":[12291,12509],"product_tag":[],"class_list":{"0":"post-760432","1":"product","2":"type-product","3":"status-publish","5":"product_cat-edebiyat","6":"product_cat-siir","7":"pa_cilt-ciltsiz","8":"pa_tur-kitap","9":"pa_yayinevi-yapi-kredi-yayinlari","10":"pa_yazar-roni-margulies","12":"first","13":"instock","14":"sale","15":"shipping-taxable","16":"purchasable","17":"product-type-simple"},"_links":{"self":[{"href":"https:\/\/roveyayinevi.com.tr\/index.php\/wp-json\/wp\/v2\/product\/760432","targetHints":{"allow":["GET"]}}],"collection":[{"href":"https:\/\/roveyayinevi.com.tr\/index.php\/wp-json\/wp\/v2\/product"}],"about":[{"href":"https:\/\/roveyayinevi.com.tr\/index.php\/wp-json\/wp\/v2\/types\/product"}],"wp:attachment":[{"href":"https:\/\/roveyayinevi.com.tr\/index.php\/wp-json\/wp\/v2\/media?parent=760432"}],"wp:term":[{"taxonomy":"product_brand","embeddable":true,"href":"https:\/\/roveyayinevi.com.tr\/index.php\/wp-json\/wp\/v2\/product_brand?post=760432"},{"taxonomy":"product_cat","embeddable":true,"href":"https:\/\/roveyayinevi.com.tr\/index.php\/wp-json\/wp\/v2\/product_cat?post=760432"},{"taxonomy":"product_tag","embeddable":true,"href":"https:\/\/roveyayinevi.com.tr\/index.php\/wp-json\/wp\/v2\/product_tag?post=760432"}],"curies":[{"name":"wp","href":"https:\/\/api.w.org\/{rel}","templated":true}]}}