{"id":760430,"date":"2025-08-28T09:05:44","date_gmt":"2025-08-28T06:05:44","guid":{"rendered":"https:\/\/roveyayinevi.com.tr\/index.php\/urun\/bedenin-sirlari-hayatimizi-degistirecek-yeni-bir-insan-biyolojisi\/"},"modified":"2026-04-16T03:13:25","modified_gmt":"2026-04-16T00:13:25","slug":"bedenin-sirlari-hayatimizi-degistirecek-yeni-bir-insan-biyolojisi","status":"publish","type":"product","link":"https:\/\/roveyayinevi.com.tr\/index.php\/urun\/bedenin-sirlari-hayatimizi-degistirecek-yeni-bir-insan-biyolojisi\/","title":{"rendered":"Bedenin S\u0131rlar\u0131 &#8211; Hayat\u0131m\u0131z\u0131 De\u011fi\u015ftirecek Yeni Bir \u0130nsan Biyolojisi"},"content":{"rendered":"<p>Bedenin S\u0131rlar\u0131 insan biyolojisinin son y\u0131llarda geli\u015fen teknoloji ve artan bilgi birikimi sayesinde \u00f6ne \u00e7\u0131kan ve b\u00fcy\u00fck tart\u0131\u015fmalar yaratan genetik d\u00fczenleme, mikrobiyom, beynin i\u015fleyi\u015fi gibi alanlar\u0131n\u0131, h\u00fccre d\u00fczeyinde bir araya getiriyor. Bu geli\u015fmeleri m\u00fcmk\u00fcn k\u0131lan bilim insanlar\u0131n\u0131n zaman zaman e\u011flenceli olabilen hik\u00e2yelerine de yer veren kitap bilimsel d\u00fc\u015f\u00fcncenin geli\u015fimine dair benzersiz bir okuma deneyimi sunuyor. \u201cYak\u0131n gelecekte hayatlar\u0131m\u0131z\u0131 en \u00e7ok kendi kendine giden arabalar veya robotlar de\u011fil, yeni insan biyolojisi etkileyecek\u201d diyen Davis\u2019in heyecan\u0131n\u0131 payla\u015f\u0131nca kendinize de ba\u015fkalar\u0131na da eskisi gibi bakamayacaks\u0131n\u0131z.   \u201cMedikal biyolojinin s\u0131n\u0131r b\u00f6lgelerine yap\u0131lan h\u0131zl\u0131 ve yo\u011fun bir tur. Ayn\u0131 zamanda da bilimin ilerleyi\u015finin s\u00fcr\u00fckleyici bir anlat\u0131m\u0131.\u201d Wall Street Journal   \u201c\u0130nsan biyolojisindeki hayret verici yeni ke\u015fiflerin harika bir aktar\u0131m\u0131. Bu ke\u015fifler bedenlerimizin nas\u0131l i\u015fledi\u011fi ve gelece\u011fin neler getirece\u011fine ili\u015fkin anlay\u0131\u015f\u0131m\u0131z\u0131 k\u00f6kten de\u011fi\u015ftiriyor.\u201d Brian Cox   \u201c\u0130nsan bedeni hakk\u0131nda bug\u00fcn bildiklerimiz, yaln\u0131zca y\u00fcz y\u0131l \u00f6nce ya\u015fam\u0131\u015f insanlara b\u00fcy\u00fc gibi gelirdi. Davis bizi, g\u00fcn\u00fcm\u00fcz kavray\u0131\u015f\u0131na nas\u0131l ula\u015ft\u0131\u011f\u0131m\u0131z\u0131 g\u00f6steren g\u00fczel bir yolculu\u011fa \u00e7\u0131kart\u0131yor; yol boyunca \u015fa\u015f\u0131rt\u0131c\u0131 ke\u015fif hik\u00e2yeleri insan hik\u00e2yeleriyle i\u00e7 i\u00e7e ge\u00e7iyor. Yer yer bir polisiye kadar s\u00fcr\u00fckleyici olan bu kitaptan biyoloji merakl\u0131lar\u0131n\u0131n \u00f6\u011frenece\u011fi \u00e7ok \u015fey var.\u201d Venki Ramakrishnan, Nobel kimya \u00f6d\u00fcl\u00fc sahibi ve Gen Makinesi\u2019nin yazar\u0131. <\/p>\n","protected":false},"excerpt":{"rendered":"<p>Bedenin S\u0131rlar\u0131 insan biyolojisinin son y\u0131llarda geli\u015fen teknoloji ve artan bilgi birikimi sayesinde \u00f6ne \u00e7\u0131kan ve b\u00fcy\u00fck tart\u0131\u015fmalar yaratan genetik d\u00fczenleme, mikrobiyom, beynin i\u015fleyi\u015fi gibi alanlar\u0131n\u0131,<span class=\"excerpt-hellip\"> [\u2026]<\/span><\/p>\n","protected":false},"featured_media":0,"template":"","meta":{"_monsterinsights_skip_tracking":false,"_monsterinsights_sitenote_active":false,"_monsterinsights_sitenote_note":"","_monsterinsights_sitenote_category":0},"product_brand":[],"product_cat":[13005,13006],"product_tag":[],"class_list":{"0":"post-760430","1":"product","2":"type-product","3":"status-publish","5":"product_cat-bilim-muhendislik","6":"product_cat-populer-bilim","7":"pa_cilt-ciltsiz","8":"pa_tur-kitap","9":"pa_yayinevi-yapi-kredi-yayinlari","10":"pa_yazar-daniel-m-davis","12":"first","13":"instock","14":"sale","15":"shipping-taxable","16":"purchasable","17":"product-type-simple"},"_links":{"self":[{"href":"https:\/\/roveyayinevi.com.tr\/index.php\/wp-json\/wp\/v2\/product\/760430","targetHints":{"allow":["GET"]}}],"collection":[{"href":"https:\/\/roveyayinevi.com.tr\/index.php\/wp-json\/wp\/v2\/product"}],"about":[{"href":"https:\/\/roveyayinevi.com.tr\/index.php\/wp-json\/wp\/v2\/types\/product"}],"wp:attachment":[{"href":"https:\/\/roveyayinevi.com.tr\/index.php\/wp-json\/wp\/v2\/media?parent=760430"}],"wp:term":[{"taxonomy":"product_brand","embeddable":true,"href":"https:\/\/roveyayinevi.com.tr\/index.php\/wp-json\/wp\/v2\/product_brand?post=760430"},{"taxonomy":"product_cat","embeddable":true,"href":"https:\/\/roveyayinevi.com.tr\/index.php\/wp-json\/wp\/v2\/product_cat?post=760430"},{"taxonomy":"product_tag","embeddable":true,"href":"https:\/\/roveyayinevi.com.tr\/index.php\/wp-json\/wp\/v2\/product_tag?post=760430"}],"curies":[{"name":"wp","href":"https:\/\/api.w.org\/{rel}","templated":true}]}}