{"id":760429,"date":"2025-08-28T09:05:13","date_gmt":"2025-08-28T06:05:13","guid":{"rendered":"https:\/\/roveyayinevi.com.tr\/index.php\/urun\/paylasmak\/"},"modified":"2026-04-16T03:13:25","modified_gmt":"2026-04-16T00:13:25","slug":"paylasmak","status":"publish","type":"product","link":"https:\/\/roveyayinevi.com.tr\/index.php\/urun\/paylasmak\/","title":{"rendered":"Payla\u015fmak"},"content":{"rendered":"<p>Yusuke Yonezu yarat\u0131c\u0131l\u0131\u011f\u0131n\u0131 kullanarak \u00f6nemli de\u011ferleri miniklerle payla\u015f\u0131yor. Hayata yeni ba\u015flayan \u00e7ocuklara payla\u015fmak kavram\u0131n\u0131 e\u011flenceli bir \u015fekilde anlat\u0131yor. <\/p>\n","protected":false},"excerpt":{"rendered":"<p>Yusuke Yonezu yarat\u0131c\u0131l\u0131\u011f\u0131n\u0131 kullanarak \u00f6nemli de\u011ferleri miniklerle payla\u015f\u0131yor. Hayata yeni ba\u015flayan \u00e7ocuklara payla\u015fmak kavram\u0131n\u0131 e\u011flenceli bir \u015fekilde anlat\u0131yor.<\/p>\n","protected":false},"featured_media":0,"template":"","meta":{"_monsterinsights_skip_tracking":false,"_monsterinsights_sitenote_active":false,"_monsterinsights_sitenote_note":"","_monsterinsights_sitenote_category":0},"product_brand":[],"product_cat":[12274,12518],"product_tag":[],"class_list":{"0":"post-760429","1":"product","2":"type-product","3":"status-publish","5":"product_cat-cocuk-ve-genclik-kitaplari","6":"product_cat-okul-oncesi-kitaplar","7":"pa_cilt-ciltsiz","8":"pa_tur-kitap","9":"pa_yayinevi-yapi-kredi-yayinlari","10":"pa_yazar-yusuke-yonezu","12":"first","13":"instock","14":"sale","15":"shipping-taxable","16":"purchasable","17":"product-type-simple"},"_links":{"self":[{"href":"https:\/\/roveyayinevi.com.tr\/index.php\/wp-json\/wp\/v2\/product\/760429","targetHints":{"allow":["GET"]}}],"collection":[{"href":"https:\/\/roveyayinevi.com.tr\/index.php\/wp-json\/wp\/v2\/product"}],"about":[{"href":"https:\/\/roveyayinevi.com.tr\/index.php\/wp-json\/wp\/v2\/types\/product"}],"wp:attachment":[{"href":"https:\/\/roveyayinevi.com.tr\/index.php\/wp-json\/wp\/v2\/media?parent=760429"}],"wp:term":[{"taxonomy":"product_brand","embeddable":true,"href":"https:\/\/roveyayinevi.com.tr\/index.php\/wp-json\/wp\/v2\/product_brand?post=760429"},{"taxonomy":"product_cat","embeddable":true,"href":"https:\/\/roveyayinevi.com.tr\/index.php\/wp-json\/wp\/v2\/product_cat?post=760429"},{"taxonomy":"product_tag","embeddable":true,"href":"https:\/\/roveyayinevi.com.tr\/index.php\/wp-json\/wp\/v2\/product_tag?post=760429"}],"curies":[{"name":"wp","href":"https:\/\/api.w.org\/{rel}","templated":true}]}}