{"id":760428,"date":"2025-08-28T09:05:12","date_gmt":"2025-08-28T06:05:12","guid":{"rendered":"https:\/\/roveyayinevi.com.tr\/index.php\/urun\/caliskan-doga-ilkbahar-ciltli\/"},"modified":"2025-08-30T16:11:03","modified_gmt":"2025-08-30T13:11:03","slug":"caliskan-doga-ilkbahar-ciltli","status":"publish","type":"product","link":"https:\/\/roveyayinevi.com.tr\/index.php\/urun\/caliskan-doga-ilkbahar-ciltli\/","title":{"rendered":"\u00c7al\u0131\u015fkan Do\u011fa \u2013 \u0130lkbahar (Ciltli)"},"content":{"rendered":"<p>\u0130lkbahar geliyor, havalar \u0131s\u0131n\u0131yor, karlar eriyor, do\u011fa yeniden uyan\u0131yor!   Merakl\u0131 okurlar\u0131n ilkbahar mevsimini, do\u011fay\u0131 payla\u015ft\u0131\u011f\u0131m\u0131z hayvanlar\u0131n temel \u00f6zelliklerini ve seslerini ke\u015ffedecekleri \u201c\u00c7al\u0131\u015fkan Do\u011fa \u2013 \u0130lkbahar\u201d 0-3 ya\u015f grubuna \u00f6zel olarak tasarland\u0131.   Anne babalar \u00e7ocuklar\u0131yla birlikte bu sesli kitab\u0131 incelerken sayfada yer alan d\u00fc\u011fmeye basarak do\u011fan\u0131n seslerini de ke\u015ffedebilirler. <\/p>\n","protected":false},"excerpt":{"rendered":"<p>\u0130lkbahar geliyor, havalar \u0131s\u0131n\u0131yor, karlar eriyor, do\u011fa yeniden uyan\u0131yor! Merakl\u0131 okurlar\u0131n ilkbahar mevsimini, do\u011fay\u0131 payla\u015ft\u0131\u011f\u0131m\u0131z hayvanlar\u0131n temel \u00f6zelliklerini ve seslerini ke\u015ffedecekleri \u201c\u00c7al\u0131\u015fkan Do\u011fa \u2013 \u0130lkbahar\u201d 0-3<span class=\"excerpt-hellip\"> [\u2026]<\/span><\/p>\n","protected":false},"featured_media":0,"template":"","meta":{"_monsterinsights_skip_tracking":false,"_monsterinsights_sitenote_active":false,"_monsterinsights_sitenote_note":"","_monsterinsights_sitenote_category":0},"product_brand":[],"product_cat":[12274,12284],"product_tag":[],"class_list":{"0":"post-760428","1":"product","2":"type-product","3":"status-publish","5":"product_cat-cocuk-ve-genclik-kitaplari","6":"product_cat-hikayeler","7":"pa_cilt-ciltli","8":"pa_tur-kitap","9":"pa_yayinevi-yapi-kredi-yayinlari","10":"pa_yazar-ss-alliance","12":"first","13":"instock","14":"sale","15":"shipping-taxable","16":"purchasable","17":"product-type-simple"},"_links":{"self":[{"href":"https:\/\/roveyayinevi.com.tr\/index.php\/wp-json\/wp\/v2\/product\/760428","targetHints":{"allow":["GET"]}}],"collection":[{"href":"https:\/\/roveyayinevi.com.tr\/index.php\/wp-json\/wp\/v2\/product"}],"about":[{"href":"https:\/\/roveyayinevi.com.tr\/index.php\/wp-json\/wp\/v2\/types\/product"}],"wp:attachment":[{"href":"https:\/\/roveyayinevi.com.tr\/index.php\/wp-json\/wp\/v2\/media?parent=760428"}],"wp:term":[{"taxonomy":"product_brand","embeddable":true,"href":"https:\/\/roveyayinevi.com.tr\/index.php\/wp-json\/wp\/v2\/product_brand?post=760428"},{"taxonomy":"product_cat","embeddable":true,"href":"https:\/\/roveyayinevi.com.tr\/index.php\/wp-json\/wp\/v2\/product_cat?post=760428"},{"taxonomy":"product_tag","embeddable":true,"href":"https:\/\/roveyayinevi.com.tr\/index.php\/wp-json\/wp\/v2\/product_tag?post=760428"}],"curies":[{"name":"wp","href":"https:\/\/api.w.org\/{rel}","templated":true}]}}