{"id":760427,"date":"2025-08-28T09:05:11","date_gmt":"2025-08-28T06:05:11","guid":{"rendered":"https:\/\/roveyayinevi.com.tr\/index.php\/urun\/yavas-seyahat\/"},"modified":"2026-04-16T03:13:25","modified_gmt":"2026-04-16T00:13:25","slug":"yavas-seyahat","status":"publish","type":"product","link":"https:\/\/roveyayinevi.com.tr\/index.php\/urun\/yavas-seyahat\/","title":{"rendered":"Yava\u015f Seyahat"},"content":{"rendered":"<p>\u201cBu kitap, umudunu ve merak\u0131n\u0131 kendisine kalkan yaparak \u015fartlar ne olursa olsun yoluna devam etme cesaretini g\u00f6stermi\u015f olan gezginler, dijital g\u00f6\u00e7ebeler ve i\u00e7inden ta\u015fan\u0131 ak\u0131tmak i\u00e7in kendine bir \u2018Paris\u2019 bulamayanlara yaz\u0131ld\u0131.\u201d   G\u00f6khan Kutluer, okuyucuyu bir u\u00e7a\u011f\u0131n k\u00fc\u00e7\u00fck penceresinden Alp Da\u011flar\u0131\u2019n\u0131 g\u00f6rmenin sevincine ortak ediyor, ellerinden tutup \u015fehirlerde gezdiriyor ve y\u00fcr\u00fcmenin ola\u011fan g\u00fczelli\u011fine e\u015flik eden ola\u011fan d\u0131\u015f\u0131 kar\u015f\u0131la\u015fmalara, kendili\u011finden kurulan ba\u011flara davet ediyor.   \u201cYava\u015f Seyahat\u201d, kentleri turist tela\u015f\u0131 ile gezmenin de\u011fil, d\u00fcnyay\u0131 eliyle koymu\u015f gibi bulmak isteyenlerin \u00f6yk\u00fcs\u00fc. Yaln\u0131z ama asla tek ba\u015f\u0131na y\u00fcr\u00fcmeyenlerin ser\u00fcveni.   Kitab\u0131 okumaya ba\u015flamadan \u00f6nce kendinize bir soru sorun: Tek bir yerde k\u00f6k salmak yerine her yerde \u00e7i\u00e7ek a\u00e7abilmek m\u00fcmk\u00fcn m\u00fc?   Ve G\u00f6khan Kutluer\u2019in verdi\u011fi \u201cEvet!\u201d cevab\u0131na inan\u0131n. &#8211; \u0130lkay Y\u0131ld\u0131z <\/p>\n","protected":false},"excerpt":{"rendered":"<p>\u201cBu kitap, umudunu ve merak\u0131n\u0131 kendisine kalkan yaparak \u015fartlar ne olursa olsun yoluna devam etme cesaretini g\u00f6stermi\u015f olan gezginler, dijital g\u00f6\u00e7ebeler ve i\u00e7inden ta\u015fan\u0131 ak\u0131tmak i\u00e7in<span class=\"excerpt-hellip\"> [\u2026]<\/span><\/p>\n","protected":false},"featured_media":0,"template":"","meta":{"_monsterinsights_skip_tracking":false,"_monsterinsights_sitenote_active":false,"_monsterinsights_sitenote_note":"","_monsterinsights_sitenote_category":0},"product_brand":[],"product_cat":[13054],"product_tag":[],"class_list":{"0":"post-760427","1":"product","2":"type-product","3":"status-publish","5":"product_cat-gezi-ve-rehber-kitaplari","6":"pa_cilt-ciltsiz","7":"pa_tur-kitap","8":"pa_yayinevi-yitik-ulke-yayinlari","9":"pa_yazar-gokhan-kutluer","11":"first","12":"instock","13":"sale","14":"shipping-taxable","15":"purchasable","16":"product-type-simple"},"_links":{"self":[{"href":"https:\/\/roveyayinevi.com.tr\/index.php\/wp-json\/wp\/v2\/product\/760427","targetHints":{"allow":["GET"]}}],"collection":[{"href":"https:\/\/roveyayinevi.com.tr\/index.php\/wp-json\/wp\/v2\/product"}],"about":[{"href":"https:\/\/roveyayinevi.com.tr\/index.php\/wp-json\/wp\/v2\/types\/product"}],"wp:attachment":[{"href":"https:\/\/roveyayinevi.com.tr\/index.php\/wp-json\/wp\/v2\/media?parent=760427"}],"wp:term":[{"taxonomy":"product_brand","embeddable":true,"href":"https:\/\/roveyayinevi.com.tr\/index.php\/wp-json\/wp\/v2\/product_brand?post=760427"},{"taxonomy":"product_cat","embeddable":true,"href":"https:\/\/roveyayinevi.com.tr\/index.php\/wp-json\/wp\/v2\/product_cat?post=760427"},{"taxonomy":"product_tag","embeddable":true,"href":"https:\/\/roveyayinevi.com.tr\/index.php\/wp-json\/wp\/v2\/product_tag?post=760427"}],"curies":[{"name":"wp","href":"https:\/\/api.w.org\/{rel}","templated":true}]}}