{"id":760425,"date":"2025-08-28T09:05:08","date_gmt":"2025-08-28T06:05:08","guid":{"rendered":"https:\/\/roveyayinevi.com.tr\/index.php\/urun\/dunyanin-duzlesmesi\/"},"modified":"2026-04-16T03:13:10","modified_gmt":"2026-04-16T00:13:10","slug":"dunyanin-duzlesmesi","status":"publish","type":"product","link":"https:\/\/roveyayinevi.com.tr\/index.php\/urun\/dunyanin-duzlesmesi\/","title":{"rendered":"D\u00fcnyan\u0131n D\u00fczle\u015fmesi"},"content":{"rendered":"<p>Psikolojik destek almak i\u00e7in u\u00e7a\u011fa tavusku\u015funuzla ya da tasmal\u0131 bir timsahla binmeyi d\u00fc\u015f\u00fcn\u00fcr m\u00fcyd\u00fcn\u00fcz? Yirmi-otuz y\u0131l \u00f6nce akl\u0131m\u0131zdan bile ge\u00e7meyecek bu t\u00fcr davran\u0131\u015flar bug\u00fcn ya\u015fanmakla kalm\u0131yor, bunlara ili\u015fkin d\u00fczenleme ve a\u00e7\u0131klamalar\u0131n yap\u0131lmas\u0131 zorunlu hale geliyor. Peki neden? Olivier Roy bu soruya yan\u0131t ararken, davran\u0131\u015flar\u0131n z\u0131mni kabullerle belirlenmesi anlam\u0131na gelen k\u00fclt\u00fcr\u00fcn a\u015f\u0131lmas\u0131 ihtiyac\u0131na i\u015faret ediyor. D\u00fcnyan\u0131n pek \u00e7ok yerinde geleneksel anlam\u0131yla k\u00fclt\u00fcr a\u015f\u0131n\u0131r; edebiyat\u0131, sanat\u0131, d\u00fc\u015f\u00fcnceyi kapsayan \u201cy\u00fcksek k\u00fclt\u00fcr\u201d de de\u011ferini kaybederken, k\u00fclt\u00fcr kelimesinin kullan\u0131m alan\u0131 geni\u015fliyor ve \u201ciptal k\u00fclt\u00fcr\u00fc\u201d gibi ifadelere rastl\u0131yoruz. Giderek daha \u00e7ok davran\u0131\u015f apa\u00e7\u0131k ifade edilen normlarla d\u00fczenlenmeye \u00e7al\u0131\u015f\u0131l\u0131yor; gen\u00e7 ku\u015faklar woke denen, \u201cduyarl\u0131l\u0131k yanl\u0131s\u0131\u201d bir tav\u0131rla yeni do\u011frular\u0131 ve yanl\u0131\u015flar\u0131 g\u00fcndeme getirmeye ve belirlemeye y\u00f6neliyor. Yazara g\u00f6re e\u015fzamanl\u0131 say\u0131labilecek d\u00f6rt hareketin bir sonucu bu da: 68\u2019le birlikte ba\u015flam\u0131\u015f k\u00fclt\u00fcr ele\u015ftirisi, internet teknolojisinin d\u00fcnyan\u0131n b\u00fcy\u00fck k\u0131sm\u0131n\u0131 birbiriyle ileti\u015fime sokmu\u015f olmas\u0131, neoliberalizmle birlikte her t\u00fcrl\u00fc ili\u015fkinin metala\u015fmas\u0131 ve \u00fcr\u00fcnlerin, ili\u015fkilerin yurtsuzla\u015fmas\u0131, bu arada kitleselle\u015fen g\u00f6\u00e7ler. K\u00fclt\u00fcr\u00fcn krizi ayn\u0131 zamanda insan\u0131n do\u011fa i\u00e7indeki ve gezegen \u00fczerindeki yeriyle ilgili bir kriz. D\u00fcnyan\u0131n D\u00fczle\u015fmesi, ya\u015fad\u0131\u011f\u0131m\u0131z d\u00f6nemi ve i\u00e7inden ge\u00e7ti\u011fimiz d\u00f6n\u00fc\u015f\u00fcm\u00fc anlamak ve yorumlamak isteyenlere kapsaml\u0131 bir \u00e7er\u00e7eve sunuyor. <\/p>\n","protected":false},"excerpt":{"rendered":"<p>Psikolojik destek almak i\u00e7in u\u00e7a\u011fa tavusku\u015funuzla ya da tasmal\u0131 bir timsahla binmeyi d\u00fc\u015f\u00fcn\u00fcr m\u00fcyd\u00fcn\u00fcz? Yirmi-otuz y\u0131l \u00f6nce akl\u0131m\u0131zdan bile ge\u00e7meyecek bu t\u00fcr davran\u0131\u015flar bug\u00fcn ya\u015fanmakla kalm\u0131yor,<span class=\"excerpt-hellip\"> [\u2026]<\/span><\/p>\n","protected":false},"featured_media":0,"template":"","meta":{"_monsterinsights_skip_tracking":false,"_monsterinsights_sitenote_active":false,"_monsterinsights_sitenote_note":"","_monsterinsights_sitenote_category":0},"product_brand":[],"product_cat":[12324],"product_tag":[],"class_list":{"0":"post-760425","1":"product","2":"type-product","3":"status-publish","5":"product_cat-sosyoloji","6":"pa_cilt-ciltsiz","7":"pa_tur-kitap","8":"pa_yayinevi-metis-yayinlari","9":"pa_yazar-olivier-roy","11":"first","12":"instock","13":"sale","14":"shipping-taxable","15":"purchasable","16":"product-type-simple"},"_links":{"self":[{"href":"https:\/\/roveyayinevi.com.tr\/index.php\/wp-json\/wp\/v2\/product\/760425","targetHints":{"allow":["GET"]}}],"collection":[{"href":"https:\/\/roveyayinevi.com.tr\/index.php\/wp-json\/wp\/v2\/product"}],"about":[{"href":"https:\/\/roveyayinevi.com.tr\/index.php\/wp-json\/wp\/v2\/types\/product"}],"wp:attachment":[{"href":"https:\/\/roveyayinevi.com.tr\/index.php\/wp-json\/wp\/v2\/media?parent=760425"}],"wp:term":[{"taxonomy":"product_brand","embeddable":true,"href":"https:\/\/roveyayinevi.com.tr\/index.php\/wp-json\/wp\/v2\/product_brand?post=760425"},{"taxonomy":"product_cat","embeddable":true,"href":"https:\/\/roveyayinevi.com.tr\/index.php\/wp-json\/wp\/v2\/product_cat?post=760425"},{"taxonomy":"product_tag","embeddable":true,"href":"https:\/\/roveyayinevi.com.tr\/index.php\/wp-json\/wp\/v2\/product_tag?post=760425"}],"curies":[{"name":"wp","href":"https:\/\/api.w.org\/{rel}","templated":true}]}}